{"id":2402,"date":"2016-12-14T12:13:34","date_gmt":"2016-12-14T14:13:34","guid":{"rendered":"http:\/\/totallubri.com.br\/wp\/?post_type=product&#038;p=2402"},"modified":"2025-05-09T15:00:35","modified_gmt":"2025-05-09T18:00:35","slug":"registro-galvanizado-1125-lupus","status":"publish","type":"product","link":"https:\/\/totallubri.com.br\/?product=registro-galvanizado-1125-lupus","title":{"rendered":"Registro Galvanizado \u2013 1125 \u2013 Lupus"},"content":{"rendered":"<p>C\u00f3d.: 1125<br \/>\nProduto: Registro Galvanizado<br \/>\nDescri\u00e7\u00e3o:<br \/>\nEm lat\u00e3o.<\/p>\n<p>Rosca macho 1\/2&#8243; NPT<br \/>\nRosca f\u00eamea 1\/2&#8243; NPT<\/p>\n<p>Peso 0,05g<br \/>\nMedidas (A) 70 mm x (L) 60 mm<\/p>\n<table width=\"645\">\n<tbody>\n<tr>\n<td width=\"114\">1123<\/td>\n<td width=\"531\">Registro Em Latao &#8211; Rosca F. 1-4Pol X Rosca M.1-4Pol<\/td>\n<\/tr>\n<tr>\n<td width=\"114\">1124<\/td>\n<td width=\"531\">Registro Em Latao &#8211; Rosca F.3-8Pol X Rosca M.3-8Pol<\/td>\n<\/tr>\n<tr>\n<td width=\"114\">1125<\/td>\n<td width=\"531\">Registro Em Latao &#8211; Rosca F.1-2Pol X Rosca M.1-2Pol<\/td>\n<\/tr>\n<\/tbody>\n<\/table>\n","protected":false},"excerpt":{"rendered":"<p>C\u00f3d.: 1125 Produto: Registro Galvanizado Descri\u00e7\u00e3o: Em lat\u00e3o. Rosca macho 1\/2&#8243; NPT Rosca f\u00eamea 1\/2&#8243; NPT Peso 0,05g Medidas (A) 70 mm x (L) 60 mm 1123 Registro Em Latao &#8211; Rosca F. 1-4Pol X Rosca M.1-4Pol 1124 Registro Em Latao &#8211; Rosca F.3-8Pol X Rosca M.3-8Pol 1125 Registro Em Latao &#8211; Rosca F.1-2Pol X [&hellip;]<\/p>\n","protected":false},"featured_media":2404,"comment_status":"open","ping_status":"closed","template":"","meta":{"_exactmetrics_skip_tracking":false,"_exactmetrics_sitenote_active":false,"_exactmetrics_sitenote_note":"","_exactmetrics_sitenote_category":0},"product_brand":[],"product_cat":[131],"product_tag":[],"class_list":{"0":"post-2402","1":"product","2":"type-product","3":"status-publish","4":"has-post-thumbnail","6":"product_cat-equipamentos-e-acessorios-para-pneumaticos","8":"first","9":"instock","10":"shipping-taxable","11":"product-type-simple"},"_links":{"self":[{"href":"https:\/\/totallubri.com.br\/index.php?rest_route=\/wp\/v2\/product\/2402","targetHints":{"allow":["GET"]}}],"collection":[{"href":"https:\/\/totallubri.com.br\/index.php?rest_route=\/wp\/v2\/product"}],"about":[{"href":"https:\/\/totallubri.com.br\/index.php?rest_route=\/wp\/v2\/types\/product"}],"replies":[{"embeddable":true,"href":"https:\/\/totallubri.com.br\/index.php?rest_route=%2Fwp%2Fv2%2Fcomments&post=2402"}],"wp:featuredmedia":[{"embeddable":true,"href":"https:\/\/totallubri.com.br\/index.php?rest_route=\/wp\/v2\/media\/2404"}],"wp:attachment":[{"href":"https:\/\/totallubri.com.br\/index.php?rest_route=%2Fwp%2Fv2%2Fmedia&parent=2402"}],"wp:term":[{"taxonomy":"product_brand","embeddable":true,"href":"https:\/\/totallubri.com.br\/index.php?rest_route=%2Fwp%2Fv2%2Fproduct_brand&post=2402"},{"taxonomy":"product_cat","embeddable":true,"href":"https:\/\/totallubri.com.br\/index.php?rest_route=%2Fwp%2Fv2%2Fproduct_cat&post=2402"},{"taxonomy":"product_tag","embeddable":true,"href":"https:\/\/totallubri.com.br\/index.php?rest_route=%2Fwp%2Fv2%2Fproduct_tag&post=2402"}],"curies":[{"name":"wp","href":"https:\/\/api.w.org\/{rel}","templated":true}]}}