{"id":2410,"date":"2016-12-14T12:19:32","date_gmt":"2016-12-14T14:19:32","guid":{"rendered":"http:\/\/totallubri.com.br\/wp\/?post_type=product&#038;p=2410"},"modified":"2024-11-27T11:16:24","modified_gmt":"2024-11-27T14:16:24","slug":"emenda-para-mangueira-1998-lupus","status":"publish","type":"product","link":"https:\/\/totallubri.com.br\/?product=emenda-para-mangueira-1998-lupus","title":{"rendered":"Emenda para Mangueira &#8211; 1998 &#8211; Lupus"},"content":{"rendered":"<p>Emenda utilizado para mangueiras.<\/p>\n<p>Descri\u00e7\u00e3o:Emenda para Mangueira<br \/>\nEm a\u00e7o galvanizado.<br \/>\nEscama 1\/2&#8243; x 1\/2&#8243;<br \/>\nEmbalagem 10 unidades<br \/>\nPeso 140 g<br \/>\nMedidas (A) 25 mm x (L) 100 mm<\/p>\n","protected":false},"excerpt":{"rendered":"<p>Emenda utilizado para mangueiras. Descri\u00e7\u00e3o:Emenda para Mangueira Em a\u00e7o galvanizado. Escama 1\/2&#8243; x 1\/2&#8243; Embalagem 10 unidades Peso 140 g Medidas (A) 25 mm x (L) 100 mm<\/p>\n","protected":false},"featured_media":2411,"comment_status":"open","ping_status":"closed","template":"","meta":{"_exactmetrics_skip_tracking":false,"_exactmetrics_sitenote_active":false,"_exactmetrics_sitenote_note":"","_exactmetrics_sitenote_category":0},"product_brand":[],"product_cat":[97],"product_tag":[],"class_list":{"0":"post-2410","1":"product","2":"type-product","3":"status-publish","4":"has-post-thumbnail","6":"product_cat-mangueiras-terminais-e-acessorios-para-mangueiras","8":"first","9":"instock","10":"shipping-taxable","11":"product-type-simple"},"_links":{"self":[{"href":"https:\/\/totallubri.com.br\/index.php?rest_route=\/wp\/v2\/product\/2410","targetHints":{"allow":["GET"]}}],"collection":[{"href":"https:\/\/totallubri.com.br\/index.php?rest_route=\/wp\/v2\/product"}],"about":[{"href":"https:\/\/totallubri.com.br\/index.php?rest_route=\/wp\/v2\/types\/product"}],"replies":[{"embeddable":true,"href":"https:\/\/totallubri.com.br\/index.php?rest_route=%2Fwp%2Fv2%2Fcomments&post=2410"}],"wp:featuredmedia":[{"embeddable":true,"href":"https:\/\/totallubri.com.br\/index.php?rest_route=\/wp\/v2\/media\/2411"}],"wp:attachment":[{"href":"https:\/\/totallubri.com.br\/index.php?rest_route=%2Fwp%2Fv2%2Fmedia&parent=2410"}],"wp:term":[{"taxonomy":"product_brand","embeddable":true,"href":"https:\/\/totallubri.com.br\/index.php?rest_route=%2Fwp%2Fv2%2Fproduct_brand&post=2410"},{"taxonomy":"product_cat","embeddable":true,"href":"https:\/\/totallubri.com.br\/index.php?rest_route=%2Fwp%2Fv2%2Fproduct_cat&post=2410"},{"taxonomy":"product_tag","embeddable":true,"href":"https:\/\/totallubri.com.br\/index.php?rest_route=%2Fwp%2Fv2%2Fproduct_tag&post=2410"}],"curies":[{"name":"wp","href":"https:\/\/api.w.org\/{rel}","templated":true}]}}