{"id":2420,"date":"2016-12-14T12:22:48","date_gmt":"2016-12-14T14:22:48","guid":{"rendered":"http:\/\/totallubri.com.br\/wp\/?post_type=product&#038;p=2420"},"modified":"2024-12-29T13:22:11","modified_gmt":"2024-12-29T16:22:11","slug":"esguicho-direto-1975-lupus","status":"publish","type":"product","link":"https:\/\/totallubri.com.br\/?product=esguicho-direto-1975-lupus","title":{"rendered":"Esguicho Direto &#8211; 1975 &#8211; Lupus"},"content":{"rendered":"<p>Produto usado em mangueiras para controlar o fluxo de sa\u00edda da \u00e1gua.<\/p>\n<p>Descri\u00e7\u00e3o:Esguicho Direto<br \/>\nEm lat\u00e3o, com luva.<br \/>\nRosca 1\/2&#8243; NPT<br \/>\nPeso 259 g<br \/>\nMedidas (A) 82 mm x (L) 25 mm<\/p>\n","protected":false},"excerpt":{"rendered":"<p>Produto usado em mangueiras para controlar o fluxo de sa\u00edda da \u00e1gua. Descri\u00e7\u00e3o:Esguicho Direto Em lat\u00e3o, com luva. Rosca 1\/2&#8243; NPT Peso 259 g Medidas (A) 82 mm x (L) 25 mm<\/p>\n","protected":false},"featured_media":2423,"comment_status":"open","ping_status":"closed","template":"","meta":{"_exactmetrics_skip_tracking":false,"_exactmetrics_sitenote_active":false,"_exactmetrics_sitenote_note":"","_exactmetrics_sitenote_category":0},"product_brand":[],"product_cat":[130,97],"product_tag":[],"class_list":{"0":"post-2420","1":"product","2":"type-product","3":"status-publish","4":"has-post-thumbnail","6":"product_cat-itens-para-manutencao-em-geral","7":"product_cat-mangueiras-terminais-e-acessorios-para-mangueiras","9":"first","10":"instock","11":"shipping-taxable","12":"product-type-simple"},"_links":{"self":[{"href":"https:\/\/totallubri.com.br\/index.php?rest_route=\/wp\/v2\/product\/2420","targetHints":{"allow":["GET"]}}],"collection":[{"href":"https:\/\/totallubri.com.br\/index.php?rest_route=\/wp\/v2\/product"}],"about":[{"href":"https:\/\/totallubri.com.br\/index.php?rest_route=\/wp\/v2\/types\/product"}],"replies":[{"embeddable":true,"href":"https:\/\/totallubri.com.br\/index.php?rest_route=%2Fwp%2Fv2%2Fcomments&post=2420"}],"wp:featuredmedia":[{"embeddable":true,"href":"https:\/\/totallubri.com.br\/index.php?rest_route=\/wp\/v2\/media\/2423"}],"wp:attachment":[{"href":"https:\/\/totallubri.com.br\/index.php?rest_route=%2Fwp%2Fv2%2Fmedia&parent=2420"}],"wp:term":[{"taxonomy":"product_brand","embeddable":true,"href":"https:\/\/totallubri.com.br\/index.php?rest_route=%2Fwp%2Fv2%2Fproduct_brand&post=2420"},{"taxonomy":"product_cat","embeddable":true,"href":"https:\/\/totallubri.com.br\/index.php?rest_route=%2Fwp%2Fv2%2Fproduct_cat&post=2420"},{"taxonomy":"product_tag","embeddable":true,"href":"https:\/\/totallubri.com.br\/index.php?rest_route=%2Fwp%2Fv2%2Fproduct_tag&post=2420"}],"curies":[{"name":"wp","href":"https:\/\/api.w.org\/{rel}","templated":true}]}}