{"id":2425,"date":"2016-12-14T12:23:36","date_gmt":"2016-12-14T14:23:36","guid":{"rendered":"http:\/\/totallubri.com.br\/wp\/?post_type=product&#038;p=2425"},"modified":"2024-12-29T13:18:36","modified_gmt":"2024-12-29T16:18:36","slug":"esguicho-direto-1991-lupus","status":"publish","type":"product","link":"https:\/\/totallubri.com.br\/?product=esguicho-direto-1991-lupus","title":{"rendered":"Esguicho Direto &#8211; 1991 &#8211; Lupus"},"content":{"rendered":"<p>Acess\u00f3rio utilizado para controle da dire\u00e7\u00e3o do fluxo de \u00e1gua.<\/p>\n<p>Descri\u00e7\u00e3o:Esguicho Direto<br \/>\nEm a\u00e7o galvanizado, com espig\u00e3o com canal.<br \/>\nRosca 1\/2&#8243; NPT<br \/>\nPeso 99 g<br \/>\nMedidas (A) 64 mm x (L) 23 mm<\/p>\n","protected":false},"excerpt":{"rendered":"<p>Acess\u00f3rio utilizado para controle da dire\u00e7\u00e3o do fluxo de \u00e1gua. Descri\u00e7\u00e3o:Esguicho Direto Em a\u00e7o galvanizado, com espig\u00e3o com canal. Rosca 1\/2&#8243; NPT Peso 99 g Medidas (A) 64 mm x (L) 23 mm<\/p>\n","protected":false},"featured_media":2427,"comment_status":"open","ping_status":"closed","template":"","meta":{"_exactmetrics_skip_tracking":false,"_exactmetrics_sitenote_active":false,"_exactmetrics_sitenote_note":"","_exactmetrics_sitenote_category":0},"product_brand":[],"product_cat":[130,97],"product_tag":[],"class_list":{"0":"post-2425","1":"product","2":"type-product","3":"status-publish","4":"has-post-thumbnail","6":"product_cat-itens-para-manutencao-em-geral","7":"product_cat-mangueiras-terminais-e-acessorios-para-mangueiras","9":"first","10":"instock","11":"shipping-taxable","12":"product-type-simple"},"_links":{"self":[{"href":"https:\/\/totallubri.com.br\/index.php?rest_route=\/wp\/v2\/product\/2425","targetHints":{"allow":["GET"]}}],"collection":[{"href":"https:\/\/totallubri.com.br\/index.php?rest_route=\/wp\/v2\/product"}],"about":[{"href":"https:\/\/totallubri.com.br\/index.php?rest_route=\/wp\/v2\/types\/product"}],"replies":[{"embeddable":true,"href":"https:\/\/totallubri.com.br\/index.php?rest_route=%2Fwp%2Fv2%2Fcomments&post=2425"}],"wp:featuredmedia":[{"embeddable":true,"href":"https:\/\/totallubri.com.br\/index.php?rest_route=\/wp\/v2\/media\/2427"}],"wp:attachment":[{"href":"https:\/\/totallubri.com.br\/index.php?rest_route=%2Fwp%2Fv2%2Fmedia&parent=2425"}],"wp:term":[{"taxonomy":"product_brand","embeddable":true,"href":"https:\/\/totallubri.com.br\/index.php?rest_route=%2Fwp%2Fv2%2Fproduct_brand&post=2425"},{"taxonomy":"product_cat","embeddable":true,"href":"https:\/\/totallubri.com.br\/index.php?rest_route=%2Fwp%2Fv2%2Fproduct_cat&post=2425"},{"taxonomy":"product_tag","embeddable":true,"href":"https:\/\/totallubri.com.br\/index.php?rest_route=%2Fwp%2Fv2%2Fproduct_tag&post=2425"}],"curies":[{"name":"wp","href":"https:\/\/api.w.org\/{rel}","templated":true}]}}