{"id":2426,"date":"2016-12-14T12:24:10","date_gmt":"2016-12-14T14:24:10","guid":{"rendered":"http:\/\/totallubri.com.br\/wp\/?post_type=product&#038;p=2426"},"modified":"2025-05-09T15:09:53","modified_gmt":"2025-05-09T18:09:53","slug":"registro-sextavado-para-ar-comprimido-1122-lupus","status":"publish","type":"product","link":"https:\/\/totallubri.com.br\/?product=registro-sextavado-para-ar-comprimido-1122-lupus","title":{"rendered":"Registro Sextavado para ar comprimido \u2013 1122 \u2013 Lupus"},"content":{"rendered":"<p>\u00c9 um registro destinado a regular a vaz\u00e3o do ar comprimido ou interrompe-la<\/p>\n<p>Descri\u00e7\u00e3o:Registro Sextavado<br \/>\nEm alum\u00ednio.<\/p>\n<p>Rosca macho 1\/2&#8242; NPT<br \/>\nRosca f\u00eamea 1\/2&#8242; NPT<\/p>\n<p>Peso 0,05 g<br \/>\nMedidas (A) 40 mm x (L) 50 mm<\/p>\n","protected":false},"excerpt":{"rendered":"<p>\u00c9 um registro destinado a regular a vaz\u00e3o do ar comprimido ou interrompe-la Descri\u00e7\u00e3o:Registro Sextavado Em alum\u00ednio. Rosca macho 1\/2&#8242; NPT Rosca f\u00eamea 1\/2&#8242; NPT Peso 0,05 g Medidas (A) 40 mm x (L) 50 mm<\/p>\n","protected":false},"featured_media":2429,"comment_status":"open","ping_status":"closed","template":"","meta":{"_exactmetrics_skip_tracking":false,"_exactmetrics_sitenote_active":false,"_exactmetrics_sitenote_note":"","_exactmetrics_sitenote_category":0},"product_brand":[],"product_cat":[131],"product_tag":[],"class_list":{"0":"post-2426","1":"product","2":"type-product","3":"status-publish","4":"has-post-thumbnail","6":"product_cat-equipamentos-e-acessorios-para-pneumaticos","8":"first","9":"instock","10":"shipping-taxable","11":"product-type-simple"},"_links":{"self":[{"href":"https:\/\/totallubri.com.br\/index.php?rest_route=\/wp\/v2\/product\/2426","targetHints":{"allow":["GET"]}}],"collection":[{"href":"https:\/\/totallubri.com.br\/index.php?rest_route=\/wp\/v2\/product"}],"about":[{"href":"https:\/\/totallubri.com.br\/index.php?rest_route=\/wp\/v2\/types\/product"}],"replies":[{"embeddable":true,"href":"https:\/\/totallubri.com.br\/index.php?rest_route=%2Fwp%2Fv2%2Fcomments&post=2426"}],"wp:featuredmedia":[{"embeddable":true,"href":"https:\/\/totallubri.com.br\/index.php?rest_route=\/wp\/v2\/media\/2429"}],"wp:attachment":[{"href":"https:\/\/totallubri.com.br\/index.php?rest_route=%2Fwp%2Fv2%2Fmedia&parent=2426"}],"wp:term":[{"taxonomy":"product_brand","embeddable":true,"href":"https:\/\/totallubri.com.br\/index.php?rest_route=%2Fwp%2Fv2%2Fproduct_brand&post=2426"},{"taxonomy":"product_cat","embeddable":true,"href":"https:\/\/totallubri.com.br\/index.php?rest_route=%2Fwp%2Fv2%2Fproduct_cat&post=2426"},{"taxonomy":"product_tag","embeddable":true,"href":"https:\/\/totallubri.com.br\/index.php?rest_route=%2Fwp%2Fv2%2Fproduct_tag&post=2426"}],"curies":[{"name":"wp","href":"https:\/\/api.w.org\/{rel}","templated":true}]}}