{"id":2432,"date":"2016-12-14T12:25:38","date_gmt":"2016-12-14T14:25:38","guid":{"rendered":"http:\/\/totallubri.com.br\/wp\/?post_type=product&#038;p=2432"},"modified":"2025-01-21T12:39:24","modified_gmt":"2025-01-21T15:39:24","slug":"regulador-de-pressao-para-ar-comprimido-bozza-3032","status":"publish","type":"product","link":"https:\/\/totallubri.com.br\/?product=regulador-de-pressao-para-ar-comprimido-bozza-3032","title":{"rendered":"Regulador de press\u00e3o para ar Comprimido -3032-BOZZA"},"content":{"rendered":"<p>Regulador de press\u00e3o \u00e9 um dispositivo constru\u00eddo para regular a press\u00e3o de ar comprimido, ideal para o bom funcionamento dos equipamentos pneum\u00e1ticos..<\/p>\n<p>detalhes do produto<\/p>\n<p>Regulador de Press\u00e3o<br \/>\n&#8211; Regula a press\u00e3o ao n\u00edvel desejado<br \/>\n&#8211; Acompanha man\u00f4metro com escala de 01 a 150 PSI e suporte de fixa\u00e7\u00e3o<br \/>\n&#8211; Regulagem de press\u00e3o de 7,25 a 116 PSI<br \/>\n&#8211; Largura com man\u00f4metro: 75 mm<br \/>\n&#8211; Largura com man\u00f4metro e suporte de fixa\u00e7\u00e3o: 103 mm<br \/>\n&#8211; Peso l\u00edquido: 0,182 kg<\/p>\n","protected":false},"excerpt":{"rendered":"<p>Regulador de press\u00e3o \u00e9 um dispositivo constru\u00eddo para regular a press\u00e3o de ar comprimido, ideal para o bom funcionamento dos equipamentos pneum\u00e1ticos.. detalhes do produto Regulador de Press\u00e3o &#8211; Regula a press\u00e3o ao n\u00edvel desejado &#8211; Acompanha man\u00f4metro com escala de 01 a 150 PSI e suporte de fixa\u00e7\u00e3o &#8211; Regulagem de press\u00e3o de 7,25 [&hellip;]<\/p>\n","protected":false},"featured_media":2434,"comment_status":"open","ping_status":"closed","template":"","meta":{"_exactmetrics_skip_tracking":false,"_exactmetrics_sitenote_active":false,"_exactmetrics_sitenote_note":"","_exactmetrics_sitenote_category":0},"product_brand":[],"product_cat":[131],"product_tag":[],"class_list":{"0":"post-2432","1":"product","2":"type-product","3":"status-publish","4":"has-post-thumbnail","6":"product_cat-equipamentos-e-acessorios-para-pneumaticos","8":"first","9":"instock","10":"shipping-taxable","11":"product-type-simple"},"_links":{"self":[{"href":"https:\/\/totallubri.com.br\/index.php?rest_route=\/wp\/v2\/product\/2432","targetHints":{"allow":["GET"]}}],"collection":[{"href":"https:\/\/totallubri.com.br\/index.php?rest_route=\/wp\/v2\/product"}],"about":[{"href":"https:\/\/totallubri.com.br\/index.php?rest_route=\/wp\/v2\/types\/product"}],"replies":[{"embeddable":true,"href":"https:\/\/totallubri.com.br\/index.php?rest_route=%2Fwp%2Fv2%2Fcomments&post=2432"}],"wp:featuredmedia":[{"embeddable":true,"href":"https:\/\/totallubri.com.br\/index.php?rest_route=\/wp\/v2\/media\/2434"}],"wp:attachment":[{"href":"https:\/\/totallubri.com.br\/index.php?rest_route=%2Fwp%2Fv2%2Fmedia&parent=2432"}],"wp:term":[{"taxonomy":"product_brand","embeddable":true,"href":"https:\/\/totallubri.com.br\/index.php?rest_route=%2Fwp%2Fv2%2Fproduct_brand&post=2432"},{"taxonomy":"product_cat","embeddable":true,"href":"https:\/\/totallubri.com.br\/index.php?rest_route=%2Fwp%2Fv2%2Fproduct_cat&post=2432"},{"taxonomy":"product_tag","embeddable":true,"href":"https:\/\/totallubri.com.br\/index.php?rest_route=%2Fwp%2Fv2%2Fproduct_tag&post=2432"}],"curies":[{"name":"wp","href":"https:\/\/api.w.org\/{rel}","templated":true}]}}