{"id":2447,"date":"2016-12-14T12:29:40","date_gmt":"2016-12-14T14:29:40","guid":{"rendered":"http:\/\/totallubri.com.br\/wp\/?post_type=product&#038;p=2447"},"modified":"2024-12-29T12:55:24","modified_gmt":"2024-12-29T15:55:24","slug":"esguicho-tipo-excentrico-1996-lupus","status":"publish","type":"product","link":"https:\/\/totallubri.com.br\/?product=esguicho-tipo-excentrico-1996-lupus","title":{"rendered":"Esguicho Tipo Excentrico &#8211; 1996 &#8211; Lupus"},"content":{"rendered":"<p>Produto usado em mangueiras para controlar o fluxo de sa\u00edda da \u00e1gua.<\/p>\n<p>Descri\u00e7\u00e3o:Esguicho Tipo Excentrico<br \/>\nEm a\u00e7o galvanizado, tipo exc\u00eantrico.<br \/>\nRosca 1\/2&#8243; NPT<br \/>\nPeso 267 g<br \/>\nMedidas (A) 151 mm x (L) 27 mm<\/p>\n","protected":false},"excerpt":{"rendered":"<p>Produto usado em mangueiras para controlar o fluxo de sa\u00edda da \u00e1gua. Descri\u00e7\u00e3o:Esguicho Tipo Excentrico Em a\u00e7o galvanizado, tipo exc\u00eantrico. Rosca 1\/2&#8243; NPT Peso 267 g Medidas (A) 151 mm x (L) 27 mm<\/p>\n","protected":false},"featured_media":2449,"comment_status":"open","ping_status":"closed","template":"","meta":{"_exactmetrics_skip_tracking":false,"_exactmetrics_sitenote_active":false,"_exactmetrics_sitenote_note":"","_exactmetrics_sitenote_category":0},"product_brand":[],"product_cat":[130],"product_tag":[],"class_list":{"0":"post-2447","1":"product","2":"type-product","3":"status-publish","4":"has-post-thumbnail","6":"product_cat-itens-para-manutencao-em-geral","8":"first","9":"instock","10":"shipping-taxable","11":"product-type-simple"},"_links":{"self":[{"href":"https:\/\/totallubri.com.br\/index.php?rest_route=\/wp\/v2\/product\/2447","targetHints":{"allow":["GET"]}}],"collection":[{"href":"https:\/\/totallubri.com.br\/index.php?rest_route=\/wp\/v2\/product"}],"about":[{"href":"https:\/\/totallubri.com.br\/index.php?rest_route=\/wp\/v2\/types\/product"}],"replies":[{"embeddable":true,"href":"https:\/\/totallubri.com.br\/index.php?rest_route=%2Fwp%2Fv2%2Fcomments&post=2447"}],"wp:featuredmedia":[{"embeddable":true,"href":"https:\/\/totallubri.com.br\/index.php?rest_route=\/wp\/v2\/media\/2449"}],"wp:attachment":[{"href":"https:\/\/totallubri.com.br\/index.php?rest_route=%2Fwp%2Fv2%2Fmedia&parent=2447"}],"wp:term":[{"taxonomy":"product_brand","embeddable":true,"href":"https:\/\/totallubri.com.br\/index.php?rest_route=%2Fwp%2Fv2%2Fproduct_brand&post=2447"},{"taxonomy":"product_cat","embeddable":true,"href":"https:\/\/totallubri.com.br\/index.php?rest_route=%2Fwp%2Fv2%2Fproduct_cat&post=2447"},{"taxonomy":"product_tag","embeddable":true,"href":"https:\/\/totallubri.com.br\/index.php?rest_route=%2Fwp%2Fv2%2Fproduct_tag&post=2447"}],"curies":[{"name":"wp","href":"https:\/\/api.w.org\/{rel}","templated":true}]}}