{"id":2451,"date":"2016-12-14T12:32:09","date_gmt":"2016-12-14T14:32:09","guid":{"rendered":"http:\/\/totallubri.com.br\/wp\/?post_type=product&#038;p=2451"},"modified":"2024-12-29T12:53:28","modified_gmt":"2024-12-29T15:53:28","slug":"espigao-fixo-1997-lupus","status":"publish","type":"product","link":"https:\/\/totallubri.com.br\/?product=espigao-fixo-1997-lupus","title":{"rendered":"Espig\u00e3o Fixo 1997 &#8211; Lupus"},"content":{"rendered":"<p>Acess\u00f3rio para uso em mangueiras e abra\u00e7adeira de alta press\u00e3o.<\/p>\n<p>Descri\u00e7\u00e3o:Espig\u00e3o Fixo<br \/>\nEm lat\u00e3o, com luva.<br \/>\nRosca 1\/2&#8243; NPT<br \/>\nEmbalagem 10 unidades<br \/>\nPeso 180 g<br \/>\nMedidas (A) 27 mm x (L) 75 mm<\/p>\n","protected":false},"excerpt":{"rendered":"<p>Acess\u00f3rio para uso em mangueiras e abra\u00e7adeira de alta press\u00e3o. Descri\u00e7\u00e3o:Espig\u00e3o Fixo Em lat\u00e3o, com luva. Rosca 1\/2&#8243; NPT Embalagem 10 unidades Peso 180 g Medidas (A) 27 mm x (L) 75 mm<\/p>\n","protected":false},"featured_media":2454,"comment_status":"open","ping_status":"closed","template":"","meta":{"_exactmetrics_skip_tracking":false,"_exactmetrics_sitenote_active":false,"_exactmetrics_sitenote_note":"","_exactmetrics_sitenote_category":0},"product_brand":[],"product_cat":[130],"product_tag":[],"class_list":{"0":"post-2451","1":"product","2":"type-product","3":"status-publish","4":"has-post-thumbnail","6":"product_cat-itens-para-manutencao-em-geral","8":"first","9":"instock","10":"shipping-taxable","11":"product-type-simple"},"_links":{"self":[{"href":"https:\/\/totallubri.com.br\/index.php?rest_route=\/wp\/v2\/product\/2451","targetHints":{"allow":["GET"]}}],"collection":[{"href":"https:\/\/totallubri.com.br\/index.php?rest_route=\/wp\/v2\/product"}],"about":[{"href":"https:\/\/totallubri.com.br\/index.php?rest_route=\/wp\/v2\/types\/product"}],"replies":[{"embeddable":true,"href":"https:\/\/totallubri.com.br\/index.php?rest_route=%2Fwp%2Fv2%2Fcomments&post=2451"}],"wp:featuredmedia":[{"embeddable":true,"href":"https:\/\/totallubri.com.br\/index.php?rest_route=\/wp\/v2\/media\/2454"}],"wp:attachment":[{"href":"https:\/\/totallubri.com.br\/index.php?rest_route=%2Fwp%2Fv2%2Fmedia&parent=2451"}],"wp:term":[{"taxonomy":"product_brand","embeddable":true,"href":"https:\/\/totallubri.com.br\/index.php?rest_route=%2Fwp%2Fv2%2Fproduct_brand&post=2451"},{"taxonomy":"product_cat","embeddable":true,"href":"https:\/\/totallubri.com.br\/index.php?rest_route=%2Fwp%2Fv2%2Fproduct_cat&post=2451"},{"taxonomy":"product_tag","embeddable":true,"href":"https:\/\/totallubri.com.br\/index.php?rest_route=%2Fwp%2Fv2%2Fproduct_tag&post=2451"}],"curies":[{"name":"wp","href":"https:\/\/api.w.org\/{rel}","templated":true}]}}