{"id":2515,"date":"2016-12-21T08:24:01","date_gmt":"2016-12-21T10:24:01","guid":{"rendered":"http:\/\/totallubri.com.br\/wp\/?post_type=product&#038;p=2515"},"modified":"2025-05-09T15:17:01","modified_gmt":"2025-05-09T18:17:01","slug":"tarracha-com-extractor-1989-lupus","status":"publish","type":"product","link":"https:\/\/totallubri.com.br\/?product=tarracha-com-extractor-1989-lupus","title":{"rendered":"Tarracha com Extractor \u2013 1989 \u2013 Lupus"},"content":{"rendered":"<p>C\u00f3d.: 1989<br \/>\nProduto: Tarracha Com Extractor<br \/>\nDescri\u00e7\u00e3o:<br \/>\nEm a\u00e7o.<\/p>\n<p>Embalagem 10 unidades<\/p>\n<p>Peso 30 g<br \/>\nMedidas (A) 40 mm x (L) 40 mm<\/p>\n","protected":false},"excerpt":{"rendered":"<p>C\u00f3d.: 1989 Produto: Tarracha Com Extractor Descri\u00e7\u00e3o: Em a\u00e7o. Embalagem 10 unidades Peso 30 g Medidas (A) 40 mm x (L) 40 mm<\/p>\n","protected":false},"featured_media":2516,"comment_status":"open","ping_status":"closed","template":"","meta":{"_exactmetrics_skip_tracking":false,"_exactmetrics_sitenote_active":false,"_exactmetrics_sitenote_note":"","_exactmetrics_sitenote_category":0},"product_brand":[],"product_cat":[131],"product_tag":[],"class_list":{"0":"post-2515","1":"product","2":"type-product","3":"status-publish","4":"has-post-thumbnail","6":"product_cat-equipamentos-e-acessorios-para-pneumaticos","8":"first","9":"instock","10":"shipping-taxable","11":"product-type-simple"},"_links":{"self":[{"href":"https:\/\/totallubri.com.br\/index.php?rest_route=\/wp\/v2\/product\/2515","targetHints":{"allow":["GET"]}}],"collection":[{"href":"https:\/\/totallubri.com.br\/index.php?rest_route=\/wp\/v2\/product"}],"about":[{"href":"https:\/\/totallubri.com.br\/index.php?rest_route=\/wp\/v2\/types\/product"}],"replies":[{"embeddable":true,"href":"https:\/\/totallubri.com.br\/index.php?rest_route=%2Fwp%2Fv2%2Fcomments&post=2515"}],"wp:featuredmedia":[{"embeddable":true,"href":"https:\/\/totallubri.com.br\/index.php?rest_route=\/wp\/v2\/media\/2516"}],"wp:attachment":[{"href":"https:\/\/totallubri.com.br\/index.php?rest_route=%2Fwp%2Fv2%2Fmedia&parent=2515"}],"wp:term":[{"taxonomy":"product_brand","embeddable":true,"href":"https:\/\/totallubri.com.br\/index.php?rest_route=%2Fwp%2Fv2%2Fproduct_brand&post=2515"},{"taxonomy":"product_cat","embeddable":true,"href":"https:\/\/totallubri.com.br\/index.php?rest_route=%2Fwp%2Fv2%2Fproduct_cat&post=2515"},{"taxonomy":"product_tag","embeddable":true,"href":"https:\/\/totallubri.com.br\/index.php?rest_route=%2Fwp%2Fv2%2Fproduct_tag&post=2515"}],"curies":[{"name":"wp","href":"https:\/\/api.w.org\/{rel}","templated":true}]}}