{"id":2521,"date":"2016-12-21T08:28:09","date_gmt":"2016-12-21T10:28:09","guid":{"rendered":"http:\/\/totallubri.com.br\/wp\/?post_type=product&#038;p=2521"},"modified":"2025-01-17T17:49:08","modified_gmt":"2025-01-17T20:49:08","slug":"torneira-para-compressor-de-ar-2056-lupus","status":"publish","type":"product","link":"https:\/\/totallubri.com.br\/?product=torneira-para-compressor-de-ar-2056-lupus","title":{"rendered":"Torneira para Compressor de Ar &#8211; 2056 &#8211; Lupus"},"content":{"rendered":"<p>Produto indicado para Drenar \u00c1gua Do Compressor de ar, aumenta o desempenho do compressor<\/p>\n<p>Descri\u00e7\u00e3o: Torneira<br \/>\nEm lat\u00e3o.<\/p>\n<p>Rosca macho 1\/4&#8242; NPT<\/p>\n<p>Peso75g<br \/>\nMedidas (A) 50 mm x (L) 35 mm<\/p>\n","protected":false},"excerpt":{"rendered":"<p>Produto indicado para Drenar \u00c1gua Do Compressor de ar, aumenta o desempenho do compressor Descri\u00e7\u00e3o: Torneira Em lat\u00e3o. Rosca macho 1\/4&#8242; NPT Peso75g Medidas (A) 50 mm x (L) 35 mm<\/p>\n","protected":false},"featured_media":2522,"comment_status":"open","ping_status":"closed","template":"","meta":{"_exactmetrics_skip_tracking":false,"_exactmetrics_sitenote_active":false,"_exactmetrics_sitenote_note":"","_exactmetrics_sitenote_category":0},"product_brand":[],"product_cat":[130],"product_tag":[],"class_list":{"0":"post-2521","1":"product","2":"type-product","3":"status-publish","4":"has-post-thumbnail","6":"product_cat-itens-para-manutencao-em-geral","8":"first","9":"instock","10":"shipping-taxable","11":"product-type-simple"},"_links":{"self":[{"href":"https:\/\/totallubri.com.br\/index.php?rest_route=\/wp\/v2\/product\/2521","targetHints":{"allow":["GET"]}}],"collection":[{"href":"https:\/\/totallubri.com.br\/index.php?rest_route=\/wp\/v2\/product"}],"about":[{"href":"https:\/\/totallubri.com.br\/index.php?rest_route=\/wp\/v2\/types\/product"}],"replies":[{"embeddable":true,"href":"https:\/\/totallubri.com.br\/index.php?rest_route=%2Fwp%2Fv2%2Fcomments&post=2521"}],"wp:featuredmedia":[{"embeddable":true,"href":"https:\/\/totallubri.com.br\/index.php?rest_route=\/wp\/v2\/media\/2522"}],"wp:attachment":[{"href":"https:\/\/totallubri.com.br\/index.php?rest_route=%2Fwp%2Fv2%2Fmedia&parent=2521"}],"wp:term":[{"taxonomy":"product_brand","embeddable":true,"href":"https:\/\/totallubri.com.br\/index.php?rest_route=%2Fwp%2Fv2%2Fproduct_brand&post=2521"},{"taxonomy":"product_cat","embeddable":true,"href":"https:\/\/totallubri.com.br\/index.php?rest_route=%2Fwp%2Fv2%2Fproduct_cat&post=2521"},{"taxonomy":"product_tag","embeddable":true,"href":"https:\/\/totallubri.com.br\/index.php?rest_route=%2Fwp%2Fv2%2Fproduct_tag&post=2521"}],"curies":[{"name":"wp","href":"https:\/\/api.w.org\/{rel}","templated":true}]}}