{"id":2523,"date":"2016-12-21T08:29:43","date_gmt":"2016-12-21T10:29:43","guid":{"rendered":"http:\/\/totallubri.com.br\/wp\/?post_type=product&#038;p=2523"},"modified":"2025-05-09T15:37:44","modified_gmt":"2025-05-09T18:37:44","slug":"valvula-reguladora-de-ar-9000-la-lupus","status":"publish","type":"product","link":"https:\/\/totallubri.com.br\/?product=valvula-reguladora-de-ar-9000-la-lupus","title":{"rendered":"Valvula Reguladora de Ar \u2013 9000-LA \u2013 Lupus"},"content":{"rendered":"<p>A v\u00e1lvula reguladora de press\u00e3o \u00e9 um dispositivo constru\u00eddo para regular a press\u00e3o de um fluido, ideal para o bom funcionamento dos equipamentos pneum\u00e1ticos<\/p>\n<p>Descri\u00e7\u00e3o: Valvula Reguladora de Ar<br \/>\nEm alum\u00ednio, possui v\u00e1lvula reguladora de ar,\u00a0 man\u00f4metro e suporte para parede.<\/p>\n<p>Vaz\u00e3o m\u00e1xima 550 L\/min<br \/>\nEntrada e sa\u00edda 1\/4&#8242; NPT<br \/>\nIndicador 0 a 150 PSI<\/p>\n<p>Peso 0,15 kg<br \/>\nMedidas (A) 95 mm x (L) 40 mm<\/p>\n","protected":false},"excerpt":{"rendered":"<p>A v\u00e1lvula reguladora de press\u00e3o \u00e9 um dispositivo constru\u00eddo para regular a press\u00e3o de um fluido, ideal para o bom funcionamento dos equipamentos pneum\u00e1ticos Descri\u00e7\u00e3o: Valvula Reguladora de Ar Em alum\u00ednio, possui v\u00e1lvula reguladora de ar,\u00a0 man\u00f4metro e suporte para parede. Vaz\u00e3o m\u00e1xima 550 L\/min Entrada e sa\u00edda 1\/4&#8242; NPT Indicador 0 a 150 PSI [&hellip;]<\/p>\n","protected":false},"featured_media":2524,"comment_status":"open","ping_status":"closed","template":"","meta":{"_exactmetrics_skip_tracking":false,"_exactmetrics_sitenote_active":false,"_exactmetrics_sitenote_note":"","_exactmetrics_sitenote_category":0},"product_brand":[],"product_cat":[131],"product_tag":[],"class_list":{"0":"post-2523","1":"product","2":"type-product","3":"status-publish","4":"has-post-thumbnail","6":"product_cat-equipamentos-e-acessorios-para-pneumaticos","8":"first","9":"instock","10":"shipping-taxable","11":"product-type-simple"},"_links":{"self":[{"href":"https:\/\/totallubri.com.br\/index.php?rest_route=\/wp\/v2\/product\/2523","targetHints":{"allow":["GET"]}}],"collection":[{"href":"https:\/\/totallubri.com.br\/index.php?rest_route=\/wp\/v2\/product"}],"about":[{"href":"https:\/\/totallubri.com.br\/index.php?rest_route=\/wp\/v2\/types\/product"}],"replies":[{"embeddable":true,"href":"https:\/\/totallubri.com.br\/index.php?rest_route=%2Fwp%2Fv2%2Fcomments&post=2523"}],"wp:featuredmedia":[{"embeddable":true,"href":"https:\/\/totallubri.com.br\/index.php?rest_route=\/wp\/v2\/media\/2524"}],"wp:attachment":[{"href":"https:\/\/totallubri.com.br\/index.php?rest_route=%2Fwp%2Fv2%2Fmedia&parent=2523"}],"wp:term":[{"taxonomy":"product_brand","embeddable":true,"href":"https:\/\/totallubri.com.br\/index.php?rest_route=%2Fwp%2Fv2%2Fproduct_brand&post=2523"},{"taxonomy":"product_cat","embeddable":true,"href":"https:\/\/totallubri.com.br\/index.php?rest_route=%2Fwp%2Fv2%2Fproduct_cat&post=2523"},{"taxonomy":"product_tag","embeddable":true,"href":"https:\/\/totallubri.com.br\/index.php?rest_route=%2Fwp%2Fv2%2Fproduct_tag&post=2523"}],"curies":[{"name":"wp","href":"https:\/\/api.w.org\/{rel}","templated":true}]}}