{"id":2527,"date":"2016-12-21T08:32:16","date_gmt":"2016-12-21T10:32:16","guid":{"rendered":"http:\/\/totallubri.com.br\/wp\/?post_type=product&#038;p=2527"},"modified":"2025-01-17T17:43:53","modified_gmt":"2025-01-17T20:43:53","slug":"vem-valvula-de-esfera-monobloco-latao-forjado","status":"publish","type":"product","link":"https:\/\/totallubri.com.br\/?product=vem-valvula-de-esfera-monobloco-latao-forjado","title":{"rendered":"VEM \u2013 V\u00e1lvula de Esfera Monobloco Lat\u00e3o Forjado-LUPUS"},"content":{"rendered":"<p>VEM &#8211; V\u00e1lvula de Esfera Monobloco Lat\u00e3o Forjado<br \/>\nV\u00e1lvula de bloqueio de fluxo dispon\u00edvel em passagem reduzida e plena, indicada para uso em redes de \u00e1gua e ar com classe de press\u00e3o PN25 \/ PN30 quando utilizadas a temperatura ambiente.<\/p>\n<p>Haste \u00e0 prova de expuls\u00e3o.<\/p>\n","protected":false},"excerpt":{"rendered":"<p>VEM &#8211; V\u00e1lvula de Esfera Monobloco Lat\u00e3o Forjado V\u00e1lvula de bloqueio de fluxo dispon\u00edvel em passagem reduzida e plena, indicada para uso em redes de \u00e1gua e ar com classe de press\u00e3o PN25 \/ PN30 quando utilizadas a temperatura ambiente. Haste \u00e0 prova de expuls\u00e3o.<\/p>\n","protected":false},"featured_media":2528,"comment_status":"open","ping_status":"closed","template":"","meta":{"_exactmetrics_skip_tracking":false,"_exactmetrics_sitenote_active":false,"_exactmetrics_sitenote_note":"","_exactmetrics_sitenote_category":0},"product_brand":[],"product_cat":[130],"product_tag":[],"class_list":{"0":"post-2527","1":"product","2":"type-product","3":"status-publish","4":"has-post-thumbnail","6":"product_cat-itens-para-manutencao-em-geral","8":"first","9":"instock","10":"shipping-taxable","11":"product-type-simple"},"_links":{"self":[{"href":"https:\/\/totallubri.com.br\/index.php?rest_route=\/wp\/v2\/product\/2527","targetHints":{"allow":["GET"]}}],"collection":[{"href":"https:\/\/totallubri.com.br\/index.php?rest_route=\/wp\/v2\/product"}],"about":[{"href":"https:\/\/totallubri.com.br\/index.php?rest_route=\/wp\/v2\/types\/product"}],"replies":[{"embeddable":true,"href":"https:\/\/totallubri.com.br\/index.php?rest_route=%2Fwp%2Fv2%2Fcomments&post=2527"}],"wp:featuredmedia":[{"embeddable":true,"href":"https:\/\/totallubri.com.br\/index.php?rest_route=\/wp\/v2\/media\/2528"}],"wp:attachment":[{"href":"https:\/\/totallubri.com.br\/index.php?rest_route=%2Fwp%2Fv2%2Fmedia&parent=2527"}],"wp:term":[{"taxonomy":"product_brand","embeddable":true,"href":"https:\/\/totallubri.com.br\/index.php?rest_route=%2Fwp%2Fv2%2Fproduct_brand&post=2527"},{"taxonomy":"product_cat","embeddable":true,"href":"https:\/\/totallubri.com.br\/index.php?rest_route=%2Fwp%2Fv2%2Fproduct_cat&post=2527"},{"taxonomy":"product_tag","embeddable":true,"href":"https:\/\/totallubri.com.br\/index.php?rest_route=%2Fwp%2Fv2%2Fproduct_tag&post=2527"}],"curies":[{"name":"wp","href":"https:\/\/api.w.org\/{rel}","templated":true}]}}