{"id":2607,"date":"2016-12-21T09:49:47","date_gmt":"2016-12-21T11:49:47","guid":{"rendered":"http:\/\/totallubri.com.br\/wp\/?post_type=product&#038;p=2607"},"modified":"2016-12-21T09:49:47","modified_gmt":"2016-12-21T11:49:47","slug":"acoplador-1986-g-lupus","status":"publish","type":"product","link":"https:\/\/totallubri.com.br\/?product=acoplador-1986-g-lupus","title":{"rendered":"Acoplador &#8211; 1986-G &#8211; Lupus"},"content":{"rendered":"<p>Utilizado para direcionar o ponto a ser lubrificado e de f\u00e1cil encaixe em bomba de graxa.<\/p>\n<p>Descri\u00e7\u00e3o:Acoplador<br \/>\nEm a\u00e7o, aplic\u00e1vel em pinos graxeiros tipo bot\u00e3o (22 mm) Gigante.<\/p>\n<p>Rosca 1\/8&#8243; NPT\/ f\u00eamea<br \/>\nPress\u00e3o m\u00e1xima de opera\u00e7\u00e3o 6.000 PSI<br \/>\nEmbalagem 01 unidade<\/p>\n<p>Peso 70 g<br \/>\nMedidas (A) 18 mm x (L) 37 mm<\/p>\n","protected":false},"excerpt":{"rendered":"<p>Utilizado para direcionar o ponto a ser lubrificado e de f\u00e1cil encaixe em bomba de graxa. Descri\u00e7\u00e3o:Acoplador Em a\u00e7o, aplic\u00e1vel em pinos graxeiros tipo bot\u00e3o (22 mm) Gigante. Rosca 1\/8&#8243; NPT\/ f\u00eamea Press\u00e3o m\u00e1xima de opera\u00e7\u00e3o 6.000 PSI Embalagem 01 unidade Peso 70 g Medidas (A) 18 mm x (L) 37 mm<\/p>\n","protected":false},"featured_media":2608,"comment_status":"open","ping_status":"closed","template":"","meta":{"_exactmetrics_skip_tracking":false,"_exactmetrics_sitenote_active":false,"_exactmetrics_sitenote_note":"","_exactmetrics_sitenote_category":0},"product_brand":[],"product_cat":[56],"product_tag":[],"class_list":{"0":"post-2607","1":"product","2":"type-product","3":"status-publish","4":"has-post-thumbnail","6":"product_cat-graxa","8":"first","9":"instock","10":"shipping-taxable","11":"product-type-simple"},"_links":{"self":[{"href":"https:\/\/totallubri.com.br\/index.php?rest_route=\/wp\/v2\/product\/2607","targetHints":{"allow":["GET"]}}],"collection":[{"href":"https:\/\/totallubri.com.br\/index.php?rest_route=\/wp\/v2\/product"}],"about":[{"href":"https:\/\/totallubri.com.br\/index.php?rest_route=\/wp\/v2\/types\/product"}],"replies":[{"embeddable":true,"href":"https:\/\/totallubri.com.br\/index.php?rest_route=%2Fwp%2Fv2%2Fcomments&post=2607"}],"wp:featuredmedia":[{"embeddable":true,"href":"https:\/\/totallubri.com.br\/index.php?rest_route=\/wp\/v2\/media\/2608"}],"wp:attachment":[{"href":"https:\/\/totallubri.com.br\/index.php?rest_route=%2Fwp%2Fv2%2Fmedia&parent=2607"}],"wp:term":[{"taxonomy":"product_brand","embeddable":true,"href":"https:\/\/totallubri.com.br\/index.php?rest_route=%2Fwp%2Fv2%2Fproduct_brand&post=2607"},{"taxonomy":"product_cat","embeddable":true,"href":"https:\/\/totallubri.com.br\/index.php?rest_route=%2Fwp%2Fv2%2Fproduct_cat&post=2607"},{"taxonomy":"product_tag","embeddable":true,"href":"https:\/\/totallubri.com.br\/index.php?rest_route=%2Fwp%2Fv2%2Fproduct_tag&post=2607"}],"curies":[{"name":"wp","href":"https:\/\/api.w.org\/{rel}","templated":true}]}}