{"id":2611,"date":"2016-12-21T09:52:29","date_gmt":"2016-12-21T11:52:29","guid":{"rendered":"http:\/\/totallubri.com.br\/wp\/?post_type=product&#038;p=2611"},"modified":"2024-07-29T17:49:08","modified_gmt":"2024-07-29T20:49:08","slug":"acoplador-de-graxa-bozza-2031-g","status":"publish","type":"product","link":"https:\/\/totallubri.com.br\/?product=acoplador-de-graxa-bozza-2031-g","title":{"rendered":"Acoplador de Graxa -2031-G &#8211; BOZZA"},"content":{"rendered":"<p>Utilizado para direcionar o ponto a ser lubrificado e de f\u00e1cil encaixe em bomba de graxa, indicado para pino graxeiros planos de 22 mm<\/p>\n<p>detalhes do produto<\/p>\n<p>Acoplador Hidr\u00e1ulico<br \/>\n&#8211; Elemento de liga\u00e7\u00e3o para promover a lubrifica\u00e7\u00e3o em pinos graxeiros planos<br \/>\n&#8211; Aplic\u00e1vel em pino graxeiro plano de 22 mm<br \/>\n&#8211; Press\u00e3o m\u00e1xima de trabalho de 3.000 PSI<br \/>\n&#8211; Rosca: 1\/8&#8243; NPT<br \/>\n&#8211; Peso l\u00edquido: 0,086 kg<\/p>\n","protected":false},"excerpt":{"rendered":"<p>Utilizado para direcionar o ponto a ser lubrificado e de f\u00e1cil encaixe em bomba de graxa, indicado para pino graxeiros planos de 22 mm detalhes do produto Acoplador Hidr\u00e1ulico &#8211; Elemento de liga\u00e7\u00e3o para promover a lubrifica\u00e7\u00e3o em pinos graxeiros planos &#8211; Aplic\u00e1vel em pino graxeiro plano de 22 mm &#8211; Press\u00e3o m\u00e1xima de trabalho [&hellip;]<\/p>\n","protected":false},"featured_media":2612,"comment_status":"open","ping_status":"closed","template":"","meta":{"_exactmetrics_skip_tracking":false,"_exactmetrics_sitenote_active":false,"_exactmetrics_sitenote_note":"","_exactmetrics_sitenote_category":0},"product_brand":[],"product_cat":[56],"product_tag":[],"class_list":{"0":"post-2611","1":"product","2":"type-product","3":"status-publish","4":"has-post-thumbnail","6":"product_cat-graxa","8":"first","9":"instock","10":"shipping-taxable","11":"product-type-simple"},"_links":{"self":[{"href":"https:\/\/totallubri.com.br\/index.php?rest_route=\/wp\/v2\/product\/2611","targetHints":{"allow":["GET"]}}],"collection":[{"href":"https:\/\/totallubri.com.br\/index.php?rest_route=\/wp\/v2\/product"}],"about":[{"href":"https:\/\/totallubri.com.br\/index.php?rest_route=\/wp\/v2\/types\/product"}],"replies":[{"embeddable":true,"href":"https:\/\/totallubri.com.br\/index.php?rest_route=%2Fwp%2Fv2%2Fcomments&post=2611"}],"wp:featuredmedia":[{"embeddable":true,"href":"https:\/\/totallubri.com.br\/index.php?rest_route=\/wp\/v2\/media\/2612"}],"wp:attachment":[{"href":"https:\/\/totallubri.com.br\/index.php?rest_route=%2Fwp%2Fv2%2Fmedia&parent=2611"}],"wp:term":[{"taxonomy":"product_brand","embeddable":true,"href":"https:\/\/totallubri.com.br\/index.php?rest_route=%2Fwp%2Fv2%2Fproduct_brand&post=2611"},{"taxonomy":"product_cat","embeddable":true,"href":"https:\/\/totallubri.com.br\/index.php?rest_route=%2Fwp%2Fv2%2Fproduct_cat&post=2611"},{"taxonomy":"product_tag","embeddable":true,"href":"https:\/\/totallubri.com.br\/index.php?rest_route=%2Fwp%2Fv2%2Fproduct_tag&post=2611"}],"curies":[{"name":"wp","href":"https:\/\/api.w.org\/{rel}","templated":true}]}}