{"id":2613,"date":"2016-12-21T09:53:54","date_gmt":"2016-12-21T11:53:54","guid":{"rendered":"http:\/\/totallubri.com.br\/wp\/?post_type=product&#038;p=2613"},"modified":"2017-03-21T16:04:25","modified_gmt":"2017-03-21T19:04:25","slug":"acoplador-giratorio-1986-gs-lupus","status":"publish","type":"product","link":"https:\/\/totallubri.com.br\/?product=acoplador-giratorio-1986-gs-lupus","title":{"rendered":"Acoplador Standard Girat\u00f3rio &#8211; 1986-GS &#8211; Lupus"},"content":{"rendered":"<p>Utilizado para direcionar o ponto a ser lubrificado e de f\u00e1cil encaixe em bomba de graxa.<\/p>\n<p>Descri\u00e7\u00e3o:Acoplador Girat\u00f3rio<br \/>\nEm a\u00e7o, aplic\u00e1vel em pinos graxeiros tipo bot\u00e3o (22 mm) gigante, norma DIN<\/p>\n<p>Rosca 1\/8&#8243; NPT \/ f\u00eamea<br \/>\nPress\u00e3o m\u00e1xima de opera\u00e7\u00e3o 21.000 PSI<br \/>\nEmbalagem 01 unidade<\/p>\n<p>Peso 90 g<br \/>\nMedidas (A) 36 mm x (L) 38 mm<\/p>\n","protected":false},"excerpt":{"rendered":"<p>Utilizado para direcionar o ponto a ser lubrificado e de f\u00e1cil encaixe em bomba de graxa. Descri\u00e7\u00e3o:Acoplador Girat\u00f3rio Em a\u00e7o, aplic\u00e1vel em pinos graxeiros tipo bot\u00e3o (22 mm) gigante, norma DIN Rosca 1\/8&#8243; NPT \/ f\u00eamea Press\u00e3o m\u00e1xima de opera\u00e7\u00e3o 21.000 PSI Embalagem 01 unidade Peso 90 g Medidas (A) 36 mm x (L) 38 [&hellip;]<\/p>\n","protected":false},"featured_media":2614,"comment_status":"open","ping_status":"closed","template":"","meta":{"_exactmetrics_skip_tracking":false,"_exactmetrics_sitenote_active":false,"_exactmetrics_sitenote_note":"","_exactmetrics_sitenote_category":0},"product_brand":[],"product_cat":[56],"product_tag":[],"class_list":{"0":"post-2613","1":"product","2":"type-product","3":"status-publish","4":"has-post-thumbnail","6":"product_cat-graxa","8":"first","9":"instock","10":"shipping-taxable","11":"product-type-simple"},"_links":{"self":[{"href":"https:\/\/totallubri.com.br\/index.php?rest_route=\/wp\/v2\/product\/2613","targetHints":{"allow":["GET"]}}],"collection":[{"href":"https:\/\/totallubri.com.br\/index.php?rest_route=\/wp\/v2\/product"}],"about":[{"href":"https:\/\/totallubri.com.br\/index.php?rest_route=\/wp\/v2\/types\/product"}],"replies":[{"embeddable":true,"href":"https:\/\/totallubri.com.br\/index.php?rest_route=%2Fwp%2Fv2%2Fcomments&post=2613"}],"wp:featuredmedia":[{"embeddable":true,"href":"https:\/\/totallubri.com.br\/index.php?rest_route=\/wp\/v2\/media\/2614"}],"wp:attachment":[{"href":"https:\/\/totallubri.com.br\/index.php?rest_route=%2Fwp%2Fv2%2Fmedia&parent=2613"}],"wp:term":[{"taxonomy":"product_brand","embeddable":true,"href":"https:\/\/totallubri.com.br\/index.php?rest_route=%2Fwp%2Fv2%2Fproduct_brand&post=2613"},{"taxonomy":"product_cat","embeddable":true,"href":"https:\/\/totallubri.com.br\/index.php?rest_route=%2Fwp%2Fv2%2Fproduct_cat&post=2613"},{"taxonomy":"product_tag","embeddable":true,"href":"https:\/\/totallubri.com.br\/index.php?rest_route=%2Fwp%2Fv2%2Fproduct_tag&post=2613"}],"curies":[{"name":"wp","href":"https:\/\/api.w.org\/{rel}","templated":true}]}}