{"id":2619,"date":"2016-12-21T09:58:46","date_gmt":"2016-12-21T11:58:46","guid":{"rendered":"http:\/\/totallubri.com.br\/wp\/?post_type=product&#038;p=2619"},"modified":"2017-03-21T15:36:14","modified_gmt":"2017-03-21T18:36:14","slug":"acoplador-hidraulico-universal-1963-hi-lupus","status":"publish","type":"product","link":"https:\/\/totallubri.com.br\/?product=acoplador-hidraulico-universal-1963-hi-lupus","title":{"rendered":"Acoplador Hidraulico Universal M\u00e9dio &#8211; 1963-HI &#8211; Lupus"},"content":{"rendered":"<p>Utilizado para direcionar o ponto a ser lubrificado.<\/p>\n<p>Descri\u00e7\u00e3o:Acoplador Hidraulico Universal<br \/>\nEm a\u00e7o, para trabalhos pesados.<\/p>\n<p>Castanhas 04 \/ com esferas<br \/>\nRosca 1\/2&#8243; NPT \/ f\u00eamea<br \/>\nPress\u00e3o m\u00e1xima de opera\u00e7\u00e3o 9.000 PSI<br \/>\nEmbalagem 10 unidades<\/p>\n<p>Peso 35 g<br \/>\nMedidas (A) 36 mm x (L) 15 mm<\/p>\n","protected":false},"excerpt":{"rendered":"<p>Utilizado para direcionar o ponto a ser lubrificado. Descri\u00e7\u00e3o:Acoplador Hidraulico Universal Em a\u00e7o, para trabalhos pesados. Castanhas 04 \/ com esferas Rosca 1\/2&#8243; NPT \/ f\u00eamea Press\u00e3o m\u00e1xima de opera\u00e7\u00e3o 9.000 PSI Embalagem 10 unidades Peso 35 g Medidas (A) 36 mm x (L) 15 mm<\/p>\n","protected":false},"featured_media":2620,"comment_status":"open","ping_status":"closed","template":"","meta":{"_exactmetrics_skip_tracking":false,"_exactmetrics_sitenote_active":false,"_exactmetrics_sitenote_note":"","_exactmetrics_sitenote_category":0},"product_brand":[],"product_cat":[56],"product_tag":[],"class_list":{"0":"post-2619","1":"product","2":"type-product","3":"status-publish","4":"has-post-thumbnail","6":"product_cat-graxa","8":"first","9":"instock","10":"shipping-taxable","11":"product-type-simple"},"_links":{"self":[{"href":"https:\/\/totallubri.com.br\/index.php?rest_route=\/wp\/v2\/product\/2619","targetHints":{"allow":["GET"]}}],"collection":[{"href":"https:\/\/totallubri.com.br\/index.php?rest_route=\/wp\/v2\/product"}],"about":[{"href":"https:\/\/totallubri.com.br\/index.php?rest_route=\/wp\/v2\/types\/product"}],"replies":[{"embeddable":true,"href":"https:\/\/totallubri.com.br\/index.php?rest_route=%2Fwp%2Fv2%2Fcomments&post=2619"}],"wp:featuredmedia":[{"embeddable":true,"href":"https:\/\/totallubri.com.br\/index.php?rest_route=\/wp\/v2\/media\/2620"}],"wp:attachment":[{"href":"https:\/\/totallubri.com.br\/index.php?rest_route=%2Fwp%2Fv2%2Fmedia&parent=2619"}],"wp:term":[{"taxonomy":"product_brand","embeddable":true,"href":"https:\/\/totallubri.com.br\/index.php?rest_route=%2Fwp%2Fv2%2Fproduct_brand&post=2619"},{"taxonomy":"product_cat","embeddable":true,"href":"https:\/\/totallubri.com.br\/index.php?rest_route=%2Fwp%2Fv2%2Fproduct_cat&post=2619"},{"taxonomy":"product_tag","embeddable":true,"href":"https:\/\/totallubri.com.br\/index.php?rest_route=%2Fwp%2Fv2%2Fproduct_tag&post=2619"}],"curies":[{"name":"wp","href":"https:\/\/api.w.org\/{rel}","templated":true}]}}