{"id":2621,"date":"2016-12-21T10:00:19","date_gmt":"2016-12-21T12:00:19","guid":{"rendered":"http:\/\/totallubri.com.br\/wp\/?post_type=product&#038;p=2621"},"modified":"2017-03-21T15:33:22","modified_gmt":"2017-03-21T18:33:22","slug":"acoplador-hidraulico-universal-1963-hp-lupus","status":"publish","type":"product","link":"https:\/\/totallubri.com.br\/?product=acoplador-hidraulico-universal-1963-hp-lupus","title":{"rendered":"Acoplador Hidraulico Universal M\u00e9dio- 1963-HP &#8211; Lupus"},"content":{"rendered":"<p>Utilizado para direcionar o ponto a ser lubrificado.<\/p>\n<p>Descri\u00e7\u00e3o:Acoplador Hidraulico Universal<br \/>\nEm a\u00e7o, para trabalhos leves com bombas manuais.<\/p>\n<p>Castanhas 04<br \/>\nRosca 1\/8&#8243; NPT\/ f\u00eamea<br \/>\nPress\u00e3o m\u00e1xima de opera\u00e7\u00e3o 6.000 PSI<br \/>\nEmbalagem 10 unidades<\/p>\n<p>Peso 29 g<br \/>\nMedidas (A) 36 mm x (L) 15 mm<\/p>\n","protected":false},"excerpt":{"rendered":"<p>Utilizado para direcionar o ponto a ser lubrificado. Descri\u00e7\u00e3o:Acoplador Hidraulico Universal Em a\u00e7o, para trabalhos leves com bombas manuais. Castanhas 04 Rosca 1\/8&#8243; NPT\/ f\u00eamea Press\u00e3o m\u00e1xima de opera\u00e7\u00e3o 6.000 PSI Embalagem 10 unidades Peso 29 g Medidas (A) 36 mm x (L) 15 mm<\/p>\n","protected":false},"featured_media":2622,"comment_status":"open","ping_status":"closed","template":"","meta":{"_exactmetrics_skip_tracking":false,"_exactmetrics_sitenote_active":false,"_exactmetrics_sitenote_note":"","_exactmetrics_sitenote_category":0},"product_brand":[],"product_cat":[56],"product_tag":[],"class_list":{"0":"post-2621","1":"product","2":"type-product","3":"status-publish","4":"has-post-thumbnail","6":"product_cat-graxa","8":"first","9":"instock","10":"shipping-taxable","11":"product-type-simple"},"_links":{"self":[{"href":"https:\/\/totallubri.com.br\/index.php?rest_route=\/wp\/v2\/product\/2621","targetHints":{"allow":["GET"]}}],"collection":[{"href":"https:\/\/totallubri.com.br\/index.php?rest_route=\/wp\/v2\/product"}],"about":[{"href":"https:\/\/totallubri.com.br\/index.php?rest_route=\/wp\/v2\/types\/product"}],"replies":[{"embeddable":true,"href":"https:\/\/totallubri.com.br\/index.php?rest_route=%2Fwp%2Fv2%2Fcomments&post=2621"}],"wp:featuredmedia":[{"embeddable":true,"href":"https:\/\/totallubri.com.br\/index.php?rest_route=\/wp\/v2\/media\/2622"}],"wp:attachment":[{"href":"https:\/\/totallubri.com.br\/index.php?rest_route=%2Fwp%2Fv2%2Fmedia&parent=2621"}],"wp:term":[{"taxonomy":"product_brand","embeddable":true,"href":"https:\/\/totallubri.com.br\/index.php?rest_route=%2Fwp%2Fv2%2Fproduct_brand&post=2621"},{"taxonomy":"product_cat","embeddable":true,"href":"https:\/\/totallubri.com.br\/index.php?rest_route=%2Fwp%2Fv2%2Fproduct_cat&post=2621"},{"taxonomy":"product_tag","embeddable":true,"href":"https:\/\/totallubri.com.br\/index.php?rest_route=%2Fwp%2Fv2%2Fproduct_tag&post=2621"}],"curies":[{"name":"wp","href":"https:\/\/api.w.org\/{rel}","templated":true}]}}