{"id":2629,"date":"2016-12-21T10:05:12","date_gmt":"2016-12-21T12:05:12","guid":{"rendered":"http:\/\/totallubri.com.br\/wp\/?post_type=product&#038;p=2629"},"modified":"2024-08-10T15:04:47","modified_gmt":"2024-08-10T18:04:47","slug":"acoplador-hidraulico-universal-bozza-310-c-news","status":"publish","type":"product","link":"https:\/\/totallubri.com.br\/?product=acoplador-hidraulico-universal-bozza-310-c-news","title":{"rendered":"Acoplador Hidr\u00e1ulico Universal -310-C-NEWS-BOZZA"},"content":{"rendered":"<p>Utilizado para direcionar o ponto a ser lubrificado.<\/p>\n<p>detalhes do produto<\/p>\n<p>Acoplador Hidr\u00e1ulico Universal<br \/>\n&#8211; Utiliza\u00e7\u00e3o para Propulsoras Pneum\u00e1ticas e Bombas Manuais<br \/>\n&#8211; Com 4 garras de acoplamento para pinos de lubrifica\u00e7\u00e3o<br \/>\n&#8211; Dotado de v\u00e1lvula de reten\u00e7\u00e3o para impedir o retorno de graxa<br \/>\n&#8211; Press\u00e3o m\u00e1xima de trabalho de 5.000 PSI<br \/>\n&#8211; Di\u00e2metro: 14 mm<br \/>\n&#8211; Rosca: 1\/8&#8243; NPT<\/p>\n","protected":false},"excerpt":{"rendered":"<p>Utilizado para direcionar o ponto a ser lubrificado. detalhes do produto Acoplador Hidr\u00e1ulico Universal &#8211; Utiliza\u00e7\u00e3o para Propulsoras Pneum\u00e1ticas e Bombas Manuais &#8211; Com 4 garras de acoplamento para pinos de lubrifica\u00e7\u00e3o &#8211; Dotado de v\u00e1lvula de reten\u00e7\u00e3o para impedir o retorno de graxa &#8211; Press\u00e3o m\u00e1xima de trabalho de 5.000 PSI &#8211; Di\u00e2metro: 14 [&hellip;]<\/p>\n","protected":false},"featured_media":2630,"comment_status":"open","ping_status":"closed","template":"","meta":{"_exactmetrics_skip_tracking":false,"_exactmetrics_sitenote_active":false,"_exactmetrics_sitenote_note":"","_exactmetrics_sitenote_category":0},"product_brand":[],"product_cat":[56],"product_tag":[],"class_list":{"0":"post-2629","1":"product","2":"type-product","3":"status-publish","4":"has-post-thumbnail","6":"product_cat-graxa","8":"first","9":"instock","10":"shipping-taxable","11":"product-type-simple"},"_links":{"self":[{"href":"https:\/\/totallubri.com.br\/index.php?rest_route=\/wp\/v2\/product\/2629","targetHints":{"allow":["GET"]}}],"collection":[{"href":"https:\/\/totallubri.com.br\/index.php?rest_route=\/wp\/v2\/product"}],"about":[{"href":"https:\/\/totallubri.com.br\/index.php?rest_route=\/wp\/v2\/types\/product"}],"replies":[{"embeddable":true,"href":"https:\/\/totallubri.com.br\/index.php?rest_route=%2Fwp%2Fv2%2Fcomments&post=2629"}],"wp:featuredmedia":[{"embeddable":true,"href":"https:\/\/totallubri.com.br\/index.php?rest_route=\/wp\/v2\/media\/2630"}],"wp:attachment":[{"href":"https:\/\/totallubri.com.br\/index.php?rest_route=%2Fwp%2Fv2%2Fmedia&parent=2629"}],"wp:term":[{"taxonomy":"product_brand","embeddable":true,"href":"https:\/\/totallubri.com.br\/index.php?rest_route=%2Fwp%2Fv2%2Fproduct_brand&post=2629"},{"taxonomy":"product_cat","embeddable":true,"href":"https:\/\/totallubri.com.br\/index.php?rest_route=%2Fwp%2Fv2%2Fproduct_cat&post=2629"},{"taxonomy":"product_tag","embeddable":true,"href":"https:\/\/totallubri.com.br\/index.php?rest_route=%2Fwp%2Fv2%2Fproduct_tag&post=2629"}],"curies":[{"name":"wp","href":"https:\/\/api.w.org\/{rel}","templated":true}]}}