{"id":2631,"date":"2016-12-21T10:06:36","date_gmt":"2016-12-21T12:06:36","guid":{"rendered":"http:\/\/totallubri.com.br\/wp\/?post_type=product&#038;p=2631"},"modified":"2017-03-21T16:10:05","modified_gmt":"2017-03-21T19:10:05","slug":"adaptador-para-acopladores-1970-lupus","status":"publish","type":"product","link":"https:\/\/totallubri.com.br\/?product=adaptador-para-acopladores-1970-lupus","title":{"rendered":"Adaptador Universal para Acopladores &#8211; 1970 &#8211; Lupus"},"content":{"rendered":"<p>Pratico para lubrificar Cruzetas e locais de dif\u00edcil acesso.<\/p>\n<p>Descri\u00e7\u00e3o:Adaptador para Acopladores<br \/>\nEm a\u00e7o, para lubrifica\u00e7\u00e3o de cruzetas e locais de dif\u00edcil acesso, adapt\u00e1vel a todos os acopladores.<\/p>\n<p>Embalagem 01 unidade<\/p>\n<p>Peso 120 g<br \/>\nMedidas (A) 144 mm x (L) 22 mm<\/p>\n","protected":false},"excerpt":{"rendered":"<p>Pratico para lubrificar Cruzetas e locais de dif\u00edcil acesso. Descri\u00e7\u00e3o:Adaptador para Acopladores Em a\u00e7o, para lubrifica\u00e7\u00e3o de cruzetas e locais de dif\u00edcil acesso, adapt\u00e1vel a todos os acopladores. Embalagem 01 unidade Peso 120 g Medidas (A) 144 mm x (L) 22 mm<\/p>\n","protected":false},"featured_media":2632,"comment_status":"open","ping_status":"closed","template":"","meta":{"_exactmetrics_skip_tracking":false,"_exactmetrics_sitenote_active":false,"_exactmetrics_sitenote_note":"","_exactmetrics_sitenote_category":0},"product_brand":[],"product_cat":[56],"product_tag":[],"class_list":{"0":"post-2631","1":"product","2":"type-product","3":"status-publish","4":"has-post-thumbnail","6":"product_cat-graxa","8":"first","9":"instock","10":"shipping-taxable","11":"product-type-simple"},"_links":{"self":[{"href":"https:\/\/totallubri.com.br\/index.php?rest_route=\/wp\/v2\/product\/2631","targetHints":{"allow":["GET"]}}],"collection":[{"href":"https:\/\/totallubri.com.br\/index.php?rest_route=\/wp\/v2\/product"}],"about":[{"href":"https:\/\/totallubri.com.br\/index.php?rest_route=\/wp\/v2\/types\/product"}],"replies":[{"embeddable":true,"href":"https:\/\/totallubri.com.br\/index.php?rest_route=%2Fwp%2Fv2%2Fcomments&post=2631"}],"wp:featuredmedia":[{"embeddable":true,"href":"https:\/\/totallubri.com.br\/index.php?rest_route=\/wp\/v2\/media\/2632"}],"wp:attachment":[{"href":"https:\/\/totallubri.com.br\/index.php?rest_route=%2Fwp%2Fv2%2Fmedia&parent=2631"}],"wp:term":[{"taxonomy":"product_brand","embeddable":true,"href":"https:\/\/totallubri.com.br\/index.php?rest_route=%2Fwp%2Fv2%2Fproduct_brand&post=2631"},{"taxonomy":"product_cat","embeddable":true,"href":"https:\/\/totallubri.com.br\/index.php?rest_route=%2Fwp%2Fv2%2Fproduct_cat&post=2631"},{"taxonomy":"product_tag","embeddable":true,"href":"https:\/\/totallubri.com.br\/index.php?rest_route=%2Fwp%2Fv2%2Fproduct_tag&post=2631"}],"curies":[{"name":"wp","href":"https:\/\/api.w.org\/{rel}","templated":true}]}}