{"id":2654,"date":"2016-12-21T10:33:41","date_gmt":"2016-12-21T12:33:41","guid":{"rendered":"http:\/\/totallubri.com.br\/wp\/?post_type=product&#038;p=2654"},"modified":"2025-05-02T13:44:25","modified_gmt":"2025-05-02T16:44:25","slug":"bomba-manual-7002-lupus","status":"publish","type":"product","link":"https:\/\/totallubri.com.br\/?product=bomba-manual-7002-lupus","title":{"rendered":"Bomba Manual \u2013 7002 \u2013 Lupus"},"content":{"rendered":"<p>Utilizada para trabalhos manuais, f\u00e1cil de utilizar, necessita uso das duas m\u00e3os para executar a tarefa e est\u00e1 dispon\u00edvel em sistema de Alavanca.<\/p>\n<p>Descri\u00e7\u00e3o:Bomba Manual<br \/>\nEm chapa de a\u00e7o, alta press\u00e3o, com extens\u00e3o r\u00edgida, acoplador e compactador com mola.<\/p>\n<p>Capacidade . 15 kg<br \/>\nPress\u00e3o m\u00e1xima de opera\u00e7\u00e3o 4.000 PSI<br \/>\nMangueira . 1,30 m \/ \u00f8 1\/4\u201d<\/p>\n<p>Peso: 6 kg<br \/>\nMedidas: (A) 620 mm x (L) 230 mm<\/p>\n","protected":false},"excerpt":{"rendered":"<p>Utilizada para trabalhos manuais, f\u00e1cil de utilizar, necessita uso das duas m\u00e3os para executar a tarefa e est\u00e1 dispon\u00edvel em sistema de Alavanca. Descri\u00e7\u00e3o:Bomba Manual Em chapa de a\u00e7o, alta press\u00e3o, com extens\u00e3o r\u00edgida, acoplador e compactador com mola. Capacidade . 15 kg Press\u00e3o m\u00e1xima de opera\u00e7\u00e3o 4.000 PSI Mangueira . 1,30 m \/ \u00f8 [&hellip;]<\/p>\n","protected":false},"featured_media":2655,"comment_status":"open","ping_status":"closed","template":"","meta":{"_exactmetrics_skip_tracking":false,"_exactmetrics_sitenote_active":false,"_exactmetrics_sitenote_note":"","_exactmetrics_sitenote_category":0},"product_brand":[],"product_cat":[99],"product_tag":[],"class_list":{"0":"post-2654","1":"product","2":"type-product","3":"status-publish","4":"has-post-thumbnail","6":"product_cat-bomba-manual-para-liquidos","8":"first","9":"instock","10":"shipping-taxable","11":"product-type-simple"},"_links":{"self":[{"href":"https:\/\/totallubri.com.br\/index.php?rest_route=\/wp\/v2\/product\/2654","targetHints":{"allow":["GET"]}}],"collection":[{"href":"https:\/\/totallubri.com.br\/index.php?rest_route=\/wp\/v2\/product"}],"about":[{"href":"https:\/\/totallubri.com.br\/index.php?rest_route=\/wp\/v2\/types\/product"}],"replies":[{"embeddable":true,"href":"https:\/\/totallubri.com.br\/index.php?rest_route=%2Fwp%2Fv2%2Fcomments&post=2654"}],"wp:featuredmedia":[{"embeddable":true,"href":"https:\/\/totallubri.com.br\/index.php?rest_route=\/wp\/v2\/media\/2655"}],"wp:attachment":[{"href":"https:\/\/totallubri.com.br\/index.php?rest_route=%2Fwp%2Fv2%2Fmedia&parent=2654"}],"wp:term":[{"taxonomy":"product_brand","embeddable":true,"href":"https:\/\/totallubri.com.br\/index.php?rest_route=%2Fwp%2Fv2%2Fproduct_brand&post=2654"},{"taxonomy":"product_cat","embeddable":true,"href":"https:\/\/totallubri.com.br\/index.php?rest_route=%2Fwp%2Fv2%2Fproduct_cat&post=2654"},{"taxonomy":"product_tag","embeddable":true,"href":"https:\/\/totallubri.com.br\/index.php?rest_route=%2Fwp%2Fv2%2Fproduct_tag&post=2654"}],"curies":[{"name":"wp","href":"https:\/\/api.w.org\/{rel}","templated":true}]}}