{"id":2664,"date":"2016-12-21T10:44:59","date_gmt":"2016-12-21T12:44:59","guid":{"rendered":"http:\/\/totallubri.com.br\/wp\/?post_type=product&#038;p=2664"},"modified":"2025-05-02T12:43:30","modified_gmt":"2025-05-02T15:43:30","slug":"bomba-manual-de-pedal-7002-sp-samoa","status":"publish","type":"product","link":"https:\/\/totallubri.com.br\/?product=bomba-manual-de-pedal-7002-sp-samoa","title":{"rendered":"Bomba Manual de Pedal \u2013 7002-SP \u2013 Samoa"},"content":{"rendered":"<p>Utilizada para trabalhos manuais, Qualidade Samoa, f\u00e1cil de utilizar, necessita uso de uma das m\u00e3os e o p\u00e9 para bombear a graxa sistema de Pedal.<\/p>\n<p>Descri\u00e7\u00e3o:Bomba Manual de Pedal<br \/>\nEm chapa de a\u00e7o, para graxa de baixa e m\u00e9dia consist\u00eancia, \u00e0 prova de vazamento, com v\u00e1lvula purgadora de ar e acoplador hidr\u00e1ulico universal de 4 vias com v\u00e1lvula de reten\u00e7\u00e3o.<\/p>\n<p>Capacidade 5 kg<br \/>\nAcionamento pedal<br \/>\nPress\u00e3o m\u00e1xima de opera\u00e7\u00e3o 7.150 PSI<br \/>\nMangueira 2 m \/ alta press\u00e3o<\/p>\n<p>Peso 10,7 kg<\/p>\n","protected":false},"excerpt":{"rendered":"<p>Utilizada para trabalhos manuais, Qualidade Samoa, f\u00e1cil de utilizar, necessita uso de uma das m\u00e3os e o p\u00e9 para bombear a graxa sistema de Pedal. Descri\u00e7\u00e3o:Bomba Manual de Pedal Em chapa de a\u00e7o, para graxa de baixa e m\u00e9dia consist\u00eancia, \u00e0 prova de vazamento, com v\u00e1lvula purgadora de ar e acoplador hidr\u00e1ulico universal de 4 [&hellip;]<\/p>\n","protected":false},"featured_media":2665,"comment_status":"open","ping_status":"closed","template":"","meta":{"_exactmetrics_skip_tracking":false,"_exactmetrics_sitenote_active":false,"_exactmetrics_sitenote_note":"","_exactmetrics_sitenote_category":0},"product_brand":[],"product_cat":[99],"product_tag":[],"class_list":{"0":"post-2664","1":"product","2":"type-product","3":"status-publish","4":"has-post-thumbnail","6":"product_cat-bomba-manual-para-liquidos","8":"first","9":"instock","10":"shipping-taxable","11":"product-type-simple"},"_links":{"self":[{"href":"https:\/\/totallubri.com.br\/index.php?rest_route=\/wp\/v2\/product\/2664","targetHints":{"allow":["GET"]}}],"collection":[{"href":"https:\/\/totallubri.com.br\/index.php?rest_route=\/wp\/v2\/product"}],"about":[{"href":"https:\/\/totallubri.com.br\/index.php?rest_route=\/wp\/v2\/types\/product"}],"replies":[{"embeddable":true,"href":"https:\/\/totallubri.com.br\/index.php?rest_route=%2Fwp%2Fv2%2Fcomments&post=2664"}],"wp:featuredmedia":[{"embeddable":true,"href":"https:\/\/totallubri.com.br\/index.php?rest_route=\/wp\/v2\/media\/2665"}],"wp:attachment":[{"href":"https:\/\/totallubri.com.br\/index.php?rest_route=%2Fwp%2Fv2%2Fmedia&parent=2664"}],"wp:term":[{"taxonomy":"product_brand","embeddable":true,"href":"https:\/\/totallubri.com.br\/index.php?rest_route=%2Fwp%2Fv2%2Fproduct_brand&post=2664"},{"taxonomy":"product_cat","embeddable":true,"href":"https:\/\/totallubri.com.br\/index.php?rest_route=%2Fwp%2Fv2%2Fproduct_cat&post=2664"},{"taxonomy":"product_tag","embeddable":true,"href":"https:\/\/totallubri.com.br\/index.php?rest_route=%2Fwp%2Fv2%2Fproduct_tag&post=2664"}],"curies":[{"name":"wp","href":"https:\/\/api.w.org\/{rel}","templated":true}]}}