{"id":2674,"date":"2016-12-21T10:58:15","date_gmt":"2016-12-21T12:58:15","guid":{"rendered":"http:\/\/totallubri.com.br\/wp\/?post_type=product&#038;p=2674"},"modified":"2025-05-02T12:36:56","modified_gmt":"2025-05-02T15:36:56","slug":"bomba-manual-para-graxa-bozza-7029-special","status":"publish","type":"product","link":"https:\/\/totallubri.com.br\/?product=bomba-manual-para-graxa-bozza-7029-special","title":{"rendered":"Bomba Manual para Graxa -7029- Special-BOZZA"},"content":{"rendered":"<p>Utilizada em equipamentos e m\u00e1quinas que necessitam de pouca vaz\u00e3o na hora da Lubrifica\u00e7\u00e3o com Graxa. utiliza o sistema Alavanca, comporta cartuchos de Graxa, e trabalhamos com outros modelos manuais que atendem na medida certa a sua necessidade ligue e confira.<\/p>\n<p>detalhes do produto<\/p>\n<p>Bomba Manual para Graxa com alavanca lateral e cabo anat\u00f4mico<br \/>\n&#8211; Acoplador hidr\u00e1ulico (mod. 310-C)<br \/>\n&#8211; Capacidade de 750 cm\u00b3<br \/>\n&#8211; Desenvolve press\u00e3o de at\u00e9 6.000 PSI<br \/>\n&#8211; Permite a utiliza\u00e7\u00e3o de cartuchos de graxa<br \/>\n&#8211; Vaz\u00e3o de 1 g por acionamento<br \/>\n&#8211; Largura: 130 mm \/ Altura: 645 mm<br \/>\n&#8211; Peso l\u00edquido: 1,653 kg<br \/>\n&#8211; Peso bruto: 1,691 kg<\/p>\n","protected":false},"excerpt":{"rendered":"<p>Utilizada em equipamentos e m\u00e1quinas que necessitam de pouca vaz\u00e3o na hora da Lubrifica\u00e7\u00e3o com Graxa. utiliza o sistema Alavanca, comporta cartuchos de Graxa, e trabalhamos com outros modelos manuais que atendem na medida certa a sua necessidade ligue e confira. detalhes do produto Bomba Manual para Graxa com alavanca lateral e cabo anat\u00f4mico &#8211; [&hellip;]<\/p>\n","protected":false},"featured_media":2675,"comment_status":"open","ping_status":"closed","template":"","meta":{"_exactmetrics_skip_tracking":false,"_exactmetrics_sitenote_active":false,"_exactmetrics_sitenote_note":"","_exactmetrics_sitenote_category":0},"product_brand":[],"product_cat":[99],"product_tag":[],"class_list":{"0":"post-2674","1":"product","2":"type-product","3":"status-publish","4":"has-post-thumbnail","6":"product_cat-bomba-manual-para-liquidos","8":"first","9":"instock","10":"shipping-taxable","11":"product-type-simple"},"_links":{"self":[{"href":"https:\/\/totallubri.com.br\/index.php?rest_route=\/wp\/v2\/product\/2674","targetHints":{"allow":["GET"]}}],"collection":[{"href":"https:\/\/totallubri.com.br\/index.php?rest_route=\/wp\/v2\/product"}],"about":[{"href":"https:\/\/totallubri.com.br\/index.php?rest_route=\/wp\/v2\/types\/product"}],"replies":[{"embeddable":true,"href":"https:\/\/totallubri.com.br\/index.php?rest_route=%2Fwp%2Fv2%2Fcomments&post=2674"}],"wp:featuredmedia":[{"embeddable":true,"href":"https:\/\/totallubri.com.br\/index.php?rest_route=\/wp\/v2\/media\/2675"}],"wp:attachment":[{"href":"https:\/\/totallubri.com.br\/index.php?rest_route=%2Fwp%2Fv2%2Fmedia&parent=2674"}],"wp:term":[{"taxonomy":"product_brand","embeddable":true,"href":"https:\/\/totallubri.com.br\/index.php?rest_route=%2Fwp%2Fv2%2Fproduct_brand&post=2674"},{"taxonomy":"product_cat","embeddable":true,"href":"https:\/\/totallubri.com.br\/index.php?rest_route=%2Fwp%2Fv2%2Fproduct_cat&post=2674"},{"taxonomy":"product_tag","embeddable":true,"href":"https:\/\/totallubri.com.br\/index.php?rest_route=%2Fwp%2Fv2%2Fproduct_tag&post=2674"}],"curies":[{"name":"wp","href":"https:\/\/api.w.org\/{rel}","templated":true}]}}