{"id":2676,"date":"2016-12-21T11:00:26","date_gmt":"2016-12-21T13:00:26","guid":{"rendered":"http:\/\/totallubri.com.br\/wp\/?post_type=product&#038;p=2676"},"modified":"2025-05-02T12:35:43","modified_gmt":"2025-05-02T15:35:43","slug":"bomba-manual-para-graxa-bozza-7030","status":"publish","type":"product","link":"https:\/\/totallubri.com.br\/?product=bomba-manual-para-graxa-bozza-7030","title":{"rendered":"Bomba Manual para Graxa -7030 \u2013 BOZZA"},"content":{"rendered":"<p>Utilizada em equipamentos e m\u00e1quinas que necessitam de pouca vaz\u00e3o na hora da Lubrifica\u00e7\u00e3o com Graxa. utiliza o sistema vai e vem, trabalhamos com outros modelos manuais que atendem na medida certa a sua necessidade ligue e confira.<\/p>\n<p>detalhes do produto<\/p>\n<p>Bomba Manual para Graxa<br \/>\n&#8211; Capacidade de 125 cm\u00b3<br \/>\n&#8211; Atua por press\u00e3o, sistema vai e vem<br \/>\n&#8211; Bico f\u00eamea e bico macho<br \/>\n&#8211; Largura: 49 mm \/ Altura: 225 mm<br \/>\n&#8211; Peso l\u00edquido: 0,423 kg<\/p>\n","protected":false},"excerpt":{"rendered":"<p>Utilizada em equipamentos e m\u00e1quinas que necessitam de pouca vaz\u00e3o na hora da Lubrifica\u00e7\u00e3o com Graxa. utiliza o sistema vai e vem, trabalhamos com outros modelos manuais que atendem na medida certa a sua necessidade ligue e confira. detalhes do produto Bomba Manual para Graxa &#8211; Capacidade de 125 cm\u00b3 &#8211; Atua por press\u00e3o, sistema [&hellip;]<\/p>\n","protected":false},"featured_media":2677,"comment_status":"open","ping_status":"closed","template":"","meta":{"_exactmetrics_skip_tracking":false,"_exactmetrics_sitenote_active":false,"_exactmetrics_sitenote_note":"","_exactmetrics_sitenote_category":0},"product_brand":[],"product_cat":[99],"product_tag":[],"class_list":{"0":"post-2676","1":"product","2":"type-product","3":"status-publish","4":"has-post-thumbnail","6":"product_cat-bomba-manual-para-liquidos","8":"first","9":"instock","10":"shipping-taxable","11":"product-type-simple"},"_links":{"self":[{"href":"https:\/\/totallubri.com.br\/index.php?rest_route=\/wp\/v2\/product\/2676","targetHints":{"allow":["GET"]}}],"collection":[{"href":"https:\/\/totallubri.com.br\/index.php?rest_route=\/wp\/v2\/product"}],"about":[{"href":"https:\/\/totallubri.com.br\/index.php?rest_route=\/wp\/v2\/types\/product"}],"replies":[{"embeddable":true,"href":"https:\/\/totallubri.com.br\/index.php?rest_route=%2Fwp%2Fv2%2Fcomments&post=2676"}],"wp:featuredmedia":[{"embeddable":true,"href":"https:\/\/totallubri.com.br\/index.php?rest_route=\/wp\/v2\/media\/2677"}],"wp:attachment":[{"href":"https:\/\/totallubri.com.br\/index.php?rest_route=%2Fwp%2Fv2%2Fmedia&parent=2676"}],"wp:term":[{"taxonomy":"product_brand","embeddable":true,"href":"https:\/\/totallubri.com.br\/index.php?rest_route=%2Fwp%2Fv2%2Fproduct_brand&post=2676"},{"taxonomy":"product_cat","embeddable":true,"href":"https:\/\/totallubri.com.br\/index.php?rest_route=%2Fwp%2Fv2%2Fproduct_cat&post=2676"},{"taxonomy":"product_tag","embeddable":true,"href":"https:\/\/totallubri.com.br\/index.php?rest_route=%2Fwp%2Fv2%2Fproduct_tag&post=2676"}],"curies":[{"name":"wp","href":"https:\/\/api.w.org\/{rel}","templated":true}]}}