{"id":2684,"date":"2016-12-21T11:10:52","date_gmt":"2016-12-21T13:10:52","guid":{"rendered":"http:\/\/totallubri.com.br\/wp\/?post_type=product&#038;p=2684"},"modified":"2025-05-02T12:28:14","modified_gmt":"2025-05-02T15:28:14","slug":"bomba-manual-para-graxa-bozza-8520","status":"publish","type":"product","link":"https:\/\/totallubri.com.br\/?product=bomba-manual-para-graxa-bozza-8520","title":{"rendered":"Bomba Manual para Graxa \u2013 8520-G3 \u2013 BOZZA"},"content":{"rendered":"<p>Utilizada em equipamentos e m\u00e1quinas que ficam fixos n\u00e3o podendo ser deslocados do local de trabalho.ideal para empresas que utilizam o sistema de Baldes de graxa de 20 Kg.trabalhamos com outras op\u00e7\u00f5es de marcas e modelos manuais que atendem na medida certa a necessidade da sua empresa ligue e confira.<\/p>\n<p>detalhes do produto<\/p>\n<p>Bomba manual para graxa<br \/>\n&#8211; Reservat\u00f3rio de 20 kg<br \/>\n&#8211; Vaz\u00e3o: 12 g\/ciclo<br \/>\n&#8211; Pintura eletrost\u00e1tica a p\u00f3<br \/>\n&#8211; Adapt\u00e1vel a baldes* de 20 kg<br \/>\n&#8211; Mangueira de alta press\u00e3o de 1,30 m<br \/>\n&#8211; Extens\u00e3o r\u00edgida e acoplador hidr\u00e1ulico<br \/>\n&#8211; Compactador de graxa com mola<br \/>\n&#8211; Press\u00e3o m\u00e1xima de 3.500 PSI<br \/>\n&#8211; Bombeamento por deslocamento da alavanca<br \/>\n&#8211; Largura: 335 mm \/ Altura: 710 mm<br \/>\n&#8211; Peso l\u00edquido: 4,905 kg<br \/>\n&#8211; Peso bruto: 5,400 kg<br \/>\n&#8211; Quantidade de volumes: 1<br \/>\n&#8211; Dimens\u00f5es da embalagem: 320 mm (C) X 100 mm (L) X 480 mm (A)<\/p>\n<p>*Balde n\u00e3o fornecido<\/p>\n<p>Obs.: Todos os resultados apresentados foram obtidos de bombas com vaz\u00e3o livre. Lubrificantes utilizados: Graxa de consist\u00eancia grau 2 NLGI. Temperatura ambiente. Outra consist\u00eancia de graxa, sob consulta.<\/p>\n","protected":false},"excerpt":{"rendered":"<p>Utilizada em equipamentos e m\u00e1quinas que ficam fixos n\u00e3o podendo ser deslocados do local de trabalho.ideal para empresas que utilizam o sistema de Baldes de graxa de 20 Kg.trabalhamos com outras op\u00e7\u00f5es de marcas e modelos manuais que atendem na medida certa a necessidade da sua empresa ligue e confira. detalhes do produto Bomba manual [&hellip;]<\/p>\n","protected":false},"featured_media":6963,"comment_status":"open","ping_status":"closed","template":"","meta":{"_exactmetrics_skip_tracking":false,"_exactmetrics_sitenote_active":false,"_exactmetrics_sitenote_note":"","_exactmetrics_sitenote_category":0},"product_brand":[],"product_cat":[99],"product_tag":[],"class_list":{"0":"post-2684","1":"product","2":"type-product","3":"status-publish","4":"has-post-thumbnail","6":"product_cat-bomba-manual-para-liquidos","8":"first","9":"instock","10":"shipping-taxable","11":"product-type-simple"},"_links":{"self":[{"href":"https:\/\/totallubri.com.br\/index.php?rest_route=\/wp\/v2\/product\/2684","targetHints":{"allow":["GET"]}}],"collection":[{"href":"https:\/\/totallubri.com.br\/index.php?rest_route=\/wp\/v2\/product"}],"about":[{"href":"https:\/\/totallubri.com.br\/index.php?rest_route=\/wp\/v2\/types\/product"}],"replies":[{"embeddable":true,"href":"https:\/\/totallubri.com.br\/index.php?rest_route=%2Fwp%2Fv2%2Fcomments&post=2684"}],"wp:featuredmedia":[{"embeddable":true,"href":"https:\/\/totallubri.com.br\/index.php?rest_route=\/wp\/v2\/media\/6963"}],"wp:attachment":[{"href":"https:\/\/totallubri.com.br\/index.php?rest_route=%2Fwp%2Fv2%2Fmedia&parent=2684"}],"wp:term":[{"taxonomy":"product_brand","embeddable":true,"href":"https:\/\/totallubri.com.br\/index.php?rest_route=%2Fwp%2Fv2%2Fproduct_brand&post=2684"},{"taxonomy":"product_cat","embeddable":true,"href":"https:\/\/totallubri.com.br\/index.php?rest_route=%2Fwp%2Fv2%2Fproduct_cat&post=2684"},{"taxonomy":"product_tag","embeddable":true,"href":"https:\/\/totallubri.com.br\/index.php?rest_route=%2Fwp%2Fv2%2Fproduct_tag&post=2684"}],"curies":[{"name":"wp","href":"https:\/\/api.w.org\/{rel}","templated":true}]}}