{"id":2688,"date":"2016-12-21T11:16:16","date_gmt":"2016-12-21T13:16:16","guid":{"rendered":"http:\/\/totallubri.com.br\/wp\/?post_type=product&#038;p=2688"},"modified":"2025-05-02T12:26:36","modified_gmt":"2025-05-02T15:26:36","slug":"bomba-manual-para-graxa-bozza-8620","status":"publish","type":"product","link":"https:\/\/totallubri.com.br\/?product=bomba-manual-para-graxa-bozza-8620","title":{"rendered":"Bomba Manual para Graxa \u2013 8620-G2 -BOZZA"},"content":{"rendered":"<p>Utilizada em equipamentos e m\u00e1quinas que ficam fixos n\u00e3o podendo ser deslocados do local de trabalho. s\u00e3o feitas de material resistente com rodinhas que facilitam a movimenta\u00e7\u00e3o do equipamento em locais com \u00e1rea fabril grande, comporta 14 kg de graxa, trabalhamos com outras op\u00e7\u00f5es de marcas e modelos manuais que atendem na medida certa a necessidade da sua empresa ligue e confira.<\/p>\n<p>detalhes do produto<\/p>\n<p>Dentre as melhorias nesta nova gera\u00e7\u00e3o, destacam-se:<br \/>\n&#8211; Constru\u00e7\u00e3o refor\u00e7ada para dar mais durabilidade<br \/>\n&#8211; Aro remov\u00edvel com fecho r\u00e1pido para evitar vazamentos<br \/>\n&#8211; P\u00e9 remov\u00edvel com fechamento parafuso<br \/>\n&#8211; Solda por estanho e fundo recravado anti vazamento<br \/>\n&#8211; Revestimento interno com verniz incolor para evitar corros\u00e3o<br \/>\n&#8211; Novo visual customizado com impress\u00e3o litogr\u00e1fica<\/p>\n<p>Caracter\u00edsticas T\u00e9cnicas<br \/>\n&#8211; Bomba Manual para Graxa<br \/>\n&#8211; Carrinho de 2 rodas<br \/>\n&#8211; Reservat\u00f3rio de 14 kg<br \/>\n&#8211; Vaz\u00e3o de 12 g\/ciclo<br \/>\n&#8211; Pintura eletrost\u00e1tica a p\u00f3 interna e externa<br \/>\n&#8211; Mangueira de alta press\u00e3o de 1,30 m<br \/>\n&#8211; Extens\u00e3o r\u00edgida e acoplador hidr\u00e1ulico<br \/>\n&#8211; Compactador de graxa com mola<br \/>\n&#8211; Press\u00e3o m\u00e1xima de 3.500 PSI<br \/>\n&#8211; Bombeamento por deslocamento da alavanca<br \/>\n&#8211; Largura: 365 mm \/ Altura: 935 mm<br \/>\n&#8211; Peso l\u00edquido: 7,206 kg<br \/>\n&#8211; Peso bruto: 8,087 kg<br \/>\n&#8211; Quantidade de volumes: 1<br \/>\n&#8211; Dimens\u00f5es da embalagem: 400 mm (C) X 280 mm (L) X 540 mm (A)<\/p>\n<p>Obs.: Os resultados apresentados foram obtidos de bombas com vaz\u00e3o livre. Lubrificantes utilizados: Graxa de consist\u00eancia grau 2 NLGI. Temperatura ambiente. Outra consist\u00eancia de graxa, sob consulta.<\/p>\n","protected":false},"excerpt":{"rendered":"<p>Utilizada em equipamentos e m\u00e1quinas que ficam fixos n\u00e3o podendo ser deslocados do local de trabalho. s\u00e3o feitas de material resistente com rodinhas que facilitam a movimenta\u00e7\u00e3o do equipamento em locais com \u00e1rea fabril grande, comporta 14 kg de graxa, trabalhamos com outras op\u00e7\u00f5es de marcas e modelos manuais que atendem na medida certa a [&hellip;]<\/p>\n","protected":false},"featured_media":2689,"comment_status":"open","ping_status":"closed","template":"","meta":{"_exactmetrics_skip_tracking":false,"_exactmetrics_sitenote_active":false,"_exactmetrics_sitenote_note":"","_exactmetrics_sitenote_category":0},"product_brand":[],"product_cat":[99],"product_tag":[],"class_list":{"0":"post-2688","1":"product","2":"type-product","3":"status-publish","4":"has-post-thumbnail","6":"product_cat-bomba-manual-para-liquidos","8":"first","9":"instock","10":"shipping-taxable","11":"product-type-simple"},"_links":{"self":[{"href":"https:\/\/totallubri.com.br\/index.php?rest_route=\/wp\/v2\/product\/2688","targetHints":{"allow":["GET"]}}],"collection":[{"href":"https:\/\/totallubri.com.br\/index.php?rest_route=\/wp\/v2\/product"}],"about":[{"href":"https:\/\/totallubri.com.br\/index.php?rest_route=\/wp\/v2\/types\/product"}],"replies":[{"embeddable":true,"href":"https:\/\/totallubri.com.br\/index.php?rest_route=%2Fwp%2Fv2%2Fcomments&post=2688"}],"wp:featuredmedia":[{"embeddable":true,"href":"https:\/\/totallubri.com.br\/index.php?rest_route=\/wp\/v2\/media\/2689"}],"wp:attachment":[{"href":"https:\/\/totallubri.com.br\/index.php?rest_route=%2Fwp%2Fv2%2Fmedia&parent=2688"}],"wp:term":[{"taxonomy":"product_brand","embeddable":true,"href":"https:\/\/totallubri.com.br\/index.php?rest_route=%2Fwp%2Fv2%2Fproduct_brand&post=2688"},{"taxonomy":"product_cat","embeddable":true,"href":"https:\/\/totallubri.com.br\/index.php?rest_route=%2Fwp%2Fv2%2Fproduct_cat&post=2688"},{"taxonomy":"product_tag","embeddable":true,"href":"https:\/\/totallubri.com.br\/index.php?rest_route=%2Fwp%2Fv2%2Fproduct_tag&post=2688"}],"curies":[{"name":"wp","href":"https:\/\/api.w.org\/{rel}","templated":true}]}}