{"id":2708,"date":"2016-12-22T10:05:20","date_gmt":"2016-12-22T12:05:20","guid":{"rendered":"http:\/\/totallubri.com.br\/wp\/?post_type=product&#038;p=2708"},"modified":"2025-01-05T18:26:31","modified_gmt":"2025-01-05T21:26:31","slug":"bomba-pneumatica-2015-gs-samoa","status":"publish","type":"product","link":"https:\/\/totallubri.com.br\/?product=bomba-pneumatica-2015-gs-samoa","title":{"rendered":"Bomba Pneumatica &#8211; 2015-GS &#8211; Samoa"},"content":{"rendered":"<p>Bomba Pneum\u00e1tica Samoa, qualidade Alem\u00e3, necessita apenas de uma m\u00e3o para executar a tarefa e dispon\u00edvel em Alavanca.<\/p>\n<p>Descri\u00e7\u00e3o:Bomba Pneumatica<br \/>\nEm a\u00e7o, alta press\u00e3o, pode ser usada com cartuchos de graxa, para trabalhos pesados, com extens\u00e3o r\u00edgida e acoplador.<\/p>\n<p>Capacidade 1 kg<br \/>\nExtens\u00e3o flex\u00edvel<br \/>\nPress\u00e3o m\u00e1xima de opera\u00e7\u00e3o<br \/>\n10.00 PSI<br \/>\nEntrada de ar 1\/4&#8243; NPT<\/p>\n<p>Peso 3,2 kg<br \/>\nMedidas (A) 620 mm x (L) 240 mm<\/p>\n","protected":false},"excerpt":{"rendered":"<p>Bomba Pneum\u00e1tica Samoa, qualidade Alem\u00e3, necessita apenas de uma m\u00e3o para executar a tarefa e dispon\u00edvel em Alavanca. Descri\u00e7\u00e3o:Bomba Pneumatica Em a\u00e7o, alta press\u00e3o, pode ser usada com cartuchos de graxa, para trabalhos pesados, com extens\u00e3o r\u00edgida e acoplador. Capacidade 1 kg Extens\u00e3o flex\u00edvel Press\u00e3o m\u00e1xima de opera\u00e7\u00e3o 10.00 PSI Entrada de ar 1\/4&#8243; NPT [&hellip;]<\/p>\n","protected":false},"featured_media":2709,"comment_status":"open","ping_status":"closed","template":"","meta":{"_exactmetrics_skip_tracking":false,"_exactmetrics_sitenote_active":false,"_exactmetrics_sitenote_note":"","_exactmetrics_sitenote_category":0},"product_brand":[],"product_cat":[94],"product_tag":[],"class_list":{"0":"post-2708","1":"product","2":"type-product","3":"status-publish","4":"has-post-thumbnail","6":"product_cat-bombas-centrifuga-pneumaticas-e-hidraulicas","8":"first","9":"instock","10":"shipping-taxable","11":"product-type-simple"},"_links":{"self":[{"href":"https:\/\/totallubri.com.br\/index.php?rest_route=\/wp\/v2\/product\/2708","targetHints":{"allow":["GET"]}}],"collection":[{"href":"https:\/\/totallubri.com.br\/index.php?rest_route=\/wp\/v2\/product"}],"about":[{"href":"https:\/\/totallubri.com.br\/index.php?rest_route=\/wp\/v2\/types\/product"}],"replies":[{"embeddable":true,"href":"https:\/\/totallubri.com.br\/index.php?rest_route=%2Fwp%2Fv2%2Fcomments&post=2708"}],"wp:featuredmedia":[{"embeddable":true,"href":"https:\/\/totallubri.com.br\/index.php?rest_route=\/wp\/v2\/media\/2709"}],"wp:attachment":[{"href":"https:\/\/totallubri.com.br\/index.php?rest_route=%2Fwp%2Fv2%2Fmedia&parent=2708"}],"wp:term":[{"taxonomy":"product_brand","embeddable":true,"href":"https:\/\/totallubri.com.br\/index.php?rest_route=%2Fwp%2Fv2%2Fproduct_brand&post=2708"},{"taxonomy":"product_cat","embeddable":true,"href":"https:\/\/totallubri.com.br\/index.php?rest_route=%2Fwp%2Fv2%2Fproduct_cat&post=2708"},{"taxonomy":"product_tag","embeddable":true,"href":"https:\/\/totallubri.com.br\/index.php?rest_route=%2Fwp%2Fv2%2Fproduct_tag&post=2708"}],"curies":[{"name":"wp","href":"https:\/\/api.w.org\/{rel}","templated":true}]}}