{"id":2710,"date":"2016-12-22T10:06:18","date_gmt":"2016-12-22T12:06:18","guid":{"rendered":"http:\/\/totallubri.com.br\/wp\/?post_type=product&#038;p=2710"},"modified":"2025-01-05T18:24:14","modified_gmt":"2025-01-05T21:24:14","slug":"bomba-pneumatica-2015-pn-lupus","status":"publish","type":"product","link":"https:\/\/totallubri.com.br\/?product=bomba-pneumatica-2015-pn-lupus","title":{"rendered":"Bomba Pneumatica-2015-PN &#8211; Lupus"},"content":{"rendered":"<p>Bomba Pneum\u00e1tica, necessita apenas de uma m\u00e3o para executar a tarefa e dispon\u00edvel em Alavanca.<\/p>\n<p>Descri\u00e7\u00e3o: Bomba Pneumatica<br \/>\nEm a\u00e7o, alta press\u00e3o, para trabalhos leves, com extens\u00e3o r\u00edgida e acoplador.<\/p>\n<p>Capacidade 500 g<br \/>\nExtens\u00e3o r\u00edgida<br \/>\nPress\u00e3o m\u00e1xima de opera\u00e7\u00e3o<br \/>\n10.000 PSI<\/p>\n<p>Peso 1,5 kg<br \/>\nMedidas (A) 535 mm x (L) 320 mm<\/p>\n","protected":false},"excerpt":{"rendered":"<p>Bomba Pneum\u00e1tica, necessita apenas de uma m\u00e3o para executar a tarefa e dispon\u00edvel em Alavanca. Descri\u00e7\u00e3o: Bomba Pneumatica Em a\u00e7o, alta press\u00e3o, para trabalhos leves, com extens\u00e3o r\u00edgida e acoplador. Capacidade 500 g Extens\u00e3o r\u00edgida Press\u00e3o m\u00e1xima de opera\u00e7\u00e3o 10.000 PSI Peso 1,5 kg Medidas (A) 535 mm x (L) 320 mm<\/p>\n","protected":false},"featured_media":2711,"comment_status":"open","ping_status":"closed","template":"","meta":{"_exactmetrics_skip_tracking":false,"_exactmetrics_sitenote_active":false,"_exactmetrics_sitenote_note":"","_exactmetrics_sitenote_category":0},"product_brand":[],"product_cat":[94],"product_tag":[],"class_list":{"0":"post-2710","1":"product","2":"type-product","3":"status-publish","4":"has-post-thumbnail","6":"product_cat-bombas-centrifuga-pneumaticas-e-hidraulicas","8":"first","9":"instock","10":"shipping-taxable","11":"product-type-simple"},"_links":{"self":[{"href":"https:\/\/totallubri.com.br\/index.php?rest_route=\/wp\/v2\/product\/2710","targetHints":{"allow":["GET"]}}],"collection":[{"href":"https:\/\/totallubri.com.br\/index.php?rest_route=\/wp\/v2\/product"}],"about":[{"href":"https:\/\/totallubri.com.br\/index.php?rest_route=\/wp\/v2\/types\/product"}],"replies":[{"embeddable":true,"href":"https:\/\/totallubri.com.br\/index.php?rest_route=%2Fwp%2Fv2%2Fcomments&post=2710"}],"wp:featuredmedia":[{"embeddable":true,"href":"https:\/\/totallubri.com.br\/index.php?rest_route=\/wp\/v2\/media\/2711"}],"wp:attachment":[{"href":"https:\/\/totallubri.com.br\/index.php?rest_route=%2Fwp%2Fv2%2Fmedia&parent=2710"}],"wp:term":[{"taxonomy":"product_brand","embeddable":true,"href":"https:\/\/totallubri.com.br\/index.php?rest_route=%2Fwp%2Fv2%2Fproduct_brand&post=2710"},{"taxonomy":"product_cat","embeddable":true,"href":"https:\/\/totallubri.com.br\/index.php?rest_route=%2Fwp%2Fv2%2Fproduct_cat&post=2710"},{"taxonomy":"product_tag","embeddable":true,"href":"https:\/\/totallubri.com.br\/index.php?rest_route=%2Fwp%2Fv2%2Fproduct_tag&post=2710"}],"curies":[{"name":"wp","href":"https:\/\/api.w.org\/{rel}","templated":true}]}}