{"id":2718,"date":"2016-12-22T10:13:23","date_gmt":"2016-12-22T12:13:23","guid":{"rendered":"http:\/\/totallubri.com.br\/wp\/?post_type=product&#038;p=2718"},"modified":"2025-01-05T18:19:31","modified_gmt":"2025-01-05T21:19:31","slug":"bomba-pneumatica-para-graxa-bozza-7029-air","status":"publish","type":"product","link":"https:\/\/totallubri.com.br\/?product=bomba-pneumatica-para-graxa-bozza-7029-air","title":{"rendered":"Bomba Pneum\u00e1tica para Graxa -7029-AIR -BOZZA"},"content":{"rendered":"<p>Indicada para uso em manuten\u00e7\u00e3o de f\u00e1brica, aplica\u00e7\u00f5es agr\u00edcolas, servi\u00e7o de frota ou para uso em caminh\u00f5es ligados ao compressor de ar do veiculo etc.<\/p>\n<p>Caracter\u00edsticas<br \/>\n| Bomba pneum\u00e1tica para graxa<br \/>\n| Acoplador hidr\u00e1ulico (mod. 310-C-News)<br \/>\n| Mangueira flex\u00edvel de 300 mm\/12\u201d<br \/>\n| Extens\u00e3o r\u00edgida de 165 mm\/6,5\u201d<br \/>\n| Permite a utiliza\u00e7\u00e3o de cartucho de graxa de 400 gr<br \/>\n| Carregamento da graxa: cartucho, suc\u00e7\u00e3o ou bomba de enchimento<br \/>\n| Largura x Altura: 128 mm\/5,04\u201d x 550 mm\/21,65\u201d<br \/>\n| Peso l\u00edquido: 1,47 kg\/3,2 lb | Peso Bruto: 1,51 kg\/3,3 lb<\/p>\n<p>Dados T\u00e9cnicos<br \/>\n| Capacidade 500 gr<br \/>\n| Entrada de ar 1\/4\u201d NPT<br \/>\n| Rosca 1\/8\u201d<br \/>\n| Vaz\u00e3o livre 210 gr\/min<br \/>\n| Press\u00e3o entrada 60 &#8211; 115 PSI (4,2-7,9 BAR)<br \/>\n| Press\u00e3o trabalho 3,000-6,000 PSI (207-414 BAR)<br \/>\n| Consumo de ar 6 p\u00e9s\u00b3\/min<\/p>\n<p>Obs.: \u00c9 recomendada a utiliza\u00e7\u00e3o de fonte de ar com entrada de 90 PSI (6,2 BAR) e sa\u00edda de 3,600 PSI (250 BAR)<\/p>\n","protected":false},"excerpt":{"rendered":"<p>Indicada para uso em manuten\u00e7\u00e3o de f\u00e1brica, aplica\u00e7\u00f5es agr\u00edcolas, servi\u00e7o de frota ou para uso em caminh\u00f5es ligados ao compressor de ar do veiculo etc. Caracter\u00edsticas | Bomba pneum\u00e1tica para graxa | Acoplador hidr\u00e1ulico (mod. 310-C-News) | Mangueira flex\u00edvel de 300 mm\/12\u201d | Extens\u00e3o r\u00edgida de 165 mm\/6,5\u201d | Permite a utiliza\u00e7\u00e3o de cartucho de [&hellip;]<\/p>\n","protected":false},"featured_media":2719,"comment_status":"open","ping_status":"closed","template":"","meta":{"_exactmetrics_skip_tracking":false,"_exactmetrics_sitenote_active":false,"_exactmetrics_sitenote_note":"","_exactmetrics_sitenote_category":0},"product_brand":[],"product_cat":[94],"product_tag":[],"class_list":{"0":"post-2718","1":"product","2":"type-product","3":"status-publish","4":"has-post-thumbnail","6":"product_cat-bombas-centrifuga-pneumaticas-e-hidraulicas","8":"first","9":"instock","10":"shipping-taxable","11":"product-type-simple"},"_links":{"self":[{"href":"https:\/\/totallubri.com.br\/index.php?rest_route=\/wp\/v2\/product\/2718","targetHints":{"allow":["GET"]}}],"collection":[{"href":"https:\/\/totallubri.com.br\/index.php?rest_route=\/wp\/v2\/product"}],"about":[{"href":"https:\/\/totallubri.com.br\/index.php?rest_route=\/wp\/v2\/types\/product"}],"replies":[{"embeddable":true,"href":"https:\/\/totallubri.com.br\/index.php?rest_route=%2Fwp%2Fv2%2Fcomments&post=2718"}],"wp:featuredmedia":[{"embeddable":true,"href":"https:\/\/totallubri.com.br\/index.php?rest_route=\/wp\/v2\/media\/2719"}],"wp:attachment":[{"href":"https:\/\/totallubri.com.br\/index.php?rest_route=%2Fwp%2Fv2%2Fmedia&parent=2718"}],"wp:term":[{"taxonomy":"product_brand","embeddable":true,"href":"https:\/\/totallubri.com.br\/index.php?rest_route=%2Fwp%2Fv2%2Fproduct_brand&post=2718"},{"taxonomy":"product_cat","embeddable":true,"href":"https:\/\/totallubri.com.br\/index.php?rest_route=%2Fwp%2Fv2%2Fproduct_cat&post=2718"},{"taxonomy":"product_tag","embeddable":true,"href":"https:\/\/totallubri.com.br\/index.php?rest_route=%2Fwp%2Fv2%2Fproduct_tag&post=2718"}],"curies":[{"name":"wp","href":"https:\/\/api.w.org\/{rel}","templated":true}]}}