{"id":2729,"date":"2016-12-22T10:18:57","date_gmt":"2016-12-22T12:18:57","guid":{"rendered":"http:\/\/totallubri.com.br\/wp\/?post_type=product&#038;p=2729"},"modified":"2024-11-25T22:04:28","modified_gmt":"2024-11-26T01:04:28","slug":"carretel-automatico-3026-m18-samoa","status":"publish","type":"product","link":"https:\/\/totallubri.com.br\/?product=carretel-automatico-3026-m18-samoa","title":{"rendered":"Carretel Automatico &#8211; 3026-M18 Samoa"},"content":{"rendered":"<p>Carretel autom\u00e1tico indicado para empresas que se preocupam com a organiza\u00e7\u00e3o do ambiente de trabalho, e facilidades no manuseio de mangueira.<\/p>\n<p>Descri\u00e7\u00e3o:Carretel Automatico com mangueira<br \/>\nEm alum\u00ednio e ABS, com base simples e retra\u00e7\u00e3o autom\u00e1tica com rolamentos. Montado com mangueira hidr\u00e1ulica.<\/p>\n<p>Mangueira 18 m \/ \u00f8 1\/4\u201d \/ 2 tramas \/ SAE 100R2<br \/>\nPress\u00e3o m\u00e1xima de opera\u00e7\u00e3o . 5.100 PSI<\/p>\n<p>Peso: 16 kg . Medidas: (A) 480 mm x (L) 480 mm<\/p>\n<p>OPCIONAL: 3026<br \/>\nCarretel autom\u00e1tico sem mangueira<\/p>\n","protected":false},"excerpt":{"rendered":"<p>Carretel autom\u00e1tico indicado para empresas que se preocupam com a organiza\u00e7\u00e3o do ambiente de trabalho, e facilidades no manuseio de mangueira. Descri\u00e7\u00e3o:Carretel Automatico com mangueira Em alum\u00ednio e ABS, com base simples e retra\u00e7\u00e3o autom\u00e1tica com rolamentos. Montado com mangueira hidr\u00e1ulica. Mangueira 18 m \/ \u00f8 1\/4\u201d \/ 2 tramas \/ SAE 100R2 Press\u00e3o m\u00e1xima [&hellip;]<\/p>\n","protected":false},"featured_media":2730,"comment_status":"open","ping_status":"closed","template":"","meta":{"_exactmetrics_skip_tracking":false,"_exactmetrics_sitenote_active":false,"_exactmetrics_sitenote_note":"","_exactmetrics_sitenote_category":0},"product_brand":[],"product_cat":[101],"product_tag":[],"class_list":{"0":"post-2729","1":"product","2":"type-product","3":"status-publish","4":"has-post-thumbnail","6":"product_cat-carreteis-samoa-e-coxreels","8":"first","9":"instock","10":"shipping-taxable","11":"product-type-simple"},"_links":{"self":[{"href":"https:\/\/totallubri.com.br\/index.php?rest_route=\/wp\/v2\/product\/2729","targetHints":{"allow":["GET"]}}],"collection":[{"href":"https:\/\/totallubri.com.br\/index.php?rest_route=\/wp\/v2\/product"}],"about":[{"href":"https:\/\/totallubri.com.br\/index.php?rest_route=\/wp\/v2\/types\/product"}],"replies":[{"embeddable":true,"href":"https:\/\/totallubri.com.br\/index.php?rest_route=%2Fwp%2Fv2%2Fcomments&post=2729"}],"wp:featuredmedia":[{"embeddable":true,"href":"https:\/\/totallubri.com.br\/index.php?rest_route=\/wp\/v2\/media\/2730"}],"wp:attachment":[{"href":"https:\/\/totallubri.com.br\/index.php?rest_route=%2Fwp%2Fv2%2Fmedia&parent=2729"}],"wp:term":[{"taxonomy":"product_brand","embeddable":true,"href":"https:\/\/totallubri.com.br\/index.php?rest_route=%2Fwp%2Fv2%2Fproduct_brand&post=2729"},{"taxonomy":"product_cat","embeddable":true,"href":"https:\/\/totallubri.com.br\/index.php?rest_route=%2Fwp%2Fv2%2Fproduct_cat&post=2729"},{"taxonomy":"product_tag","embeddable":true,"href":"https:\/\/totallubri.com.br\/index.php?rest_route=%2Fwp%2Fv2%2Fproduct_tag&post=2729"}],"curies":[{"name":"wp","href":"https:\/\/api.w.org\/{rel}","templated":true}]}}