{"id":2733,"date":"2016-12-22T10:20:45","date_gmt":"2016-12-22T12:20:45","guid":{"rendered":"http:\/\/totallubri.com.br\/wp\/?post_type=product&#038;p=2733"},"modified":"2024-11-25T21:53:55","modified_gmt":"2024-11-26T00:53:55","slug":"carretel-automatico-com-mangueira-3003-m12","status":"publish","type":"product","link":"https:\/\/totallubri.com.br\/?product=carretel-automatico-com-mangueira-3003-m12","title":{"rendered":"Carretel Autom\u00e1tico com Mangueira \u2013 3003-M12 -SAMOA"},"content":{"rendered":"<p>Descri\u00e7\u00e3o:Carretel Autom\u00e1tico com Mangueira<br \/>\nEm a\u00e7o, com base simples e retra\u00e7\u00e3o autom\u00e1tica com rolamentos. Montado com mangueira hidr\u00e1ulica.<\/p>\n<p>Mangueira 12 m \/ \u00f8 1\/4\u201d \/ 2 tramas \/ SAE 100R2<br \/>\nPress\u00e3o m\u00e1xima de opera\u00e7\u00e3o . 5.100 PSI<\/p>\n<p>Peso: 15 kg . Medidas: (A) 535 mm x (L) 565 mm<\/p>\n<p>OPCIONAL: 3003<br \/>\nCarretel autom\u00e1tico sem mangueira<\/p>\n","protected":false},"excerpt":{"rendered":"<p>Descri\u00e7\u00e3o:Carretel Autom\u00e1tico com Mangueira Em a\u00e7o, com base simples e retra\u00e7\u00e3o autom\u00e1tica com rolamentos. Montado com mangueira hidr\u00e1ulica. Mangueira 12 m \/ \u00f8 1\/4\u201d \/ 2 tramas \/ SAE 100R2 Press\u00e3o m\u00e1xima de opera\u00e7\u00e3o . 5.100 PSI Peso: 15 kg . Medidas: (A) 535 mm x (L) 565 mm OPCIONAL: 3003 Carretel autom\u00e1tico sem mangueira<\/p>\n","protected":false},"featured_media":2734,"comment_status":"open","ping_status":"closed","template":"","meta":{"_exactmetrics_skip_tracking":false,"_exactmetrics_sitenote_active":false,"_exactmetrics_sitenote_note":"","_exactmetrics_sitenote_category":0},"product_brand":[],"product_cat":[101],"product_tag":[],"class_list":{"0":"post-2733","1":"product","2":"type-product","3":"status-publish","4":"has-post-thumbnail","6":"product_cat-carreteis-samoa-e-coxreels","8":"first","9":"instock","10":"shipping-taxable","11":"product-type-simple"},"_links":{"self":[{"href":"https:\/\/totallubri.com.br\/index.php?rest_route=\/wp\/v2\/product\/2733","targetHints":{"allow":["GET"]}}],"collection":[{"href":"https:\/\/totallubri.com.br\/index.php?rest_route=\/wp\/v2\/product"}],"about":[{"href":"https:\/\/totallubri.com.br\/index.php?rest_route=\/wp\/v2\/types\/product"}],"replies":[{"embeddable":true,"href":"https:\/\/totallubri.com.br\/index.php?rest_route=%2Fwp%2Fv2%2Fcomments&post=2733"}],"wp:featuredmedia":[{"embeddable":true,"href":"https:\/\/totallubri.com.br\/index.php?rest_route=\/wp\/v2\/media\/2734"}],"wp:attachment":[{"href":"https:\/\/totallubri.com.br\/index.php?rest_route=%2Fwp%2Fv2%2Fmedia&parent=2733"}],"wp:term":[{"taxonomy":"product_brand","embeddable":true,"href":"https:\/\/totallubri.com.br\/index.php?rest_route=%2Fwp%2Fv2%2Fproduct_brand&post=2733"},{"taxonomy":"product_cat","embeddable":true,"href":"https:\/\/totallubri.com.br\/index.php?rest_route=%2Fwp%2Fv2%2Fproduct_cat&post=2733"},{"taxonomy":"product_tag","embeddable":true,"href":"https:\/\/totallubri.com.br\/index.php?rest_route=%2Fwp%2Fv2%2Fproduct_tag&post=2733"}],"curies":[{"name":"wp","href":"https:\/\/api.w.org\/{rel}","templated":true}]}}