{"id":2741,"date":"2016-12-22T10:25:22","date_gmt":"2016-12-22T12:25:22","guid":{"rendered":"http:\/\/totallubri.com.br\/wp\/?post_type=product&#038;p=2741"},"modified":"2024-11-25T13:04:17","modified_gmt":"2024-11-25T16:04:17","slug":"carretel-com-retracao-automatica-para-graxa-bozza-17100ret-gr15bz2000","status":"publish","type":"product","link":"https:\/\/totallubri.com.br\/?product=carretel-com-retracao-automatica-para-graxa-bozza-17100ret-gr15bz2000","title":{"rendered":"Carretel com retra\u00e7ao autom\u00e1tica para graxa -17100RET-GR15BZ2000-BOZZA"},"content":{"rendered":"<p>Produto da marca Bozza \u00e9 um carretel autom\u00e1tico indicado para enrolar mangueira evitando desgaste , excelente custo beneficio para empresas que se preocupam com a organiza\u00e7\u00e3o do ambiente de trabalho, busca facilidades no manuseio de mangueira, e consequentemente ganha em agilidade nos processos.<\/p>\n<p>detalhes do produto<\/p>\n<p>Carretel Autom\u00e1tico para Graxa<br \/>\n&#8211; Mangueira de 1\/4\u201d com 15 m<br \/>\n&#8211; Conex\u00e3o girat\u00f3ria mod. 7302-C<br \/>\n&#8211; Medidor de graxa BZ-2000<br \/>\n&#8211; Press\u00e3o de trabalho: 5.000 PSI<br \/>\n&#8211; Peso l\u00edquido: 25,064 kg<br \/>\n&#8211; Peso bruto: 26,464 kg<br \/>\n&#8211; Quantidade de volumes: 1<br \/>\n&#8211; Dimens\u00f5es da embalagem: 550 mm (C) X 260 mm (L) X 565 mm (A)<\/p>\n","protected":false},"excerpt":{"rendered":"<p>Produto da marca Bozza \u00e9 um carretel autom\u00e1tico indicado para enrolar mangueira evitando desgaste , excelente custo beneficio para empresas que se preocupam com a organiza\u00e7\u00e3o do ambiente de trabalho, busca facilidades no manuseio de mangueira, e consequentemente ganha em agilidade nos processos. detalhes do produto Carretel Autom\u00e1tico para Graxa &#8211; Mangueira de 1\/4\u201d com [&hellip;]<\/p>\n","protected":false},"featured_media":2742,"comment_status":"open","ping_status":"closed","template":"","meta":{"_exactmetrics_skip_tracking":false,"_exactmetrics_sitenote_active":false,"_exactmetrics_sitenote_note":"","_exactmetrics_sitenote_category":0},"product_brand":[],"product_cat":[100],"product_tag":[],"class_list":{"0":"post-2741","1":"product","2":"type-product","3":"status-publish","4":"has-post-thumbnail","6":"product_cat-carretel-retratil","8":"first","9":"instock","10":"shipping-taxable","11":"product-type-simple"},"_links":{"self":[{"href":"https:\/\/totallubri.com.br\/index.php?rest_route=\/wp\/v2\/product\/2741","targetHints":{"allow":["GET"]}}],"collection":[{"href":"https:\/\/totallubri.com.br\/index.php?rest_route=\/wp\/v2\/product"}],"about":[{"href":"https:\/\/totallubri.com.br\/index.php?rest_route=\/wp\/v2\/types\/product"}],"replies":[{"embeddable":true,"href":"https:\/\/totallubri.com.br\/index.php?rest_route=%2Fwp%2Fv2%2Fcomments&post=2741"}],"wp:featuredmedia":[{"embeddable":true,"href":"https:\/\/totallubri.com.br\/index.php?rest_route=\/wp\/v2\/media\/2742"}],"wp:attachment":[{"href":"https:\/\/totallubri.com.br\/index.php?rest_route=%2Fwp%2Fv2%2Fmedia&parent=2741"}],"wp:term":[{"taxonomy":"product_brand","embeddable":true,"href":"https:\/\/totallubri.com.br\/index.php?rest_route=%2Fwp%2Fv2%2Fproduct_brand&post=2741"},{"taxonomy":"product_cat","embeddable":true,"href":"https:\/\/totallubri.com.br\/index.php?rest_route=%2Fwp%2Fv2%2Fproduct_cat&post=2741"},{"taxonomy":"product_tag","embeddable":true,"href":"https:\/\/totallubri.com.br\/index.php?rest_route=%2Fwp%2Fv2%2Fproduct_tag&post=2741"}],"curies":[{"name":"wp","href":"https:\/\/api.w.org\/{rel}","templated":true}]}}