{"id":2745,"date":"2016-12-22T10:27:23","date_gmt":"2016-12-22T12:27:23","guid":{"rendered":"http:\/\/totallubri.com.br\/wp\/?post_type=product&#038;p=2745"},"modified":"2024-12-21T17:26:05","modified_gmt":"2024-12-21T20:26:05","slug":"carretel-manual-sem-mangueira-3077-coxreels","status":"publish","type":"product","link":"https:\/\/totallubri.com.br\/?product=carretel-manual-sem-mangueira-3077-coxreels","title":{"rendered":"Carretel Manual sem Mangueira &#8211; 3077 &#8211; COXREELS"},"content":{"rendered":"<p>Carretel Manual sem Mangueira<br \/>\nEm a\u00e7o, com base simples e retra\u00e7\u00e3o manual e conex\u00f5es em a\u00e7o inox, sem mangueira.<\/p>\n<p>Capacidade de mangueira 30 m \/ 1 1\/2&#8243; \/ norma API 1529<br \/>\nPress\u00e3o m\u00e1xima de opera\u00e7\u00e3o 600 PSI<\/p>\n<p>Medidas (A) 660 mm x (L) 610 mm (C) 851 mm<\/p>\n","protected":false},"excerpt":{"rendered":"<p>Carretel Manual sem Mangueira Em a\u00e7o, com base simples e retra\u00e7\u00e3o manual e conex\u00f5es em a\u00e7o inox, sem mangueira. Capacidade de mangueira 30 m \/ 1 1\/2&#8243; \/ norma API 1529 Press\u00e3o m\u00e1xima de opera\u00e7\u00e3o 600 PSI Medidas (A) 660 mm x (L) 610 mm (C) 851 mm<\/p>\n","protected":false},"featured_media":2746,"comment_status":"open","ping_status":"closed","template":"","meta":{"_exactmetrics_skip_tracking":false,"_exactmetrics_sitenote_active":false,"_exactmetrics_sitenote_note":"","_exactmetrics_sitenote_category":0},"product_brand":[],"product_cat":[101,50],"product_tag":[],"class_list":{"0":"post-2745","1":"product","2":"type-product","3":"status-publish","4":"has-post-thumbnail","6":"product_cat-carreteis-samoa-e-coxreels","7":"product_cat-aviacao","9":"first","10":"instock","11":"shipping-taxable","12":"product-type-simple"},"_links":{"self":[{"href":"https:\/\/totallubri.com.br\/index.php?rest_route=\/wp\/v2\/product\/2745","targetHints":{"allow":["GET"]}}],"collection":[{"href":"https:\/\/totallubri.com.br\/index.php?rest_route=\/wp\/v2\/product"}],"about":[{"href":"https:\/\/totallubri.com.br\/index.php?rest_route=\/wp\/v2\/types\/product"}],"replies":[{"embeddable":true,"href":"https:\/\/totallubri.com.br\/index.php?rest_route=%2Fwp%2Fv2%2Fcomments&post=2745"}],"wp:featuredmedia":[{"embeddable":true,"href":"https:\/\/totallubri.com.br\/index.php?rest_route=\/wp\/v2\/media\/2746"}],"wp:attachment":[{"href":"https:\/\/totallubri.com.br\/index.php?rest_route=%2Fwp%2Fv2%2Fmedia&parent=2745"}],"wp:term":[{"taxonomy":"product_brand","embeddable":true,"href":"https:\/\/totallubri.com.br\/index.php?rest_route=%2Fwp%2Fv2%2Fproduct_brand&post=2745"},{"taxonomy":"product_cat","embeddable":true,"href":"https:\/\/totallubri.com.br\/index.php?rest_route=%2Fwp%2Fv2%2Fproduct_cat&post=2745"},{"taxonomy":"product_tag","embeddable":true,"href":"https:\/\/totallubri.com.br\/index.php?rest_route=%2Fwp%2Fv2%2Fproduct_tag&post=2745"}],"curies":[{"name":"wp","href":"https:\/\/api.w.org\/{rel}","templated":true}]}}