{"id":2752,"date":"2016-12-22T10:30:21","date_gmt":"2016-12-22T12:30:21","guid":{"rendered":"http:\/\/totallubri.com.br\/wp\/?post_type=product&#038;p=2752"},"modified":"2016-12-22T10:30:21","modified_gmt":"2016-12-22T12:30:21","slug":"comando-de-graxa-1974-g-lupus","status":"publish","type":"product","link":"https:\/\/totallubri.com.br\/?product=comando-de-graxa-1974-g-lupus","title":{"rendered":"Comando de Graxa &#8211; 1974-G &#8211; Lupus"},"content":{"rendered":"<p>Utilizado na condu\u00e7\u00e3o e controle da sa\u00edda da graxa na Lubrifica\u00e7ao.<\/p>\n<p>Descri\u00e7\u00e3o:Comando de Graxa<br \/>\nEm alum\u00ednio, com v\u00e1lvula em a\u00e7o.<\/p>\n<p>Entrada 1\/8&#8243; NPT \/ f\u00eamea<br \/>\nPress\u00e3o m\u00e1xima de opera\u00e7\u00e3o 8.000 PSI<\/p>\n<p>Peso 614 g<br \/>\nMedidas (A) 200 mm x (L) 240 mm<\/p>\n","protected":false},"excerpt":{"rendered":"<p>Utilizado na condu\u00e7\u00e3o e controle da sa\u00edda da graxa na Lubrifica\u00e7ao. Descri\u00e7\u00e3o:Comando de Graxa Em alum\u00ednio, com v\u00e1lvula em a\u00e7o. Entrada 1\/8&#8243; NPT \/ f\u00eamea Press\u00e3o m\u00e1xima de opera\u00e7\u00e3o 8.000 PSI Peso 614 g Medidas (A) 200 mm x (L) 240 mm<\/p>\n","protected":false},"featured_media":2753,"comment_status":"open","ping_status":"closed","template":"","meta":{"_exactmetrics_skip_tracking":false,"_exactmetrics_sitenote_active":false,"_exactmetrics_sitenote_note":"","_exactmetrics_sitenote_category":0},"product_brand":[],"product_cat":[56],"product_tag":[],"class_list":{"0":"post-2752","1":"product","2":"type-product","3":"status-publish","4":"has-post-thumbnail","6":"product_cat-graxa","8":"first","9":"instock","10":"shipping-taxable","11":"product-type-simple"},"_links":{"self":[{"href":"https:\/\/totallubri.com.br\/index.php?rest_route=\/wp\/v2\/product\/2752","targetHints":{"allow":["GET"]}}],"collection":[{"href":"https:\/\/totallubri.com.br\/index.php?rest_route=\/wp\/v2\/product"}],"about":[{"href":"https:\/\/totallubri.com.br\/index.php?rest_route=\/wp\/v2\/types\/product"}],"replies":[{"embeddable":true,"href":"https:\/\/totallubri.com.br\/index.php?rest_route=%2Fwp%2Fv2%2Fcomments&post=2752"}],"wp:featuredmedia":[{"embeddable":true,"href":"https:\/\/totallubri.com.br\/index.php?rest_route=\/wp\/v2\/media\/2753"}],"wp:attachment":[{"href":"https:\/\/totallubri.com.br\/index.php?rest_route=%2Fwp%2Fv2%2Fmedia&parent=2752"}],"wp:term":[{"taxonomy":"product_brand","embeddable":true,"href":"https:\/\/totallubri.com.br\/index.php?rest_route=%2Fwp%2Fv2%2Fproduct_brand&post=2752"},{"taxonomy":"product_cat","embeddable":true,"href":"https:\/\/totallubri.com.br\/index.php?rest_route=%2Fwp%2Fv2%2Fproduct_cat&post=2752"},{"taxonomy":"product_tag","embeddable":true,"href":"https:\/\/totallubri.com.br\/index.php?rest_route=%2Fwp%2Fv2%2Fproduct_tag&post=2752"}],"curies":[{"name":"wp","href":"https:\/\/api.w.org\/{rel}","templated":true}]}}