{"id":2758,"date":"2016-12-22T10:33:30","date_gmt":"2016-12-22T12:33:30","guid":{"rendered":"http:\/\/totallubri.com.br\/wp\/?post_type=product&#038;p=2758"},"modified":"2025-03-06T17:20:08","modified_gmt":"2025-03-06T20:20:08","slug":"comando-para-graxa-bozza-5040","status":"publish","type":"product","link":"https:\/\/totallubri.com.br\/?product=comando-para-graxa-bozza-5040","title":{"rendered":"Comando para Graxa -5040-BOZZA"},"content":{"rendered":"<p>Indicado para aplica\u00e7\u00e3o de Graxa em pinos graxeiros, de f\u00e1cil utiliza\u00e7\u00e3o, leve, limpeza na aplica\u00e7\u00e3o , eficiente e durabilidade comprovada entre os concorrentes, com uma marca de confian\u00e7a Bozza.<\/p>\n<p>detalhes do produto:<\/p>\n<p>V\u00e1lvula de Controle de Graxa &#8211; 5040<br \/>\n&#8211; Promove a lubrifica\u00e7\u00e3o com graxa em locais onde cont\u00e9m pino graxeiro<br \/>\n&#8211; Rosca f\u00eamea de entrada da mangueira: 1\/8&#8243; NPT<br \/>\n&#8211; Rosca f\u00eamea de entrada da extens\u00e3o: 1\/8&#8243; NPT<br \/>\n&#8211; Rosca macho de entrada do acoplador: 1\/8&#8243; NPT<br \/>\n&#8211; Press\u00e3o m\u00e1xima de trabalho: 7498 PSI<br \/>\n&#8211; Largura: 260 mm<br \/>\n&#8211; Altura: 180 mm<br \/>\n&#8211; Peso: 0,780 kg<\/p>\n","protected":false},"excerpt":{"rendered":"<p>Indicado para aplica\u00e7\u00e3o de Graxa em pinos graxeiros, de f\u00e1cil utiliza\u00e7\u00e3o, leve, limpeza na aplica\u00e7\u00e3o , eficiente e durabilidade comprovada entre os concorrentes, com uma marca de confian\u00e7a Bozza. detalhes do produto: V\u00e1lvula de Controle de Graxa &#8211; 5040 &#8211; Promove a lubrifica\u00e7\u00e3o com graxa em locais onde cont\u00e9m pino graxeiro &#8211; Rosca f\u00eamea de [&hellip;]<\/p>\n","protected":false},"featured_media":2759,"comment_status":"open","ping_status":"closed","template":"","meta":{"_exactmetrics_skip_tracking":false,"_exactmetrics_sitenote_active":false,"_exactmetrics_sitenote_note":"","_exactmetrics_sitenote_category":0},"product_brand":[],"product_cat":[56],"product_tag":[],"class_list":{"0":"post-2758","1":"product","2":"type-product","3":"status-publish","4":"has-post-thumbnail","6":"product_cat-graxa","8":"first","9":"instock","10":"shipping-taxable","11":"product-type-simple"},"_links":{"self":[{"href":"https:\/\/totallubri.com.br\/index.php?rest_route=\/wp\/v2\/product\/2758","targetHints":{"allow":["GET"]}}],"collection":[{"href":"https:\/\/totallubri.com.br\/index.php?rest_route=\/wp\/v2\/product"}],"about":[{"href":"https:\/\/totallubri.com.br\/index.php?rest_route=\/wp\/v2\/types\/product"}],"replies":[{"embeddable":true,"href":"https:\/\/totallubri.com.br\/index.php?rest_route=%2Fwp%2Fv2%2Fcomments&post=2758"}],"wp:featuredmedia":[{"embeddable":true,"href":"https:\/\/totallubri.com.br\/index.php?rest_route=\/wp\/v2\/media\/2759"}],"wp:attachment":[{"href":"https:\/\/totallubri.com.br\/index.php?rest_route=%2Fwp%2Fv2%2Fmedia&parent=2758"}],"wp:term":[{"taxonomy":"product_brand","embeddable":true,"href":"https:\/\/totallubri.com.br\/index.php?rest_route=%2Fwp%2Fv2%2Fproduct_brand&post=2758"},{"taxonomy":"product_cat","embeddable":true,"href":"https:\/\/totallubri.com.br\/index.php?rest_route=%2Fwp%2Fv2%2Fproduct_cat&post=2758"},{"taxonomy":"product_tag","embeddable":true,"href":"https:\/\/totallubri.com.br\/index.php?rest_route=%2Fwp%2Fv2%2Fproduct_tag&post=2758"}],"curies":[{"name":"wp","href":"https:\/\/api.w.org\/{rel}","templated":true}]}}