{"id":2760,"date":"2016-12-22T10:37:04","date_gmt":"2016-12-22T12:37:04","guid":{"rendered":"http:\/\/totallubri.com.br\/wp\/?post_type=product&#038;p=2760"},"modified":"2016-12-22T10:37:04","modified_gmt":"2016-12-22T12:37:04","slug":"comando-para-graxa-com-mangueira-8001-c-lupus","status":"publish","type":"product","link":"https:\/\/totallubri.com.br\/?product=comando-para-graxa-com-mangueira-8001-c-lupus","title":{"rendered":"Comando para Graxa com Mangueira &#8211; 8001-C &#8211; Lupus"},"content":{"rendered":"<p>Utilizado na condu\u00e7\u00e3o e controle da sa\u00edda da graxa com mangueira para Lubrifica\u00e7ao.<\/p>\n<p>Descri\u00e7\u00e3o:Comando de Graxa com Mangueira<br \/>\nEm alum\u00ednio, com v\u00e1lvula de a\u00e7o e mangueira.<\/p>\n<p>Entrada 3\/8&#8243; NPT\/ macho<br \/>\nPress\u00e3o m\u00e1xima de opera\u00e7\u00e3o 8.000 PSI<br \/>\nMangueira 10 m \/ 1\/4&#8243;<br \/>\n2 tramas \/ conex\u00e3o girat\u00f3ria<\/p>\n<p>Peso 4 kg<\/p>\n","protected":false},"excerpt":{"rendered":"<p>Utilizado na condu\u00e7\u00e3o e controle da sa\u00edda da graxa com mangueira para Lubrifica\u00e7ao. Descri\u00e7\u00e3o:Comando de Graxa com Mangueira Em alum\u00ednio, com v\u00e1lvula de a\u00e7o e mangueira. Entrada 3\/8&#8243; NPT\/ macho Press\u00e3o m\u00e1xima de opera\u00e7\u00e3o 8.000 PSI Mangueira 10 m \/ 1\/4&#8243; 2 tramas \/ conex\u00e3o girat\u00f3ria Peso 4 kg<\/p>\n","protected":false},"featured_media":2761,"comment_status":"open","ping_status":"closed","template":"","meta":{"_exactmetrics_skip_tracking":false,"_exactmetrics_sitenote_active":false,"_exactmetrics_sitenote_note":"","_exactmetrics_sitenote_category":0},"product_brand":[],"product_cat":[56],"product_tag":[],"class_list":{"0":"post-2760","1":"product","2":"type-product","3":"status-publish","4":"has-post-thumbnail","6":"product_cat-graxa","8":"first","9":"instock","10":"shipping-taxable","11":"product-type-simple"},"_links":{"self":[{"href":"https:\/\/totallubri.com.br\/index.php?rest_route=\/wp\/v2\/product\/2760","targetHints":{"allow":["GET"]}}],"collection":[{"href":"https:\/\/totallubri.com.br\/index.php?rest_route=\/wp\/v2\/product"}],"about":[{"href":"https:\/\/totallubri.com.br\/index.php?rest_route=\/wp\/v2\/types\/product"}],"replies":[{"embeddable":true,"href":"https:\/\/totallubri.com.br\/index.php?rest_route=%2Fwp%2Fv2%2Fcomments&post=2760"}],"wp:featuredmedia":[{"embeddable":true,"href":"https:\/\/totallubri.com.br\/index.php?rest_route=\/wp\/v2\/media\/2761"}],"wp:attachment":[{"href":"https:\/\/totallubri.com.br\/index.php?rest_route=%2Fwp%2Fv2%2Fmedia&parent=2760"}],"wp:term":[{"taxonomy":"product_brand","embeddable":true,"href":"https:\/\/totallubri.com.br\/index.php?rest_route=%2Fwp%2Fv2%2Fproduct_brand&post=2760"},{"taxonomy":"product_cat","embeddable":true,"href":"https:\/\/totallubri.com.br\/index.php?rest_route=%2Fwp%2Fv2%2Fproduct_cat&post=2760"},{"taxonomy":"product_tag","embeddable":true,"href":"https:\/\/totallubri.com.br\/index.php?rest_route=%2Fwp%2Fv2%2Fproduct_tag&post=2760"}],"curies":[{"name":"wp","href":"https:\/\/api.w.org\/{rel}","templated":true}]}}