{"id":2767,"date":"2016-12-22T10:40:30","date_gmt":"2016-12-22T12:40:30","guid":{"rendered":"http:\/\/totallubri.com.br\/wp\/?post_type=product&#038;p=2767"},"modified":"2025-01-05T18:06:24","modified_gmt":"2025-01-05T21:06:24","slug":"compactador-9020-co-lupus","status":"publish","type":"product","link":"https:\/\/totallubri.com.br\/?product=compactador-9020-co-lupus","title":{"rendered":"Compactador &#8211; 9020-CO &#8211; Lupus"},"content":{"rendered":"<p>Necess\u00e1ria a utiliza\u00e7\u00e3o junto da Propulsora 9020 e 9034, para ter um bom desenvolvimento do equipamento.<\/p>\n<p>Descri\u00e7\u00e3o:Compactador<br \/>\nEm a\u00e7o, com anel de borracha, adapt\u00e1vel a recipientes de graxa de 20 kg.<\/p>\n<p>Para propulsoras 9020\/ 9034<\/p>\n<p>Peso 1,4 kg<br \/>\nMedidas 340 mm<\/p>\n","protected":false},"excerpt":{"rendered":"<p>Necess\u00e1ria a utiliza\u00e7\u00e3o junto da Propulsora 9020 e 9034, para ter um bom desenvolvimento do equipamento. Descri\u00e7\u00e3o:Compactador Em a\u00e7o, com anel de borracha, adapt\u00e1vel a recipientes de graxa de 20 kg. Para propulsoras 9020\/ 9034 Peso 1,4 kg Medidas 340 mm<\/p>\n","protected":false},"featured_media":2768,"comment_status":"open","ping_status":"closed","template":"","meta":{"_exactmetrics_skip_tracking":false,"_exactmetrics_sitenote_active":false,"_exactmetrics_sitenote_note":"","_exactmetrics_sitenote_category":0},"product_brand":[],"product_cat":[112],"product_tag":[],"class_list":{"0":"post-2767","1":"product","2":"type-product","3":"status-publish","4":"has-post-thumbnail","6":"product_cat-propulsoras-especiais-e-alta-vazao-suportes-e-acessorios-para-propulsoras","8":"first","9":"instock","10":"shipping-taxable","11":"product-type-simple"},"_links":{"self":[{"href":"https:\/\/totallubri.com.br\/index.php?rest_route=\/wp\/v2\/product\/2767","targetHints":{"allow":["GET"]}}],"collection":[{"href":"https:\/\/totallubri.com.br\/index.php?rest_route=\/wp\/v2\/product"}],"about":[{"href":"https:\/\/totallubri.com.br\/index.php?rest_route=\/wp\/v2\/types\/product"}],"replies":[{"embeddable":true,"href":"https:\/\/totallubri.com.br\/index.php?rest_route=%2Fwp%2Fv2%2Fcomments&post=2767"}],"wp:featuredmedia":[{"embeddable":true,"href":"https:\/\/totallubri.com.br\/index.php?rest_route=\/wp\/v2\/media\/2768"}],"wp:attachment":[{"href":"https:\/\/totallubri.com.br\/index.php?rest_route=%2Fwp%2Fv2%2Fmedia&parent=2767"}],"wp:term":[{"taxonomy":"product_brand","embeddable":true,"href":"https:\/\/totallubri.com.br\/index.php?rest_route=%2Fwp%2Fv2%2Fproduct_brand&post=2767"},{"taxonomy":"product_cat","embeddable":true,"href":"https:\/\/totallubri.com.br\/index.php?rest_route=%2Fwp%2Fv2%2Fproduct_cat&post=2767"},{"taxonomy":"product_tag","embeddable":true,"href":"https:\/\/totallubri.com.br\/index.php?rest_route=%2Fwp%2Fv2%2Fproduct_tag&post=2767"}],"curies":[{"name":"wp","href":"https:\/\/api.w.org\/{rel}","templated":true}]}}