{"id":2771,"date":"2016-12-22T10:42:28","date_gmt":"2016-12-22T12:42:28","guid":{"rendered":"http:\/\/totallubri.com.br\/wp\/?post_type=product&#038;p=2771"},"modified":"2016-12-22T10:42:28","modified_gmt":"2016-12-22T12:42:28","slug":"conexao-giratoria-em-z-7302-bozza","status":"publish","type":"product","link":"https:\/\/totallubri.com.br\/?product=conexao-giratoria-em-z-7302-bozza","title":{"rendered":"Conex\u00e3o Girat\u00f3ria em Z &#8211; 7302 &#8211; Bozza"},"content":{"rendered":"<p>Conex\u00e3o girat\u00f3ria para facilitar o manuseio da v\u00e1lvula de graxa (mod. 5040) e mangueira no<br \/>\nmomento da lubrifica\u00e7\u00e3o, proporcionando rota\u00e7\u00e3o de 360\u00b0.<\/p>\n<p>Caracter\u00edsticas<\/p>\n<p>| Conex\u00e3o girat\u00f3ria em Z<br \/>\n| Largura x Altura: 120 mm\/4,7\u201d x 70 mm\/2,8\u201d<br \/>\n| Peso l\u00edquido: 0,30 kg\/0,65 lb | Peso Bruto: 24,2 kg\/53,3 lb (caixa com 80 pe\u00e7as)<br \/>\n| Embalagem sob consulta<\/p>\n<p>Dados T\u00e9cnicos<\/p>\n<p>| Rosca f\u00eamea 1\/4\u201d NPT<br \/>\n| Rosca macho 1\/8\u201d NPT<br \/>\n| Press\u00e3o m\u00e1x. trabalho 6.000 PSI\/413 BAR<\/p>\n","protected":false},"excerpt":{"rendered":"<p>Conex\u00e3o girat\u00f3ria para facilitar o manuseio da v\u00e1lvula de graxa (mod. 5040) e mangueira no momento da lubrifica\u00e7\u00e3o, proporcionando rota\u00e7\u00e3o de 360\u00b0. Caracter\u00edsticas | Conex\u00e3o girat\u00f3ria em Z | Largura x Altura: 120 mm\/4,7\u201d x 70 mm\/2,8\u201d | Peso l\u00edquido: 0,30 kg\/0,65 lb | Peso Bruto: 24,2 kg\/53,3 lb (caixa com 80 pe\u00e7as) | Embalagem [&hellip;]<\/p>\n","protected":false},"featured_media":2772,"comment_status":"open","ping_status":"closed","template":"","meta":{"_exactmetrics_skip_tracking":false,"_exactmetrics_sitenote_active":false,"_exactmetrics_sitenote_note":"","_exactmetrics_sitenote_category":0},"product_brand":[],"product_cat":[56],"product_tag":[],"class_list":{"0":"post-2771","1":"product","2":"type-product","3":"status-publish","4":"has-post-thumbnail","6":"product_cat-graxa","8":"first","9":"instock","10":"shipping-taxable","11":"product-type-simple"},"_links":{"self":[{"href":"https:\/\/totallubri.com.br\/index.php?rest_route=\/wp\/v2\/product\/2771","targetHints":{"allow":["GET"]}}],"collection":[{"href":"https:\/\/totallubri.com.br\/index.php?rest_route=\/wp\/v2\/product"}],"about":[{"href":"https:\/\/totallubri.com.br\/index.php?rest_route=\/wp\/v2\/types\/product"}],"replies":[{"embeddable":true,"href":"https:\/\/totallubri.com.br\/index.php?rest_route=%2Fwp%2Fv2%2Fcomments&post=2771"}],"wp:featuredmedia":[{"embeddable":true,"href":"https:\/\/totallubri.com.br\/index.php?rest_route=\/wp\/v2\/media\/2772"}],"wp:attachment":[{"href":"https:\/\/totallubri.com.br\/index.php?rest_route=%2Fwp%2Fv2%2Fmedia&parent=2771"}],"wp:term":[{"taxonomy":"product_brand","embeddable":true,"href":"https:\/\/totallubri.com.br\/index.php?rest_route=%2Fwp%2Fv2%2Fproduct_brand&post=2771"},{"taxonomy":"product_cat","embeddable":true,"href":"https:\/\/totallubri.com.br\/index.php?rest_route=%2Fwp%2Fv2%2Fproduct_cat&post=2771"},{"taxonomy":"product_tag","embeddable":true,"href":"https:\/\/totallubri.com.br\/index.php?rest_route=%2Fwp%2Fv2%2Fproduct_tag&post=2771"}],"curies":[{"name":"wp","href":"https:\/\/api.w.org\/{rel}","templated":true}]}}