{"id":2773,"date":"2016-12-22T10:43:49","date_gmt":"2016-12-22T12:43:49","guid":{"rendered":"http:\/\/totallubri.com.br\/wp\/?post_type=product&#038;p=2773"},"modified":"2024-07-24T11:16:53","modified_gmt":"2024-07-24T14:16:53","slug":"conexao-giratoria-em-z-bozza-7302","status":"publish","type":"product","link":"https:\/\/totallubri.com.br\/?product=conexao-giratoria-em-z-bozza-7302","title":{"rendered":"Conex\u00e3o Girat\u00f3ria em Z &#8211; 7302 -BOZZA"},"content":{"rendered":"<p>Utilizado para facilitar a movimenta\u00e7\u00e3o das mangueiras e a V\u00e1lvula de Graxa na hora da aplica\u00e7\u00e3o da graxa.<\/p>\n<p>detalhes do produto<\/p>\n<p>Conex\u00e3o Girat\u00f3ria de alta press\u00e3o em forma de &#8220;Z&#8221;<br \/>\n&#8211; Permite rota\u00e7\u00e3o de 360\u00ba<br \/>\n&#8211; Rosca f\u00eamea: 1\/4&#8243; NPT<br \/>\n&#8211; Rosca macho: 1\/8&#8243; NPT<br \/>\n&#8211; Peso l\u00edquido: 0,297 kg<\/p>\n","protected":false},"excerpt":{"rendered":"<p>Utilizado para facilitar a movimenta\u00e7\u00e3o das mangueiras e a V\u00e1lvula de Graxa na hora da aplica\u00e7\u00e3o da graxa. detalhes do produto Conex\u00e3o Girat\u00f3ria de alta press\u00e3o em forma de &#8220;Z&#8221; &#8211; Permite rota\u00e7\u00e3o de 360\u00ba &#8211; Rosca f\u00eamea: 1\/4&#8243; NPT &#8211; Rosca macho: 1\/8&#8243; NPT &#8211; Peso l\u00edquido: 0,297 kg<\/p>\n","protected":false},"featured_media":2774,"comment_status":"open","ping_status":"closed","template":"","meta":{"_exactmetrics_skip_tracking":false,"_exactmetrics_sitenote_active":false,"_exactmetrics_sitenote_note":"","_exactmetrics_sitenote_category":0},"product_brand":[],"product_cat":[56],"product_tag":[],"class_list":{"0":"post-2773","1":"product","2":"type-product","3":"status-publish","4":"has-post-thumbnail","6":"product_cat-graxa","8":"first","9":"instock","10":"shipping-taxable","11":"product-type-simple"},"_links":{"self":[{"href":"https:\/\/totallubri.com.br\/index.php?rest_route=\/wp\/v2\/product\/2773","targetHints":{"allow":["GET"]}}],"collection":[{"href":"https:\/\/totallubri.com.br\/index.php?rest_route=\/wp\/v2\/product"}],"about":[{"href":"https:\/\/totallubri.com.br\/index.php?rest_route=\/wp\/v2\/types\/product"}],"replies":[{"embeddable":true,"href":"https:\/\/totallubri.com.br\/index.php?rest_route=%2Fwp%2Fv2%2Fcomments&post=2773"}],"wp:featuredmedia":[{"embeddable":true,"href":"https:\/\/totallubri.com.br\/index.php?rest_route=\/wp\/v2\/media\/2774"}],"wp:attachment":[{"href":"https:\/\/totallubri.com.br\/index.php?rest_route=%2Fwp%2Fv2%2Fmedia&parent=2773"}],"wp:term":[{"taxonomy":"product_brand","embeddable":true,"href":"https:\/\/totallubri.com.br\/index.php?rest_route=%2Fwp%2Fv2%2Fproduct_brand&post=2773"},{"taxonomy":"product_cat","embeddable":true,"href":"https:\/\/totallubri.com.br\/index.php?rest_route=%2Fwp%2Fv2%2Fproduct_cat&post=2773"},{"taxonomy":"product_tag","embeddable":true,"href":"https:\/\/totallubri.com.br\/index.php?rest_route=%2Fwp%2Fv2%2Fproduct_tag&post=2773"}],"curies":[{"name":"wp","href":"https:\/\/api.w.org\/{rel}","templated":true}]}}