{"id":2775,"date":"2016-12-22T10:44:39","date_gmt":"2016-12-22T12:44:39","guid":{"rendered":"http:\/\/totallubri.com.br\/wp\/?post_type=product&#038;p=2775"},"modified":"2016-12-22T10:44:39","modified_gmt":"2016-12-22T12:44:39","slug":"conexao-giratoria-reta-1967-lupus","status":"publish","type":"product","link":"https:\/\/totallubri.com.br\/?product=conexao-giratoria-reta-1967-lupus","title":{"rendered":"Conexao Giratoria Reta &#8211; 1967 &#8211; Lupus"},"content":{"rendered":"<p>Utilizado para facilitar a movimenta\u00e7\u00e3o das mangueiras e a V\u00e1lvula de Graxa na hora da aplica\u00e7\u00e3o da graxa.<\/p>\n<p>Descri\u00e7\u00e3o:Conexao Giratoria Reta<br \/>\nEm a\u00e7o, para trabalhos com mangueiras hidr\u00e1ulicas.<\/p>\n<p>Rosca macho 1\/8&#8243; NPT<br \/>\nRosca macho 1\/2&#8243;<br \/>\n27 fios<br \/>\nArticula\u00e7\u00e3o 360\u00ba<br \/>\nPress\u00e3o m\u00e1xima de opera\u00e7\u00e3o 12.000 PSI<\/p>\n<p>Peso 100 g<br \/>\nMedidas (A) 55 mm x (L) 22 mm<\/p>\n","protected":false},"excerpt":{"rendered":"<p>Utilizado para facilitar a movimenta\u00e7\u00e3o das mangueiras e a V\u00e1lvula de Graxa na hora da aplica\u00e7\u00e3o da graxa. Descri\u00e7\u00e3o:Conexao Giratoria Reta Em a\u00e7o, para trabalhos com mangueiras hidr\u00e1ulicas. Rosca macho 1\/8&#8243; NPT Rosca macho 1\/2&#8243; 27 fios Articula\u00e7\u00e3o 360\u00ba Press\u00e3o m\u00e1xima de opera\u00e7\u00e3o 12.000 PSI Peso 100 g Medidas (A) 55 mm x (L) 22 [&hellip;]<\/p>\n","protected":false},"featured_media":2776,"comment_status":"open","ping_status":"closed","template":"","meta":{"_exactmetrics_skip_tracking":false,"_exactmetrics_sitenote_active":false,"_exactmetrics_sitenote_note":"","_exactmetrics_sitenote_category":0},"product_brand":[],"product_cat":[56],"product_tag":[],"class_list":{"0":"post-2775","1":"product","2":"type-product","3":"status-publish","4":"has-post-thumbnail","6":"product_cat-graxa","8":"first","9":"instock","10":"shipping-taxable","11":"product-type-simple"},"_links":{"self":[{"href":"https:\/\/totallubri.com.br\/index.php?rest_route=\/wp\/v2\/product\/2775","targetHints":{"allow":["GET"]}}],"collection":[{"href":"https:\/\/totallubri.com.br\/index.php?rest_route=\/wp\/v2\/product"}],"about":[{"href":"https:\/\/totallubri.com.br\/index.php?rest_route=\/wp\/v2\/types\/product"}],"replies":[{"embeddable":true,"href":"https:\/\/totallubri.com.br\/index.php?rest_route=%2Fwp%2Fv2%2Fcomments&post=2775"}],"wp:featuredmedia":[{"embeddable":true,"href":"https:\/\/totallubri.com.br\/index.php?rest_route=\/wp\/v2\/media\/2776"}],"wp:attachment":[{"href":"https:\/\/totallubri.com.br\/index.php?rest_route=%2Fwp%2Fv2%2Fmedia&parent=2775"}],"wp:term":[{"taxonomy":"product_brand","embeddable":true,"href":"https:\/\/totallubri.com.br\/index.php?rest_route=%2Fwp%2Fv2%2Fproduct_brand&post=2775"},{"taxonomy":"product_cat","embeddable":true,"href":"https:\/\/totallubri.com.br\/index.php?rest_route=%2Fwp%2Fv2%2Fproduct_cat&post=2775"},{"taxonomy":"product_tag","embeddable":true,"href":"https:\/\/totallubri.com.br\/index.php?rest_route=%2Fwp%2Fv2%2Fproduct_tag&post=2775"}],"curies":[{"name":"wp","href":"https:\/\/api.w.org\/{rel}","templated":true}]}}