{"id":2819,"date":"2016-12-22T11:20:48","date_gmt":"2016-12-22T13:20:48","guid":{"rendered":"http:\/\/totallubri.com.br\/wp\/?post_type=product&#038;p=2819"},"modified":"2025-01-05T18:02:37","modified_gmt":"2025-01-05T21:02:37","slug":"elevador-movel-pneumatico-para-compactacao-9110-vs-samoa","status":"publish","type":"product","link":"https:\/\/totallubri.com.br\/?product=elevador-movel-pneumatico-para-compactacao-9110-vs-samoa","title":{"rendered":"Elevador Movel Pneumatico para Compacta\u00e7ao &#8211; 9110-VS &#8211; Samoa"},"content":{"rendered":"<p>Elevador Movel Pneumatico para Compacta\u00e7\u00e3o<br \/>\nEm a\u00e7o, para graxa de alta consist\u00eancia NLGI 3, adapt\u00e1vel a baldes de graxa com 20 kg, com carrinho de 04 rodas, comando de graxa, conex\u00e3o girat\u00f3ria em Z facilitando a troca do tambor e a compacta\u00e7\u00e3o de graxas de alta consist\u00eancia.<\/p>\n<p>Propulsora pneum\u00e1tica gigante<br \/>\nVaz\u00e3o livre . 1.500 g\/min<br \/>\nCompactador acionamento pneum\u00e1tico<br \/>\nMangueira . 3 m \/ \u00f8 1\/4\u201d<br \/>\nPeso: 38 kg . Medidas:<\/p>\n<p>(A) 1223 mm x (L) 448 mm x (C) 612 mm<\/p>\n","protected":false},"excerpt":{"rendered":"<p>Elevador Movel Pneumatico para Compacta\u00e7\u00e3o Em a\u00e7o, para graxa de alta consist\u00eancia NLGI 3, adapt\u00e1vel a baldes de graxa com 20 kg, com carrinho de 04 rodas, comando de graxa, conex\u00e3o girat\u00f3ria em Z facilitando a troca do tambor e a compacta\u00e7\u00e3o de graxas de alta consist\u00eancia. Propulsora pneum\u00e1tica gigante Vaz\u00e3o livre . 1.500 g\/min [&hellip;]<\/p>\n","protected":false},"featured_media":2822,"comment_status":"open","ping_status":"closed","template":"","meta":{"_exactmetrics_skip_tracking":false,"_exactmetrics_sitenote_active":false,"_exactmetrics_sitenote_note":"","_exactmetrics_sitenote_category":0},"product_brand":[],"product_cat":[58],"product_tag":[],"class_list":{"0":"post-2819","1":"product","2":"type-product","3":"status-publish","4":"has-post-thumbnail","6":"product_cat-linha-industrial","8":"first","9":"instock","10":"shipping-taxable","11":"product-type-simple"},"_links":{"self":[{"href":"https:\/\/totallubri.com.br\/index.php?rest_route=\/wp\/v2\/product\/2819","targetHints":{"allow":["GET"]}}],"collection":[{"href":"https:\/\/totallubri.com.br\/index.php?rest_route=\/wp\/v2\/product"}],"about":[{"href":"https:\/\/totallubri.com.br\/index.php?rest_route=\/wp\/v2\/types\/product"}],"replies":[{"embeddable":true,"href":"https:\/\/totallubri.com.br\/index.php?rest_route=%2Fwp%2Fv2%2Fcomments&post=2819"}],"wp:featuredmedia":[{"embeddable":true,"href":"https:\/\/totallubri.com.br\/index.php?rest_route=\/wp\/v2\/media\/2822"}],"wp:attachment":[{"href":"https:\/\/totallubri.com.br\/index.php?rest_route=%2Fwp%2Fv2%2Fmedia&parent=2819"}],"wp:term":[{"taxonomy":"product_brand","embeddable":true,"href":"https:\/\/totallubri.com.br\/index.php?rest_route=%2Fwp%2Fv2%2Fproduct_brand&post=2819"},{"taxonomy":"product_cat","embeddable":true,"href":"https:\/\/totallubri.com.br\/index.php?rest_route=%2Fwp%2Fv2%2Fproduct_cat&post=2819"},{"taxonomy":"product_tag","embeddable":true,"href":"https:\/\/totallubri.com.br\/index.php?rest_route=%2Fwp%2Fv2%2Fproduct_tag&post=2819"}],"curies":[{"name":"wp","href":"https:\/\/api.w.org\/{rel}","templated":true}]}}