{"id":2834,"date":"2016-12-22T11:24:36","date_gmt":"2016-12-22T13:24:36","guid":{"rendered":"http:\/\/totallubri.com.br\/wp\/?post_type=product&#038;p=2834"},"modified":"2025-01-26T19:05:45","modified_gmt":"2025-01-26T22:05:45","slug":"unidade-de-abastecimento-9121p-30-piusi","status":"publish","type":"product","link":"https:\/\/totallubri.com.br\/?product=unidade-de-abastecimento-9121p-30-piusi","title":{"rendered":"Unidade de Abastecimento \u2013 9121P-30 \u2013 PIUSI"},"content":{"rendered":"<p>Unidade de abastecimento com autonomia de uso para diversos l\u00edquidos ,\u00e9 um produto de alt\u00edssima qualidade da marca Piusi.<\/p>\n<p>Descri\u00e7\u00e3o:<br \/>\nEm polipropileno, adapt\u00e1vel a tambores de 200 L, para \u00e1gua e fluido de arrefecimento, com bomba autoaspirante de palhetas com v\u00e1lvula by-pass, cabo, pin\u00e7as e interruptor on\/off.<\/p>\n<p>Vaz\u00e3o livre 30L\/min<br \/>\nAlimenta\u00e7\u00e3o 12 m<br \/>\nMangueira 4m\/ 3\/4&#8243;\/ abra\u00e7adeira<br \/>\nBico de abastecimento manual\/ polipropileno<br \/>\nBy-pass 3 minutos<br \/>\nFator de trabalho 30 minutos<\/p>\n<p>Peso: 4,5 kg<br \/>\nMedidas (A) 4m<\/p>\n","protected":false},"excerpt":{"rendered":"<p>Unidade de abastecimento com autonomia de uso para diversos l\u00edquidos ,\u00e9 um produto de alt\u00edssima qualidade da marca Piusi. Descri\u00e7\u00e3o: Em polipropileno, adapt\u00e1vel a tambores de 200 L, para \u00e1gua e fluido de arrefecimento, com bomba autoaspirante de palhetas com v\u00e1lvula by-pass, cabo, pin\u00e7as e interruptor on\/off. Vaz\u00e3o livre 30L\/min Alimenta\u00e7\u00e3o 12 m Mangueira 4m\/ [&hellip;]<\/p>\n","protected":false},"featured_media":2836,"comment_status":"open","ping_status":"closed","template":"","meta":{"_exactmetrics_skip_tracking":false,"_exactmetrics_sitenote_active":false,"_exactmetrics_sitenote_note":"","_exactmetrics_sitenote_category":0},"product_brand":[],"product_cat":[119],"product_tag":[],"class_list":{"0":"post-2834","1":"product","2":"type-product","3":"status-publish","4":"has-post-thumbnail","6":"product_cat-unidade-de-abastecimento-pneumatica","8":"first","9":"instock","10":"shipping-taxable","11":"product-type-simple"},"_links":{"self":[{"href":"https:\/\/totallubri.com.br\/index.php?rest_route=\/wp\/v2\/product\/2834","targetHints":{"allow":["GET"]}}],"collection":[{"href":"https:\/\/totallubri.com.br\/index.php?rest_route=\/wp\/v2\/product"}],"about":[{"href":"https:\/\/totallubri.com.br\/index.php?rest_route=\/wp\/v2\/types\/product"}],"replies":[{"embeddable":true,"href":"https:\/\/totallubri.com.br\/index.php?rest_route=%2Fwp%2Fv2%2Fcomments&post=2834"}],"wp:featuredmedia":[{"embeddable":true,"href":"https:\/\/totallubri.com.br\/index.php?rest_route=\/wp\/v2\/media\/2836"}],"wp:attachment":[{"href":"https:\/\/totallubri.com.br\/index.php?rest_route=%2Fwp%2Fv2%2Fmedia&parent=2834"}],"wp:term":[{"taxonomy":"product_brand","embeddable":true,"href":"https:\/\/totallubri.com.br\/index.php?rest_route=%2Fwp%2Fv2%2Fproduct_brand&post=2834"},{"taxonomy":"product_cat","embeddable":true,"href":"https:\/\/totallubri.com.br\/index.php?rest_route=%2Fwp%2Fv2%2Fproduct_cat&post=2834"},{"taxonomy":"product_tag","embeddable":true,"href":"https:\/\/totallubri.com.br\/index.php?rest_route=%2Fwp%2Fv2%2Fproduct_tag&post=2834"}],"curies":[{"name":"wp","href":"https:\/\/api.w.org\/{rel}","templated":true}]}}