{"id":2838,"date":"2016-12-22T11:25:40","date_gmt":"2016-12-22T13:25:40","guid":{"rendered":"http:\/\/totallubri.com.br\/wp\/?post_type=product&#038;p=2838"},"modified":"2016-12-22T11:25:40","modified_gmt":"2016-12-22T13:25:40","slug":"extensao-flexivel-13-m-1969-13-lupus","status":"publish","type":"product","link":"https:\/\/totallubri.com.br\/?product=extensao-flexivel-13-m-1969-13-lupus","title":{"rendered":"Extens\u00e3o Flex\u00edvel 1,3 m &#8211; 1969-13 &#8211; Lupus"},"content":{"rendered":"<p>Ideal para trabalhos com Graxa, j\u00e1 \u00e9 montada com terminais e 1,30 metros de extens\u00e3o, trabalhamos com outras medidas.<\/p>\n<p>Descri\u00e7\u00e3o:Extensao Flexivel<br \/>\nMangueira hidr\u00e1ulica 1\/4&#8243; 1 trama 100R1, prensada com terminais, para trabalhos com bombas manuais e comandos de graxa.<\/p>\n<p>Comprimento linear 1,3 mts<br \/>\nEntrada 3\/8&#8243; NPT\/ macho<br \/>\nSa\u00edda 1\/8&#8243; NPT\/ f\u00eamea<\/p>\n<p>Peso 420g<br \/>\nMedidas (C) 1,3 m x 1\/8&#8243;<\/p>\n","protected":false},"excerpt":{"rendered":"<p>Ideal para trabalhos com Graxa, j\u00e1 \u00e9 montada com terminais e 1,30 metros de extens\u00e3o, trabalhamos com outras medidas. Descri\u00e7\u00e3o:Extensao Flexivel Mangueira hidr\u00e1ulica 1\/4&#8243; 1 trama 100R1, prensada com terminais, para trabalhos com bombas manuais e comandos de graxa. Comprimento linear 1,3 mts Entrada 3\/8&#8243; NPT\/ macho Sa\u00edda 1\/8&#8243; NPT\/ f\u00eamea Peso 420g Medidas (C) [&hellip;]<\/p>\n","protected":false},"featured_media":2840,"comment_status":"open","ping_status":"closed","template":"","meta":{"_exactmetrics_skip_tracking":false,"_exactmetrics_sitenote_active":false,"_exactmetrics_sitenote_note":"","_exactmetrics_sitenote_category":0},"product_brand":[],"product_cat":[56],"product_tag":[],"class_list":{"0":"post-2838","1":"product","2":"type-product","3":"status-publish","4":"has-post-thumbnail","6":"product_cat-graxa","8":"first","9":"instock","10":"shipping-taxable","11":"product-type-simple"},"_links":{"self":[{"href":"https:\/\/totallubri.com.br\/index.php?rest_route=\/wp\/v2\/product\/2838","targetHints":{"allow":["GET"]}}],"collection":[{"href":"https:\/\/totallubri.com.br\/index.php?rest_route=\/wp\/v2\/product"}],"about":[{"href":"https:\/\/totallubri.com.br\/index.php?rest_route=\/wp\/v2\/types\/product"}],"replies":[{"embeddable":true,"href":"https:\/\/totallubri.com.br\/index.php?rest_route=%2Fwp%2Fv2%2Fcomments&post=2838"}],"wp:featuredmedia":[{"embeddable":true,"href":"https:\/\/totallubri.com.br\/index.php?rest_route=\/wp\/v2\/media\/2840"}],"wp:attachment":[{"href":"https:\/\/totallubri.com.br\/index.php?rest_route=%2Fwp%2Fv2%2Fmedia&parent=2838"}],"wp:term":[{"taxonomy":"product_brand","embeddable":true,"href":"https:\/\/totallubri.com.br\/index.php?rest_route=%2Fwp%2Fv2%2Fproduct_brand&post=2838"},{"taxonomy":"product_cat","embeddable":true,"href":"https:\/\/totallubri.com.br\/index.php?rest_route=%2Fwp%2Fv2%2Fproduct_cat&post=2838"},{"taxonomy":"product_tag","embeddable":true,"href":"https:\/\/totallubri.com.br\/index.php?rest_route=%2Fwp%2Fv2%2Fproduct_tag&post=2838"}],"curies":[{"name":"wp","href":"https:\/\/api.w.org\/{rel}","templated":true}]}}