{"id":2841,"date":"2016-12-22T11:26:27","date_gmt":"2016-12-22T13:26:27","guid":{"rendered":"http:\/\/totallubri.com.br\/wp\/?post_type=product&#038;p=2841"},"modified":"2024-11-30T15:44:13","modified_gmt":"2024-11-30T18:44:13","slug":"medidor-digital-2120-piusi","status":"publish","type":"product","link":"https:\/\/totallubri.com.br\/?product=medidor-digital-2120-piusi","title":{"rendered":"Medidor Digital &#8211; 2120 &#8211; PIUSI"},"content":{"rendered":"<p>Medidor digital da marca l\u00edder mundial em medi\u00e7\u00e3o Piusi, 2 anos de garantia, uso indicado em linha e n\u00e3o em ponta da mangueira.<\/p>\n<p>Descri\u00e7\u00e3o:Medidor Digital<br \/>\nPoliamida refor\u00e7ada, turbina de polipropileno, bidirecional, para \u00e1gua, \u00f3leo diesel e lubrificante de baixa viscosidade.<\/p>\n<p>Vaz\u00e3o livre 10 a 120 L\/min<br \/>\nPress\u00e3o m\u00e1xima de opera\u00e7\u00e3o 300 PSI<br \/>\nEntrada e sa\u00edda 1&#8243; BSP<br \/>\nPrecis\u00e3o 1%<br \/>\nSistema de medi\u00e7\u00e3o turbina<\/p>\n<p>Peso 400 g<br \/>\nMedidas (A) 75 mm x (L) 100 mm<\/p>\n","protected":false},"excerpt":{"rendered":"<p>Medidor digital da marca l\u00edder mundial em medi\u00e7\u00e3o Piusi, 2 anos de garantia, uso indicado em linha e n\u00e3o em ponta da mangueira. Descri\u00e7\u00e3o:Medidor Digital Poliamida refor\u00e7ada, turbina de polipropileno, bidirecional, para \u00e1gua, \u00f3leo diesel e lubrificante de baixa viscosidade. Vaz\u00e3o livre 10 a 120 L\/min Press\u00e3o m\u00e1xima de opera\u00e7\u00e3o 300 PSI Entrada e sa\u00edda [&hellip;]<\/p>\n","protected":false},"featured_media":2843,"comment_status":"open","ping_status":"closed","template":"","meta":{"_exactmetrics_skip_tracking":false,"_exactmetrics_sitenote_active":false,"_exactmetrics_sitenote_note":"","_exactmetrics_sitenote_category":0},"product_brand":[],"product_cat":[108],"product_tag":[],"class_list":{"0":"post-2841","1":"product","2":"type-product","3":"status-publish","4":"has-post-thumbnail","6":"product_cat-medidor-digital","8":"first","9":"instock","10":"shipping-taxable","11":"product-type-simple"},"_links":{"self":[{"href":"https:\/\/totallubri.com.br\/index.php?rest_route=\/wp\/v2\/product\/2841","targetHints":{"allow":["GET"]}}],"collection":[{"href":"https:\/\/totallubri.com.br\/index.php?rest_route=\/wp\/v2\/product"}],"about":[{"href":"https:\/\/totallubri.com.br\/index.php?rest_route=\/wp\/v2\/types\/product"}],"replies":[{"embeddable":true,"href":"https:\/\/totallubri.com.br\/index.php?rest_route=%2Fwp%2Fv2%2Fcomments&post=2841"}],"wp:featuredmedia":[{"embeddable":true,"href":"https:\/\/totallubri.com.br\/index.php?rest_route=\/wp\/v2\/media\/2843"}],"wp:attachment":[{"href":"https:\/\/totallubri.com.br\/index.php?rest_route=%2Fwp%2Fv2%2Fmedia&parent=2841"}],"wp:term":[{"taxonomy":"product_brand","embeddable":true,"href":"https:\/\/totallubri.com.br\/index.php?rest_route=%2Fwp%2Fv2%2Fproduct_brand&post=2841"},{"taxonomy":"product_cat","embeddable":true,"href":"https:\/\/totallubri.com.br\/index.php?rest_route=%2Fwp%2Fv2%2Fproduct_cat&post=2841"},{"taxonomy":"product_tag","embeddable":true,"href":"https:\/\/totallubri.com.br\/index.php?rest_route=%2Fwp%2Fv2%2Fproduct_tag&post=2841"}],"curies":[{"name":"wp","href":"https:\/\/api.w.org\/{rel}","templated":true}]}}