{"id":2845,"date":"2016-12-22T11:27:14","date_gmt":"2016-12-22T13:27:14","guid":{"rendered":"http:\/\/totallubri.com.br\/wp\/?post_type=product&#038;p=2845"},"modified":"2024-11-30T15:45:28","modified_gmt":"2024-11-30T18:45:28","slug":"medidor-digital-2120-al-piusi","status":"publish","type":"product","link":"https:\/\/totallubri.com.br\/?product=medidor-digital-2120-al-piusi","title":{"rendered":"Medidor Digital &#8211; 2120-AL &#8211; PIUSI"},"content":{"rendered":"<p>Medidor digital da marca l\u00edder mundial em medi\u00e7\u00e3o Piusi, 2 anos de garantia, uso indicado em linha e n\u00e3o em ponta da mangueira.<\/p>\n<p>Descri\u00e7\u00e3o:Medidor Digital<br \/>\nEm alum\u00ednio, turbina de polipropileno, bidirecional, para \u00f3leo diesel, gasolina, querosene, etanol e \u00e1gua.<br \/>\nVaz\u00e3o livre 07 a 120 L\/min<br \/>\nPress\u00e3o m\u00e1xima de opera\u00e7\u00e3o 300 PSI<br \/>\nEntrada e sa\u00edda 1&#8243; BSP<br \/>\nSistema de medi\u00e7\u00e3o turbina<\/p>\n<p>Peso 400 g<br \/>\nMedidas (A) 112,5 mm x (L) 75 mm<\/p>\n","protected":false},"excerpt":{"rendered":"<p>Medidor digital da marca l\u00edder mundial em medi\u00e7\u00e3o Piusi, 2 anos de garantia, uso indicado em linha e n\u00e3o em ponta da mangueira. Descri\u00e7\u00e3o:Medidor Digital Em alum\u00ednio, turbina de polipropileno, bidirecional, para \u00f3leo diesel, gasolina, querosene, etanol e \u00e1gua. Vaz\u00e3o livre 07 a 120 L\/min Press\u00e3o m\u00e1xima de opera\u00e7\u00e3o 300 PSI Entrada e sa\u00edda 1&#8243; [&hellip;]<\/p>\n","protected":false},"featured_media":2847,"comment_status":"open","ping_status":"closed","template":"","meta":{"_exactmetrics_skip_tracking":false,"_exactmetrics_sitenote_active":false,"_exactmetrics_sitenote_note":"","_exactmetrics_sitenote_category":0},"product_brand":[],"product_cat":[108],"product_tag":[],"class_list":{"0":"post-2845","1":"product","2":"type-product","3":"status-publish","4":"has-post-thumbnail","6":"product_cat-medidor-digital","8":"first","9":"instock","10":"shipping-taxable","11":"product-type-simple"},"_links":{"self":[{"href":"https:\/\/totallubri.com.br\/index.php?rest_route=\/wp\/v2\/product\/2845","targetHints":{"allow":["GET"]}}],"collection":[{"href":"https:\/\/totallubri.com.br\/index.php?rest_route=\/wp\/v2\/product"}],"about":[{"href":"https:\/\/totallubri.com.br\/index.php?rest_route=\/wp\/v2\/types\/product"}],"replies":[{"embeddable":true,"href":"https:\/\/totallubri.com.br\/index.php?rest_route=%2Fwp%2Fv2%2Fcomments&post=2845"}],"wp:featuredmedia":[{"embeddable":true,"href":"https:\/\/totallubri.com.br\/index.php?rest_route=\/wp\/v2\/media\/2847"}],"wp:attachment":[{"href":"https:\/\/totallubri.com.br\/index.php?rest_route=%2Fwp%2Fv2%2Fmedia&parent=2845"}],"wp:term":[{"taxonomy":"product_brand","embeddable":true,"href":"https:\/\/totallubri.com.br\/index.php?rest_route=%2Fwp%2Fv2%2Fproduct_brand&post=2845"},{"taxonomy":"product_cat","embeddable":true,"href":"https:\/\/totallubri.com.br\/index.php?rest_route=%2Fwp%2Fv2%2Fproduct_cat&post=2845"},{"taxonomy":"product_tag","embeddable":true,"href":"https:\/\/totallubri.com.br\/index.php?rest_route=%2Fwp%2Fv2%2Fproduct_tag&post=2845"}],"curies":[{"name":"wp","href":"https:\/\/api.w.org\/{rel}","templated":true}]}}