{"id":2858,"date":"2016-12-22T11:33:07","date_gmt":"2016-12-22T13:33:07","guid":{"rendered":"http:\/\/totallubri.com.br\/wp\/?post_type=product&#038;p=2858"},"modified":"2016-12-22T11:33:07","modified_gmt":"2016-12-22T13:33:07","slug":"extensao-flexivel-5-m-1969-50-lupus","status":"publish","type":"product","link":"https:\/\/totallubri.com.br\/?product=extensao-flexivel-5-m-1969-50-lupus","title":{"rendered":"Extens\u00e3o Flex\u00edvel 5 m &#8211; 1969-50 &#8211; Lupus"},"content":{"rendered":"<p>Ideal para trabalhos com Graxa, j\u00e1 \u00e9 montada com terminais e 5 metros de extens\u00e3o, trabalhamos com outras medidas.<\/p>\n<p>Descri\u00e7\u00e3o:Extensao Flexivel<br \/>\nMangueira hidr\u00e1ulica 1\/4&#8243; 1 trama 100R1, prensada com terminais, para trabalhos com bombas manuais e comandos de graxa.<\/p>\n<p>Comprimento linear 5mts<br \/>\nEntrada 3\/8&#8243; NPT \/ macho<br \/>\nSa\u00edda 1\/8&#8243; NPT\/ f\u00eamea<\/p>\n<p>Peso 2,2 kg<br \/>\nMedidas (C) 5m x 1\/8&#8243;<\/p>\n","protected":false},"excerpt":{"rendered":"<p>Ideal para trabalhos com Graxa, j\u00e1 \u00e9 montada com terminais e 5 metros de extens\u00e3o, trabalhamos com outras medidas. Descri\u00e7\u00e3o:Extensao Flexivel Mangueira hidr\u00e1ulica 1\/4&#8243; 1 trama 100R1, prensada com terminais, para trabalhos com bombas manuais e comandos de graxa. Comprimento linear 5mts Entrada 3\/8&#8243; NPT \/ macho Sa\u00edda 1\/8&#8243; NPT\/ f\u00eamea Peso 2,2 kg Medidas [&hellip;]<\/p>\n","protected":false},"featured_media":2860,"comment_status":"open","ping_status":"closed","template":"","meta":{"_exactmetrics_skip_tracking":false,"_exactmetrics_sitenote_active":false,"_exactmetrics_sitenote_note":"","_exactmetrics_sitenote_category":0},"product_brand":[],"product_cat":[56],"product_tag":[],"class_list":{"0":"post-2858","1":"product","2":"type-product","3":"status-publish","4":"has-post-thumbnail","6":"product_cat-graxa","8":"first","9":"instock","10":"shipping-taxable","11":"product-type-simple"},"_links":{"self":[{"href":"https:\/\/totallubri.com.br\/index.php?rest_route=\/wp\/v2\/product\/2858","targetHints":{"allow":["GET"]}}],"collection":[{"href":"https:\/\/totallubri.com.br\/index.php?rest_route=\/wp\/v2\/product"}],"about":[{"href":"https:\/\/totallubri.com.br\/index.php?rest_route=\/wp\/v2\/types\/product"}],"replies":[{"embeddable":true,"href":"https:\/\/totallubri.com.br\/index.php?rest_route=%2Fwp%2Fv2%2Fcomments&post=2858"}],"wp:featuredmedia":[{"embeddable":true,"href":"https:\/\/totallubri.com.br\/index.php?rest_route=\/wp\/v2\/media\/2860"}],"wp:attachment":[{"href":"https:\/\/totallubri.com.br\/index.php?rest_route=%2Fwp%2Fv2%2Fmedia&parent=2858"}],"wp:term":[{"taxonomy":"product_brand","embeddable":true,"href":"https:\/\/totallubri.com.br\/index.php?rest_route=%2Fwp%2Fv2%2Fproduct_brand&post=2858"},{"taxonomy":"product_cat","embeddable":true,"href":"https:\/\/totallubri.com.br\/index.php?rest_route=%2Fwp%2Fv2%2Fproduct_cat&post=2858"},{"taxonomy":"product_tag","embeddable":true,"href":"https:\/\/totallubri.com.br\/index.php?rest_route=%2Fwp%2Fv2%2Fproduct_tag&post=2858"}],"curies":[{"name":"wp","href":"https:\/\/api.w.org\/{rel}","templated":true}]}}