{"id":2864,"date":"2016-12-22T11:34:35","date_gmt":"2016-12-22T13:34:35","guid":{"rendered":"http:\/\/totallubri.com.br\/wp\/?post_type=product&#038;p=2864"},"modified":"2024-11-21T15:23:39","modified_gmt":"2024-11-21T18:23:39","slug":"bomba-de-transferencia-manual-rotativa-9008-a","status":"publish","type":"product","link":"https:\/\/totallubri.com.br\/?product=bomba-de-transferencia-manual-rotativa-9008-a","title":{"rendered":"Bomba de Transfer\u00eancia Manual Rotativa \u2013 9008-A-LUPUS"},"content":{"rendered":"<p>Descri\u00e7\u00e3o:Bomba de Transfer\u00eancia Manual Rotativa<br \/>\nEm alum\u00ednio, adapt\u00e1vel a tambores, para aguarraz mineral, gasolina branca, \u00f3leo diesel, querosene e lubrificantes leves (at\u00e9 SAE 90).<\/p>\n<p>Vaz\u00e3o livre 250 ml\/ciclo<br \/>\nMangueira n\u00e3o acompanha<\/p>\n<p>Peso 3,4 kg<br \/>\nMedidas (A) 1270 mm x (L) 195 mm<\/p>\n","protected":false},"excerpt":{"rendered":"<p>Descri\u00e7\u00e3o:Bomba de Transfer\u00eancia Manual Rotativa Em alum\u00ednio, adapt\u00e1vel a tambores, para aguarraz mineral, gasolina branca, \u00f3leo diesel, querosene e lubrificantes leves (at\u00e9 SAE 90). Vaz\u00e3o livre 250 ml\/ciclo Mangueira n\u00e3o acompanha Peso 3,4 kg Medidas (A) 1270 mm x (L) 195 mm<\/p>\n","protected":false},"featured_media":2865,"comment_status":"open","ping_status":"closed","template":"","meta":{"_exactmetrics_skip_tracking":false,"_exactmetrics_sitenote_active":false,"_exactmetrics_sitenote_note":"","_exactmetrics_sitenote_category":0},"product_brand":[],"product_cat":[99],"product_tag":[],"class_list":{"0":"post-2864","1":"product","2":"type-product","3":"status-publish","4":"has-post-thumbnail","6":"product_cat-bomba-manual-para-liquidos","8":"first","9":"instock","10":"shipping-taxable","11":"product-type-simple"},"_links":{"self":[{"href":"https:\/\/totallubri.com.br\/index.php?rest_route=\/wp\/v2\/product\/2864","targetHints":{"allow":["GET"]}}],"collection":[{"href":"https:\/\/totallubri.com.br\/index.php?rest_route=\/wp\/v2\/product"}],"about":[{"href":"https:\/\/totallubri.com.br\/index.php?rest_route=\/wp\/v2\/types\/product"}],"replies":[{"embeddable":true,"href":"https:\/\/totallubri.com.br\/index.php?rest_route=%2Fwp%2Fv2%2Fcomments&post=2864"}],"wp:featuredmedia":[{"embeddable":true,"href":"https:\/\/totallubri.com.br\/index.php?rest_route=\/wp\/v2\/media\/2865"}],"wp:attachment":[{"href":"https:\/\/totallubri.com.br\/index.php?rest_route=%2Fwp%2Fv2%2Fmedia&parent=2864"}],"wp:term":[{"taxonomy":"product_brand","embeddable":true,"href":"https:\/\/totallubri.com.br\/index.php?rest_route=%2Fwp%2Fv2%2Fproduct_brand&post=2864"},{"taxonomy":"product_cat","embeddable":true,"href":"https:\/\/totallubri.com.br\/index.php?rest_route=%2Fwp%2Fv2%2Fproduct_cat&post=2864"},{"taxonomy":"product_tag","embeddable":true,"href":"https:\/\/totallubri.com.br\/index.php?rest_route=%2Fwp%2Fv2%2Fproduct_tag&post=2864"}],"curies":[{"name":"wp","href":"https:\/\/api.w.org\/{rel}","templated":true}]}}