{"id":2881,"date":"2016-12-22T11:40:17","date_gmt":"2016-12-22T13:40:17","guid":{"rendered":"http:\/\/totallubri.com.br\/wp\/?post_type=product&#038;p=2881"},"modified":"2024-11-21T15:18:31","modified_gmt":"2024-11-21T18:18:31","slug":"bomba-de-transferencia-manual-alavanca-9009-os","status":"publish","type":"product","link":"https:\/\/totallubri.com.br\/?product=bomba-de-transferencia-manual-alavanca-9009-os","title":{"rendered":"Bomba de transfer\u00eancia manual alavanca \u2013 9009-OS -LUPUS"},"content":{"rendered":"<p>Descri\u00e7\u00e3o: Bomba de transfer\u00eancia manual alavanca<\/p>\n<p>Em a\u00e7o, adapt\u00e1vel a tambores, para lubrificantes leves e de alta viscosidade (SAE 90 \u00e0 40\u00b0C), \u00f3leo diesel e querosene, pode ser montada de 4 maneiras com vaz\u00e3o vari\u00e1vel.<\/p>\n<p>Vaz\u00e3o livre 100\/ 150\/ 200\/ 250 ml\/ ciclo<br \/>\nMangueira n\u00e3o acompanha<br \/>\nAdaptador 2&#8243;\/ para tambor 200 L<\/p>\n<p>Peso 4,2 kg<br \/>\nMedidas (A) 1110 mm x (L) 500 mm<\/p>\n","protected":false},"excerpt":{"rendered":"<p>Descri\u00e7\u00e3o: Bomba de transfer\u00eancia manual alavanca Em a\u00e7o, adapt\u00e1vel a tambores, para lubrificantes leves e de alta viscosidade (SAE 90 \u00e0 40\u00b0C), \u00f3leo diesel e querosene, pode ser montada de 4 maneiras com vaz\u00e3o vari\u00e1vel. Vaz\u00e3o livre 100\/ 150\/ 200\/ 250 ml\/ ciclo Mangueira n\u00e3o acompanha Adaptador 2&#8243;\/ para tambor 200 L Peso 4,2 kg [&hellip;]<\/p>\n","protected":false},"featured_media":2884,"comment_status":"open","ping_status":"closed","template":"","meta":{"_exactmetrics_skip_tracking":false,"_exactmetrics_sitenote_active":false,"_exactmetrics_sitenote_note":"","_exactmetrics_sitenote_category":0},"product_brand":[],"product_cat":[99],"product_tag":[],"class_list":{"0":"post-2881","1":"product","2":"type-product","3":"status-publish","4":"has-post-thumbnail","6":"product_cat-bomba-manual-para-liquidos","8":"first","9":"instock","10":"shipping-taxable","11":"product-type-simple"},"_links":{"self":[{"href":"https:\/\/totallubri.com.br\/index.php?rest_route=\/wp\/v2\/product\/2881","targetHints":{"allow":["GET"]}}],"collection":[{"href":"https:\/\/totallubri.com.br\/index.php?rest_route=\/wp\/v2\/product"}],"about":[{"href":"https:\/\/totallubri.com.br\/index.php?rest_route=\/wp\/v2\/types\/product"}],"replies":[{"embeddable":true,"href":"https:\/\/totallubri.com.br\/index.php?rest_route=%2Fwp%2Fv2%2Fcomments&post=2881"}],"wp:featuredmedia":[{"embeddable":true,"href":"https:\/\/totallubri.com.br\/index.php?rest_route=\/wp\/v2\/media\/2884"}],"wp:attachment":[{"href":"https:\/\/totallubri.com.br\/index.php?rest_route=%2Fwp%2Fv2%2Fmedia&parent=2881"}],"wp:term":[{"taxonomy":"product_brand","embeddable":true,"href":"https:\/\/totallubri.com.br\/index.php?rest_route=%2Fwp%2Fv2%2Fproduct_brand&post=2881"},{"taxonomy":"product_cat","embeddable":true,"href":"https:\/\/totallubri.com.br\/index.php?rest_route=%2Fwp%2Fv2%2Fproduct_cat&post=2881"},{"taxonomy":"product_tag","embeddable":true,"href":"https:\/\/totallubri.com.br\/index.php?rest_route=%2Fwp%2Fv2%2Fproduct_tag&post=2881"}],"curies":[{"name":"wp","href":"https:\/\/api.w.org\/{rel}","templated":true}]}}