{"id":2885,"date":"2016-12-22T11:41:15","date_gmt":"2016-12-22T13:41:15","guid":{"rendered":"http:\/\/totallubri.com.br\/wp\/?post_type=product&#038;p=2885"},"modified":"2024-11-21T15:12:42","modified_gmt":"2024-11-21T18:12:42","slug":"bomba-de-transferencia-manual-alavanca-9009","status":"publish","type":"product","link":"https:\/\/totallubri.com.br\/?product=bomba-de-transferencia-manual-alavanca-9009","title":{"rendered":"Bomba de transfer\u00eancia manual alavanca &#8211; 9009 &#8211; Lupus"},"content":{"rendered":"<p>Bomba muito vers\u00e1til a qual o cliente tem possibilidade de us\u00e1-la para transfer\u00eancia de Oleo Lubrificante.<\/p>\n<p>Descri\u00e7\u00e3o: Bomba de transfer\u00eancia manual alavanca<\/p>\n<p>Em a\u00e7o, adapt\u00e1vel a tambores, para lubrificantes leves (SAE 90 \u00e0 40\u00b0C), \u00f3leo diesel e querosene.<\/p>\n<p>Vaz\u00e3o livre 350 ml\/ ciclo<br \/>\nMangueira n\u00e3o acompanha<\/p>\n<p>Peso 3,4 kg<br \/>\nMedidas (A) 1110 mm x (L) 460 mm<\/p>\n","protected":false},"excerpt":{"rendered":"<p>Bomba muito vers\u00e1til a qual o cliente tem possibilidade de us\u00e1-la para transfer\u00eancia de Oleo Lubrificante. Descri\u00e7\u00e3o: Bomba de transfer\u00eancia manual alavanca Em a\u00e7o, adapt\u00e1vel a tambores, para lubrificantes leves (SAE 90 \u00e0 40\u00b0C), \u00f3leo diesel e querosene. Vaz\u00e3o livre 350 ml\/ ciclo Mangueira n\u00e3o acompanha Peso 3,4 kg Medidas (A) 1110 mm x (L) [&hellip;]<\/p>\n","protected":false},"featured_media":2887,"comment_status":"open","ping_status":"closed","template":"","meta":{"_exactmetrics_skip_tracking":false,"_exactmetrics_sitenote_active":false,"_exactmetrics_sitenote_note":"","_exactmetrics_sitenote_category":0},"product_brand":[],"product_cat":[99],"product_tag":[],"class_list":{"0":"post-2885","1":"product","2":"type-product","3":"status-publish","4":"has-post-thumbnail","6":"product_cat-bomba-manual-para-liquidos","8":"first","9":"instock","10":"shipping-taxable","11":"product-type-simple"},"_links":{"self":[{"href":"https:\/\/totallubri.com.br\/index.php?rest_route=\/wp\/v2\/product\/2885","targetHints":{"allow":["GET"]}}],"collection":[{"href":"https:\/\/totallubri.com.br\/index.php?rest_route=\/wp\/v2\/product"}],"about":[{"href":"https:\/\/totallubri.com.br\/index.php?rest_route=\/wp\/v2\/types\/product"}],"replies":[{"embeddable":true,"href":"https:\/\/totallubri.com.br\/index.php?rest_route=%2Fwp%2Fv2%2Fcomments&post=2885"}],"wp:featuredmedia":[{"embeddable":true,"href":"https:\/\/totallubri.com.br\/index.php?rest_route=\/wp\/v2\/media\/2887"}],"wp:attachment":[{"href":"https:\/\/totallubri.com.br\/index.php?rest_route=%2Fwp%2Fv2%2Fmedia&parent=2885"}],"wp:term":[{"taxonomy":"product_brand","embeddable":true,"href":"https:\/\/totallubri.com.br\/index.php?rest_route=%2Fwp%2Fv2%2Fproduct_brand&post=2885"},{"taxonomy":"product_cat","embeddable":true,"href":"https:\/\/totallubri.com.br\/index.php?rest_route=%2Fwp%2Fv2%2Fproduct_cat&post=2885"},{"taxonomy":"product_tag","embeddable":true,"href":"https:\/\/totallubri.com.br\/index.php?rest_route=%2Fwp%2Fv2%2Fproduct_tag&post=2885"}],"curies":[{"name":"wp","href":"https:\/\/api.w.org\/{rel}","templated":true}]}}