{"id":2886,"date":"2016-12-22T11:41:22","date_gmt":"2016-12-22T13:41:22","guid":{"rendered":"http:\/\/totallubri.com.br\/wp\/?post_type=product&#038;p=2886"},"modified":"2025-01-19T21:01:39","modified_gmt":"2025-01-20T00:01:39","slug":"graxeira-curva-45o-1022-lupus","status":"publish","type":"product","link":"https:\/\/totallubri.com.br\/?product=graxeira-curva-45o-1022-lupus","title":{"rendered":"Graxeira Curva 45\u00ba &#8211; 1022 -Lupus"},"content":{"rendered":"<p>Pinos Graxeiros facilitam a Introdu\u00e7\u00e3o da Graxa nos equipamentos e evitam a entrada de Poeira e umidade, evitando contamina\u00e7\u00e3o.Trabalhamos com v\u00e1rios tipos, marcas e medidas, efetuamos a convers\u00e3o entre fabricantes. Consulte-nos.<\/p>\n<p>Descri\u00e7\u00e3o:Graxeira Curva 45\u00ba<br \/>\nEm a\u00e7o galvanizado.<\/p>\n<p>Rosca 7\/16&#8243; NPT<br \/>\nEmbalagem 100 unidades<\/p>\n<p>Peso 11 g<br \/>\nMedidas (A) 22,5 mm x (L) 19,8 mm<\/p>\n","protected":false},"excerpt":{"rendered":"<p>Pinos Graxeiros facilitam a Introdu\u00e7\u00e3o da Graxa nos equipamentos e evitam a entrada de Poeira e umidade, evitando contamina\u00e7\u00e3o.Trabalhamos com v\u00e1rios tipos, marcas e medidas, efetuamos a convers\u00e3o entre fabricantes. Consulte-nos. Descri\u00e7\u00e3o:Graxeira Curva 45\u00ba Em a\u00e7o galvanizado. Rosca 7\/16&#8243; NPT Embalagem 100 unidades Peso 11 g Medidas (A) 22,5 mm x (L) 19,8 mm<\/p>\n","protected":false},"featured_media":2888,"comment_status":"open","ping_status":"closed","template":"","meta":{"_exactmetrics_skip_tracking":false,"_exactmetrics_sitenote_active":false,"_exactmetrics_sitenote_note":"","_exactmetrics_sitenote_category":0},"product_brand":[],"product_cat":[130],"product_tag":[],"class_list":{"0":"post-2886","1":"product","2":"type-product","3":"status-publish","4":"has-post-thumbnail","6":"product_cat-itens-para-manutencao-em-geral","8":"first","9":"instock","10":"shipping-taxable","11":"product-type-simple"},"_links":{"self":[{"href":"https:\/\/totallubri.com.br\/index.php?rest_route=\/wp\/v2\/product\/2886","targetHints":{"allow":["GET"]}}],"collection":[{"href":"https:\/\/totallubri.com.br\/index.php?rest_route=\/wp\/v2\/product"}],"about":[{"href":"https:\/\/totallubri.com.br\/index.php?rest_route=\/wp\/v2\/types\/product"}],"replies":[{"embeddable":true,"href":"https:\/\/totallubri.com.br\/index.php?rest_route=%2Fwp%2Fv2%2Fcomments&post=2886"}],"wp:featuredmedia":[{"embeddable":true,"href":"https:\/\/totallubri.com.br\/index.php?rest_route=\/wp\/v2\/media\/2888"}],"wp:attachment":[{"href":"https:\/\/totallubri.com.br\/index.php?rest_route=%2Fwp%2Fv2%2Fmedia&parent=2886"}],"wp:term":[{"taxonomy":"product_brand","embeddable":true,"href":"https:\/\/totallubri.com.br\/index.php?rest_route=%2Fwp%2Fv2%2Fproduct_brand&post=2886"},{"taxonomy":"product_cat","embeddable":true,"href":"https:\/\/totallubri.com.br\/index.php?rest_route=%2Fwp%2Fv2%2Fproduct_cat&post=2886"},{"taxonomy":"product_tag","embeddable":true,"href":"https:\/\/totallubri.com.br\/index.php?rest_route=%2Fwp%2Fv2%2Fproduct_tag&post=2886"}],"curies":[{"name":"wp","href":"https:\/\/api.w.org\/{rel}","templated":true}]}}