{"id":2898,"date":"2016-12-22T11:45:34","date_gmt":"2016-12-22T13:45:34","guid":{"rendered":"http:\/\/totallubri.com.br\/wp\/?post_type=product&#038;p=2898"},"modified":"2024-11-22T10:49:22","modified_gmt":"2024-11-22T13:49:22","slug":"bomba-manual-para-oleo-lubrificante-9007","status":"publish","type":"product","link":"https:\/\/totallubri.com.br\/?product=bomba-manual-para-oleo-lubrificante-9007","title":{"rendered":"Bomba manual para \u00f3leo lubrificante \u2013 9007-LUPUS"},"content":{"rendered":"<p>Utilizada para trabalhos manuais, f\u00e1cil de utilizar, f\u00e1cil para transportar ,e est\u00e1 dispon\u00edvel em sistema de Alavanca, uso deslocando a alavanca para o bombeamento do \u00f3leo.<\/p>\n<p>Descri\u00e7\u00e3o: Bomba manual para \u00f3leo lubrificante<\/p>\n<p>Em chapa de a\u00e7o, com mangueira para abastecimento e bengala.<\/p>\n<p>Capacidade 12 L<br \/>\nVaz\u00e3o livre 125 ml\/ciclo<br \/>\nPress\u00e3o m\u00e1xima de opera\u00e7\u00e3o 50 PSI<br \/>\nMangueira 1,3 m<\/p>\n<p>Peso 5 kg<br \/>\nMedidas (A) 260 mm x (L) 420 mm<\/p>\n","protected":false},"excerpt":{"rendered":"<p>Utilizada para trabalhos manuais, f\u00e1cil de utilizar, f\u00e1cil para transportar ,e est\u00e1 dispon\u00edvel em sistema de Alavanca, uso deslocando a alavanca para o bombeamento do \u00f3leo. Descri\u00e7\u00e3o: Bomba manual para \u00f3leo lubrificante Em chapa de a\u00e7o, com mangueira para abastecimento e bengala. Capacidade 12 L Vaz\u00e3o livre 125 ml\/ciclo Press\u00e3o m\u00e1xima de opera\u00e7\u00e3o 50 PSI [&hellip;]<\/p>\n","protected":false},"featured_media":2900,"comment_status":"open","ping_status":"closed","template":"","meta":{"_exactmetrics_skip_tracking":false,"_exactmetrics_sitenote_active":false,"_exactmetrics_sitenote_note":"","_exactmetrics_sitenote_category":0},"product_brand":[],"product_cat":[99],"product_tag":[],"class_list":{"0":"post-2898","1":"product","2":"type-product","3":"status-publish","4":"has-post-thumbnail","6":"product_cat-bomba-manual-para-liquidos","8":"first","9":"instock","10":"shipping-taxable","11":"product-type-simple"},"_links":{"self":[{"href":"https:\/\/totallubri.com.br\/index.php?rest_route=\/wp\/v2\/product\/2898","targetHints":{"allow":["GET"]}}],"collection":[{"href":"https:\/\/totallubri.com.br\/index.php?rest_route=\/wp\/v2\/product"}],"about":[{"href":"https:\/\/totallubri.com.br\/index.php?rest_route=\/wp\/v2\/types\/product"}],"replies":[{"embeddable":true,"href":"https:\/\/totallubri.com.br\/index.php?rest_route=%2Fwp%2Fv2%2Fcomments&post=2898"}],"wp:featuredmedia":[{"embeddable":true,"href":"https:\/\/totallubri.com.br\/index.php?rest_route=\/wp\/v2\/media\/2900"}],"wp:attachment":[{"href":"https:\/\/totallubri.com.br\/index.php?rest_route=%2Fwp%2Fv2%2Fmedia&parent=2898"}],"wp:term":[{"taxonomy":"product_brand","embeddable":true,"href":"https:\/\/totallubri.com.br\/index.php?rest_route=%2Fwp%2Fv2%2Fproduct_brand&post=2898"},{"taxonomy":"product_cat","embeddable":true,"href":"https:\/\/totallubri.com.br\/index.php?rest_route=%2Fwp%2Fv2%2Fproduct_cat&post=2898"},{"taxonomy":"product_tag","embeddable":true,"href":"https:\/\/totallubri.com.br\/index.php?rest_route=%2Fwp%2Fv2%2Fproduct_tag&post=2898"}],"curies":[{"name":"wp","href":"https:\/\/api.w.org\/{rel}","templated":true}]}}